{"id":101,"date":"2025-06-16T14:47:21","date_gmt":"2025-06-16T12:47:21","guid":{"rendered":"https:\/\/nsi.ci\/caravane-de-lexcellence-du-gbeke\/"},"modified":"2025-06-21T15:18:18","modified_gmt":"2025-06-21T13:18:18","slug":"caravane-de-lexcellence-du-gbeke","status":"publish","type":"page","link":"https:\/\/nsi.ci\/en\/caravane-de-lexcellence-du-gbeke\/","title":{"rendered":"Caravane de l&rsquo;Excellence du Gb\u00eake"},"content":{"rendered":"<div data-elementor-type=\"wp-page\" data-elementor-id=\"101\" class=\"elementor elementor-101\" data-elementor-post-type=\"page\">\n\t\t\t\t<div class=\"elementor-element elementor-element-245a316f e-con-full e-flex elementor-invisible e-con e-parent\" data-id=\"245a316f\" data-element_type=\"container\" data-e-type=\"container\" data-settings=\"{&quot;background_background&quot;:&quot;classic&quot;,&quot;animation&quot;:&quot;zoomIn&quot;}\">\n\t\t\t\t<div class=\"elementor-element elementor-element-1d4410f5 elementor-widget elementor-widget-image-carousel\" data-id=\"1d4410f5\" data-element_type=\"widget\" data-e-type=\"widget\" data-settings=\"{&quot;slides_to_show&quot;:&quot;2&quot;,&quot;navigation&quot;:&quot;Images du projet&quot;,&quot;pause_on_hover&quot;:&quot;no&quot;,&quot;pause_on_interaction&quot;:&quot;no&quot;,&quot;autoplay_speed&quot;:1000,&quot;speed&quot;:1000,&quot;autoplay&quot;:&quot;yes&quot;,&quot;infinite&quot;:&quot;yes&quot;}\" data-widget_type=\"image-carousel.default\">\n\t\t\t\t<div class=\"elementor-widget-container\">\n\t\t\t\t\t\t\t<div class=\"elementor-image-carousel-wrapper swiper\" role=\"region\" aria-roledescription=\"carousel\" aria-label=\"Carrousel d\u2019images\" dir=\"ltr\">\n\t\t\t<div class=\"elementor-image-carousel swiper-wrapper\" aria-live=\"off\">\n\t\t\t\t\t\t\t\t<div class=\"swiper-slide\" role=\"group\" aria-roledescription=\"slide\" aria-label=\"1 sur 3\"><figure class=\"swiper-slide-inner\"><img decoding=\"async\" class=\"swiper-slide-image\" src=\"\" alt=\"\" \/><\/figure><\/div><div class=\"swiper-slide\" role=\"group\" aria-roledescription=\"slide\" aria-label=\"2 sur 3\"><figure class=\"swiper-slide-inner\"><img decoding=\"async\" class=\"swiper-slide-image\" src=\"\" alt=\"\" \/><\/figure><\/div><div class=\"swiper-slide\" role=\"group\" aria-roledescription=\"slide\" aria-label=\"3 sur 3\"><figure class=\"swiper-slide-inner\"><img decoding=\"async\" class=\"swiper-slide-image\" src=\"\" alt=\"\" \/><\/figure><\/div>\t\t\t<\/div>\n\t\t\t\t\t\t\t\n\t\t\t\t\t\t\t\t\t<\/div>\n\t\t\t\t\t\t<\/div>\n\t\t\t\t<\/div>\n\t\t\t\t<\/div>\n\t\t<div class=\"elementor-element elementor-element-2d5401e3 e-flex e-con-boxed e-con e-parent\" data-id=\"2d5401e3\" data-element_type=\"container\" data-e-type=\"container\">\n\t\t\t\t\t<div class=\"e-con-inner\">\n\t\t<div class=\"elementor-element elementor-element-4c6f8b1c e-con-full e-flex e-con e-child\" data-id=\"4c6f8b1c\" data-element_type=\"container\" data-e-type=\"container\">\n\t\t\t\t<div class=\"elementor-element elementor-element-5019b708 elementor-widget elementor-widget-heading\" data-id=\"5019b708\" data-element_type=\"widget\" data-e-type=\"widget\" data-widget_type=\"heading.default\">\n\t\t\t\t<div class=\"elementor-widget-container\">\n\t\t\t\t\t<h1 class=\"elementor-heading-title elementor-size-default\">Presentation<\/h1>\t\t\t\t<\/div>\n\t\t\t\t<\/div>\n\t\t\t\t<div class=\"elementor-element elementor-element-5b72eb94 elementor-widget elementor-widget-text-editor\" data-id=\"5b72eb94\" data-element_type=\"widget\" data-e-type=\"widget\" data-widget_type=\"text-editor.default\">\n\t\t\t\t<div class=\"elementor-widget-container\">\n\t\t\t\t\t\t\t\t\t<p>This ceremony aims to reward the best performers in their respective fields. All those who strive to offer the best of themselves to the community through their work deserve to be congratulated. They should receive support in the form of scholarships or assistance to help young people.<\/p><p>Competitors include players from the retail, catering, tourism, education, sports, agriculture, livestock farming, transport, and hotel industries, focusing on the theme of cohesion in the departments of B\u00e9oumi, Sakassou, Bodokro, and Bouak\u00e9.<\/p>\t\t\t\t\t\t\t\t<\/div>\n\t\t\t\t<\/div>\n\t\t\t\t<\/div>\n\t\t\t\t\t<\/div>\n\t\t\t\t<\/div>\n\t\t<div class=\"elementor-element elementor-element-e2c3623 e-flex e-con-boxed e-con e-parent\" data-id=\"e2c3623\" data-element_type=\"container\" data-e-type=\"container\">\n\t\t\t\t\t<div class=\"e-con-inner\">\n\t\t\t\t<div class=\"elementor-element elementor-element-9e80ded elementor-widget elementor-widget-heading\" data-id=\"9e80ded\" data-element_type=\"widget\" data-e-type=\"widget\" data-widget_type=\"heading.default\">\n\t\t\t\t<div class=\"elementor-widget-container\">\n\t\t\t\t\t<h2 class=\"elementor-heading-title elementor-size-default\">Gallery<\/h2>\t\t\t\t<\/div>\n\t\t\t\t<\/div>\n\t\t\t\t<div class=\"elementor-element elementor-element-f4c4951 elementor-widget elementor-widget-ucaddon_uc_tiles_grid_image\" data-id=\"f4c4951\" data-element_type=\"widget\" data-e-type=\"widget\" data-widget_type=\"ucaddon_uc_tiles_grid_image.default\">\n\t\t\t\t<div class=\"elementor-widget-container\">\n\t\t\t\t\t\n<!-- start Tile Gallery -->\n\t\t<link id='font-awesome-css' href='https:\/\/nsi.ci\/wp-content\/plugins\/unlimited-elements-for-elementor\/assets_libraries\/font-awesome6\/fontawesome-all.min.css' type='text\/css' rel='stylesheet' >\n\t\t<link id='font-awesome-4-shim-css' href='https:\/\/nsi.ci\/wp-content\/plugins\/unlimited-elements-for-elementor\/assets_libraries\/font-awesome6\/fontawesome-v4-shims.min.css' type='text\/css' rel='stylesheet' >\n\t\t<link id='unitegallery-css' href='https:\/\/nsi.ci\/wp-content\/plugins\/unlimited-elements-for-elementor\/assets_libraries\/unitegallery\/css\/unite-gallery.css' type='text\/css' rel='stylesheet' >\n\n<style>\/* widget: Tile Gallery *\/\n\n#uc_uc_tiles_grid_image_elementor_f4c4951{\n  min-height: 1px;\n  margin:0 auto;\n  direction:ltr;\n      display: none;\n  }\n\n<\/style>\n\n<div id=\"uc_uc_tiles_grid_image_elementor_f4c4951\" class=\"uc-items-wrapper\" data-custom-sethtml=\"true\" >\n  \n<img decoding=\"async\" alt=\"DSC_7898\"\n   src=\"https:\/\/nsi.ci\/wp-content\/uploads\/2025\/06\/DSC_7898-768x511.jpg\"\n    data-image=\"https:\/\/nsi.ci\/wp-content\/uploads\/2025\/06\/DSC_7898-1024x681.jpg\"\n    data-title=\"DSC_7898\">\n\n<img decoding=\"async\" alt=\"DSC_7908\"\n   src=\"https:\/\/nsi.ci\/wp-content\/uploads\/2025\/06\/DSC_7908-768x511.jpg\"\n    data-image=\"https:\/\/nsi.ci\/wp-content\/uploads\/2025\/06\/DSC_7908-1024x681.jpg\"\n    data-title=\"DSC_7908\">\n\n<img decoding=\"async\" alt=\"DSC_7916\"\n   src=\"https:\/\/nsi.ci\/wp-content\/uploads\/2025\/06\/DSC_7916-768x511.jpg\"\n    data-image=\"https:\/\/nsi.ci\/wp-content\/uploads\/2025\/06\/DSC_7916-1024x681.jpg\"\n    data-title=\"DSC_7916\">\n\n<img decoding=\"async\" alt=\"DSC_7668\"\n   src=\"https:\/\/nsi.ci\/wp-content\/uploads\/2025\/06\/DSC_7668-768x511.jpg\"\n    data-image=\"https:\/\/nsi.ci\/wp-content\/uploads\/2025\/06\/DSC_7668-1024x681.jpg\"\n    data-title=\"DSC_7668\">\n\n<img decoding=\"async\" alt=\"DSC_7705\"\n   src=\"https:\/\/nsi.ci\/wp-content\/uploads\/2025\/06\/DSC_7705-768x511.jpg\"\n    data-image=\"https:\/\/nsi.ci\/wp-content\/uploads\/2025\/06\/DSC_7705-1024x681.jpg\"\n    data-title=\"DSC_7705\">\n\n<img decoding=\"async\" alt=\"DSC_7752\"\n   src=\"https:\/\/nsi.ci\/wp-content\/uploads\/2025\/06\/DSC_7752-768x511.jpg\"\n    data-image=\"https:\/\/nsi.ci\/wp-content\/uploads\/2025\/06\/DSC_7752-1024x681.jpg\"\n    data-title=\"DSC_7752\">\n\n<img decoding=\"async\" alt=\"DSC_7781\"\n   src=\"https:\/\/nsi.ci\/wp-content\/uploads\/2025\/06\/DSC_7781-768x511.jpg\"\n    data-image=\"https:\/\/nsi.ci\/wp-content\/uploads\/2025\/06\/DSC_7781-1024x681.jpg\"\n    data-title=\"DSC_7781\">\n\n<img decoding=\"async\" alt=\"DSC_7816\"\n   src=\"https:\/\/nsi.ci\/wp-content\/uploads\/2025\/06\/DSC_7816-768x511.jpg\"\n    data-image=\"https:\/\/nsi.ci\/wp-content\/uploads\/2025\/06\/DSC_7816-1024x681.jpg\"\n    data-title=\"DSC_7816\">\n\n<img decoding=\"async\" alt=\"DSC_7866\"\n   src=\"https:\/\/nsi.ci\/wp-content\/uploads\/2025\/06\/DSC_7866-768x511.jpg\"\n    data-image=\"https:\/\/nsi.ci\/wp-content\/uploads\/2025\/06\/DSC_7866-1024x681.jpg\"\n    data-title=\"DSC_7866\">\n\n<img decoding=\"async\" alt=\"DSC_7614\"\n   src=\"https:\/\/nsi.ci\/wp-content\/uploads\/2025\/06\/DSC_7614-768x511.jpg\"\n    data-image=\"https:\/\/nsi.ci\/wp-content\/uploads\/2025\/06\/DSC_7614-1024x681.jpg\"\n    data-title=\"DSC_7614\">\n\n<img decoding=\"async\" alt=\"DSC_7621\"\n   src=\"https:\/\/nsi.ci\/wp-content\/uploads\/2025\/06\/DSC_7621-768x511.jpg\"\n    data-image=\"https:\/\/nsi.ci\/wp-content\/uploads\/2025\/06\/DSC_7621-1024x681.jpg\"\n    data-title=\"DSC_7621\">\n\n<img decoding=\"async\" alt=\"DSC_7641\"\n   src=\"https:\/\/nsi.ci\/wp-content\/uploads\/2025\/06\/DSC_7641-768x511.jpg\"\n    data-image=\"https:\/\/nsi.ci\/wp-content\/uploads\/2025\/06\/DSC_7641-1024x681.jpg\"\n    data-title=\"DSC_7641\">\n\n<img decoding=\"async\" alt=\"DSC_7562\"\n   src=\"https:\/\/nsi.ci\/wp-content\/uploads\/2025\/06\/DSC_7562-768x511.jpg\"\n    data-image=\"https:\/\/nsi.ci\/wp-content\/uploads\/2025\/06\/DSC_7562-1024x681.jpg\"\n    data-title=\"DSC_7562\">\n\n<img decoding=\"async\" alt=\"DSC_7578\"\n   src=\"https:\/\/nsi.ci\/wp-content\/uploads\/2025\/06\/DSC_7578-768x511.jpg\"\n    data-image=\"https:\/\/nsi.ci\/wp-content\/uploads\/2025\/06\/DSC_7578-1024x681.jpg\"\n    data-title=\"DSC_7578\">\n\n<img decoding=\"async\" alt=\"DSC_7592\"\n   src=\"https:\/\/nsi.ci\/wp-content\/uploads\/2025\/06\/DSC_7592-768x511.jpg\"\n    data-image=\"https:\/\/nsi.ci\/wp-content\/uploads\/2025\/06\/DSC_7592-1024x681.jpg\"\n    data-title=\"DSC_7592\">\n\n<img decoding=\"async\" alt=\"DSC_7408\"\n   src=\"https:\/\/nsi.ci\/wp-content\/uploads\/2025\/06\/DSC_7408-768x511.jpg\"\n    data-image=\"https:\/\/nsi.ci\/wp-content\/uploads\/2025\/06\/DSC_7408-1024x681.jpg\"\n    data-title=\"DSC_7408\">\n\n<img decoding=\"async\" alt=\"DSC_7455\"\n   src=\"https:\/\/nsi.ci\/wp-content\/uploads\/2025\/06\/DSC_7455-768x511.jpg\"\n    data-image=\"https:\/\/nsi.ci\/wp-content\/uploads\/2025\/06\/DSC_7455-1024x681.jpg\"\n    data-title=\"DSC_7455\">\n\n<img decoding=\"async\" alt=\"DSC_7466\"\n   src=\"https:\/\/nsi.ci\/wp-content\/uploads\/2025\/06\/DSC_7466-768x511.jpg\"\n    data-image=\"https:\/\/nsi.ci\/wp-content\/uploads\/2025\/06\/DSC_7466-1024x681.jpg\"\n    data-title=\"DSC_7466\">\n\n<img decoding=\"async\" alt=\"DSC_7094\"\n   src=\"https:\/\/nsi.ci\/wp-content\/uploads\/2025\/06\/DSC_7094-768x511.jpg\"\n    data-image=\"https:\/\/nsi.ci\/wp-content\/uploads\/2025\/06\/DSC_7094-1024x681.jpg\"\n    data-title=\"DSC_7094\">\n\n<img decoding=\"async\" alt=\"DSC_7135\"\n   src=\"https:\/\/nsi.ci\/wp-content\/uploads\/2025\/06\/DSC_7135-768x511.jpg\"\n    data-image=\"https:\/\/nsi.ci\/wp-content\/uploads\/2025\/06\/DSC_7135-1024x681.jpg\"\n    data-title=\"DSC_7135\">\n\n<img decoding=\"async\" alt=\"DSC_7182\"\n   src=\"https:\/\/nsi.ci\/wp-content\/uploads\/2025\/06\/DSC_7182-768x511.jpg\"\n    data-image=\"https:\/\/nsi.ci\/wp-content\/uploads\/2025\/06\/DSC_7182-1024x681.jpg\"\n    data-title=\"DSC_7182\">\n\n<img decoding=\"async\" alt=\"DSC_7229\"\n   src=\"https:\/\/nsi.ci\/wp-content\/uploads\/2025\/06\/DSC_7229-768x511.jpg\"\n    data-image=\"https:\/\/nsi.ci\/wp-content\/uploads\/2025\/06\/DSC_7229-1024x681.jpg\"\n    data-title=\"DSC_7229\">\n\n<img decoding=\"async\" alt=\"DSC_7260\"\n   src=\"https:\/\/nsi.ci\/wp-content\/uploads\/2025\/06\/DSC_7260-768x511.jpg\"\n    data-image=\"https:\/\/nsi.ci\/wp-content\/uploads\/2025\/06\/DSC_7260-1024x681.jpg\"\n    data-title=\"DSC_7260\">\n\n<img decoding=\"async\" alt=\"DSC_7276\"\n   src=\"https:\/\/nsi.ci\/wp-content\/uploads\/2025\/06\/DSC_7276-768x511.jpg\"\n    data-image=\"https:\/\/nsi.ci\/wp-content\/uploads\/2025\/06\/DSC_7276-1024x681.jpg\"\n    data-title=\"DSC_7276\">\n\n<img decoding=\"async\" alt=\"DSC_7339\"\n   src=\"https:\/\/nsi.ci\/wp-content\/uploads\/2025\/06\/DSC_7339-768x511.jpg\"\n    data-image=\"https:\/\/nsi.ci\/wp-content\/uploads\/2025\/06\/DSC_7339-1024x681.jpg\"\n    data-title=\"DSC_7339\">\n\n<img decoding=\"async\" alt=\"317483848_683972149761582_6675821799165753530_n-416x277\"\n   src=\"https:\/\/nsi.ci\/wp-content\/uploads\/2025\/06\/317483848_683972149761582_6675821799165753530_n-416x277-1.jpg\"\n    data-image=\"https:\/\/nsi.ci\/wp-content\/uploads\/2025\/06\/317483848_683972149761582_6675821799165753530_n-416x277-1.jpg\"\n    data-title=\"317483848_683972149761582_6675821799165753530_n-416x277\">\n\n<img decoding=\"async\" alt=\"317794855_683971769761620_764884645044048012_n-768x511\"\n   src=\"https:\/\/nsi.ci\/wp-content\/uploads\/2025\/06\/317794855_683971769761620_764884645044048012_n-768x511-1.jpg\"\n    data-image=\"https:\/\/nsi.ci\/wp-content\/uploads\/2025\/06\/317794855_683971769761620_764884645044048012_n-768x511-1.jpg\"\n    data-title=\"317794855_683971769761620_764884645044048012_n-768x511\">\n\n<img decoding=\"async\" alt=\"317845649_683971893094941_746591763006385761_n-416x277\"\n   src=\"https:\/\/nsi.ci\/wp-content\/uploads\/2025\/06\/317845649_683971893094941_746591763006385761_n-416x277-1.jpg\"\n    data-image=\"https:\/\/nsi.ci\/wp-content\/uploads\/2025\/06\/317845649_683971893094941_746591763006385761_n-416x277-1.jpg\"\n    data-title=\"317845649_683971893094941_746591763006385761_n-416x277\">\n\n<img decoding=\"async\" alt=\"317926413_683971493094981_4861250502180219852_n-416x277\"\n   src=\"https:\/\/nsi.ci\/wp-content\/uploads\/2025\/06\/317926413_683971493094981_4861250502180219852_n-416x277-1.jpg\"\n    data-image=\"https:\/\/nsi.ci\/wp-content\/uploads\/2025\/06\/317926413_683971493094981_4861250502180219852_n-416x277-1.jpg\"\n    data-title=\"317926413_683971493094981_4861250502180219852_n-416x277\">\n\n<img decoding=\"async\" alt=\"317994671_683972466428217_8536819048948438990_n-416x277\"\n   src=\"https:\/\/nsi.ci\/wp-content\/uploads\/2025\/06\/317994671_683972466428217_8536819048948438990_n-416x277-1.jpg\"\n    data-image=\"https:\/\/nsi.ci\/wp-content\/uploads\/2025\/06\/317994671_683972466428217_8536819048948438990_n-416x277-1.jpg\"\n    data-title=\"317994671_683972466428217_8536819048948438990_n-416x277\">\n  \n<\/div>\n<!-- end Tile Gallery -->\t\t\t\t<\/div>\n\t\t\t\t<\/div>\n\t\t\t\t\t<\/div>\n\t\t\t\t<\/div>\n\t\t\t\t<\/div>","protected":false},"excerpt":{"rendered":"<p>Pr\u00e9sentation Cette c\u00e9r\u00e9monie vise \u00e0 r\u00e9compenser les meilleurs qui se sont distingu\u00e9s dans leur secteur d\u2019activit\u00e9. Toutes les personnes qui se battent pour offrir le meilleur d\u2019elles aux populations \u00e0 travers leur activit\u00e9 m\u00e9ritent d\u2019\u00eatre f\u00e9licit\u00e9. Elles doivent b\u00e9n\u00e9ficier d\u2019un appui en bourse d\u2019\u00e9tude ou d\u2019aide pour accompagner les jeunes. Sont mis en comp\u00e9tition, les [&hellip;]<\/p>\n","protected":false},"author":2,"featured_media":0,"parent":0,"menu_order":0,"comment_status":"closed","ping_status":"closed","template":"","meta":{"_seopress_robots_primary_cat":"","_seopress_titles_title":"","_seopress_titles_desc":"","_seopress_robots_index":"","footnotes":""},"class_list":["post-101","page","type-page","status-publish","hentry"],"_links":{"self":[{"href":"https:\/\/nsi.ci\/en\/wp-json\/wp\/v2\/pages\/101","targetHints":{"allow":["GET"]}}],"collection":[{"href":"https:\/\/nsi.ci\/en\/wp-json\/wp\/v2\/pages"}],"about":[{"href":"https:\/\/nsi.ci\/en\/wp-json\/wp\/v2\/types\/page"}],"author":[{"embeddable":true,"href":"https:\/\/nsi.ci\/en\/wp-json\/wp\/v2\/users\/2"}],"replies":[{"embeddable":true,"href":"https:\/\/nsi.ci\/en\/wp-json\/wp\/v2\/comments?post=101"}],"version-history":[{"count":41,"href":"https:\/\/nsi.ci\/en\/wp-json\/wp\/v2\/pages\/101\/revisions"}],"predecessor-version":[{"id":2924,"href":"https:\/\/nsi.ci\/en\/wp-json\/wp\/v2\/pages\/101\/revisions\/2924"}],"wp:attachment":[{"href":"https:\/\/nsi.ci\/en\/wp-json\/wp\/v2\/media?parent=101"}],"curies":[{"name":"wp","href":"https:\/\/api.w.org\/{rel}","templated":true}]}}