{"id":104,"date":"2025-06-16T14:47:22","date_gmt":"2025-06-16T12:47:22","guid":{"rendered":"https:\/\/nsi.ci\/medias\/"},"modified":"2025-06-21T15:47:02","modified_gmt":"2025-06-21T13:47:02","slug":"medias","status":"publish","type":"page","link":"https:\/\/nsi.ci\/en\/medias\/","title":{"rendered":"M\u00e9dias"},"content":{"rendered":"<div data-elementor-type=\"wp-page\" data-elementor-id=\"104\" class=\"elementor elementor-104\" data-elementor-post-type=\"page\">\n\t\t\t\t<div class=\"elementor-element elementor-element-99d0eb4 e-con-full e-flex e-con e-parent\" data-id=\"99d0eb4\" data-element_type=\"container\" data-e-type=\"container\" data-settings=\"{&quot;background_background&quot;:&quot;classic&quot;}\">\n\t\t\t\t<\/div>\n\t\t<div class=\"elementor-element elementor-element-e1159c2 e-flex e-con-boxed e-con e-parent\" data-id=\"e1159c2\" data-element_type=\"container\" data-e-type=\"container\">\n\t\t\t\t\t<div class=\"e-con-inner\">\n\t\t<div class=\"elementor-element elementor-element-1505f694 e-con-full e-flex e-con e-child\" data-id=\"1505f694\" data-element_type=\"container\" data-e-type=\"container\">\n\t\t\t\t<div class=\"elementor-element elementor-element-8ecff91 elementor-widget elementor-widget-heading\" data-id=\"8ecff91\" data-element_type=\"widget\" data-e-type=\"widget\" data-widget_type=\"heading.default\">\n\t\t\t\t<div class=\"elementor-widget-container\">\n\t\t\t\t\t<h2 class=\"elementor-heading-title elementor-size-default\">M\u00e9dias<\/h2>\t\t\t\t<\/div>\n\t\t\t\t<\/div>\n\t\t\t\t<div class=\"elementor-element elementor-element-fbb3ad7 elementor-widget elementor-widget-text-editor\" data-id=\"fbb3ad7\" data-element_type=\"widget\" data-e-type=\"widget\" data-widget_type=\"text-editor.default\">\n\t\t\t\t<div class=\"elementor-widget-container\">\n\t\t\t\t\t\t\t\t\t<p>Nous cr\u00e9ons et diffusons du contenu qui fait \u00e9cho. Nos solutions m\u00e9dias vous permettent de toucher votre audience, l\u00e0 o\u00f9 elle est.<\/p><p>Our services:<\/p><ul><li>Relations presse &amp; partenariats m\u00e9dias<\/li><li>Cr\u00e9ation de contenu \u00e9ditorial (articles, podcasts, interviews)<\/li><li>Gestion de pr\u00e9sence m\u00e9diatique &amp; e-r\u00e9putation<\/li><\/ul>\t\t\t\t\t\t\t\t<\/div>\n\t\t\t\t<\/div>\n\t\t\t\t<div class=\"elementor-element elementor-element-7fb3ddfb elementor-widget elementor-widget-text-editor\" data-id=\"7fb3ddfb\" data-element_type=\"widget\" data-e-type=\"widget\" data-widget_type=\"text-editor.default\">\n\t\t\t\t<div class=\"elementor-widget-container\">\n\t\t\t\t\t\t\t\t\t<p><em>We amplify your voice. We create content that gets people talking.<\/em><\/p><p><em>We connect with the right media, the right audiences, and the right formats.<\/em><\/p><p><em>\u00a0<\/em><\/p><p><em>Your message deserves a stage. Let's shine a light on it.<\/em><\/p><p><em>\u00a0<\/em><\/p>\t\t\t\t\t\t\t\t<\/div>\n\t\t\t\t<\/div>\n\t\t\t\t<\/div>\n\t\t<div class=\"elementor-element elementor-element-57b4a93 e-con-full e-flex e-con e-child\" data-id=\"57b4a93\" data-element_type=\"container\" data-e-type=\"container\">\n\t\t\t\t<\/div>\n\t\t\t\t\t<\/div>\n\t\t\t\t<\/div>\n\t\t\t\t<\/div>","protected":false},"excerpt":{"rendered":"<p>M\u00e9dias Nous cr\u00e9ons et diffusons du contenu qui fait \u00e9cho. Nos solutions m\u00e9dias vous permettent de toucher votre audience, l\u00e0 o\u00f9 elle est. Nos prestations : Relations presse &amp; partenariats m\u00e9dias Cr\u00e9ation de contenu \u00e9ditorial (articles, podcasts, interviews) Gestion de pr\u00e9sence m\u00e9diatique &amp; e-r\u00e9putation On amplifie votre voix. On cr\u00e9e du contenu qui fait parler. [&hellip;]<\/p>\n","protected":false},"author":2,"featured_media":0,"parent":0,"menu_order":0,"comment_status":"closed","ping_status":"closed","template":"","meta":{"_seopress_robots_primary_cat":"","_seopress_titles_title":"","_seopress_titles_desc":"","_seopress_robots_index":"","footnotes":""},"class_list":["post-104","page","type-page","status-publish","hentry"],"_links":{"self":[{"href":"https:\/\/nsi.ci\/en\/wp-json\/wp\/v2\/pages\/104","targetHints":{"allow":["GET"]}}],"collection":[{"href":"https:\/\/nsi.ci\/en\/wp-json\/wp\/v2\/pages"}],"about":[{"href":"https:\/\/nsi.ci\/en\/wp-json\/wp\/v2\/types\/page"}],"author":[{"embeddable":true,"href":"https:\/\/nsi.ci\/en\/wp-json\/wp\/v2\/users\/2"}],"replies":[{"embeddable":true,"href":"https:\/\/nsi.ci\/en\/wp-json\/wp\/v2\/comments?post=104"}],"version-history":[{"count":16,"href":"https:\/\/nsi.ci\/en\/wp-json\/wp\/v2\/pages\/104\/revisions"}],"predecessor-version":[{"id":2018,"href":"https:\/\/nsi.ci\/en\/wp-json\/wp\/v2\/pages\/104\/revisions\/2018"}],"wp:attachment":[{"href":"https:\/\/nsi.ci\/en\/wp-json\/wp\/v2\/media?parent=104"}],"curies":[{"name":"wp","href":"https:\/\/api.w.org\/{rel}","templated":true}]}}