{"id":107,"date":"2025-06-16T14:47:24","date_gmt":"2025-06-16T12:47:24","guid":{"rendered":"https:\/\/nsi.ci\/strategies-de-marketing-communication\/"},"modified":"2025-06-21T16:28:42","modified_gmt":"2025-06-21T14:28:42","slug":"strategies-de-marketing-communication","status":"publish","type":"page","link":"https:\/\/nsi.ci\/en\/strategies-de-marketing-communication\/","title":{"rendered":"Strat\u00e9gies de Marketing &#038; Communication"},"content":{"rendered":"<div data-elementor-type=\"wp-page\" data-elementor-id=\"107\" class=\"elementor elementor-107\" data-elementor-post-type=\"page\">\n\t\t\t\t<div class=\"elementor-element elementor-element-34268b5c e-con-full e-flex e-con e-parent\" data-id=\"34268b5c\" data-element_type=\"container\" data-e-type=\"container\" data-settings=\"{&quot;background_background&quot;:&quot;classic&quot;}\">\n\t\t\t\t<\/div>\n\t\t<div class=\"elementor-element elementor-element-4bb79eaf e-flex e-con-boxed e-con e-parent\" data-id=\"4bb79eaf\" data-element_type=\"container\" data-e-type=\"container\">\n\t\t\t\t\t<div class=\"e-con-inner\">\n\t\t<div class=\"elementor-element elementor-element-51918bc9 e-flex e-con-boxed e-con e-child\" data-id=\"51918bc9\" data-element_type=\"container\" data-e-type=\"container\">\n\t\t\t\t\t<div class=\"e-con-inner\">\n\t\t\t\t<div class=\"elementor-element elementor-element-61edf4f9 elementor-widget elementor-widget-heading\" data-id=\"61edf4f9\" data-element_type=\"widget\" data-e-type=\"widget\" data-widget_type=\"heading.default\">\n\t\t\t\t<div class=\"elementor-widget-container\">\n\t\t\t\t\t<h2 class=\"elementor-heading-title elementor-size-default\">Marketing &amp; Communication Strategies<\/h2>\t\t\t\t<\/div>\n\t\t\t\t<\/div>\n\t\t\t\t<div class=\"elementor-element elementor-element-4d563911 elementor-widget elementor-widget-text-editor\" data-id=\"4d563911\" data-element_type=\"widget\" data-e-type=\"widget\" data-widget_type=\"text-editor.default\">\n\t\t\t\t<div class=\"elementor-widget-container\">\n\t\t\t\t\t\t\t\t\t<p>Nous b\u00e2tissons des strat\u00e9gies sur-mesure qui maximisent votre visibilit\u00e9, fid\u00e9lisent votre audience et renforcent votre notori\u00e9t\u00e9.<\/p><p>Our services:<\/p><ul><li>Strat\u00e9gie de communication globale ou digitale<\/li><li>Campagnes marketing (lancement de produits, campagnes r\u00e9seaux, emailing)<\/li><li>Positionnement de marque &amp; storytelling<\/li><\/ul>\t\t\t\t\t\t\t\t<\/div>\n\t\t\t\t<\/div>\n\t\t\t\t<div class=\"elementor-element elementor-element-3cc5242c elementor-widget elementor-widget-text-editor\" data-id=\"3cc5242c\" data-element_type=\"widget\" data-e-type=\"widget\" data-widget_type=\"text-editor.default\">\n\t\t\t\t<div class=\"elementor-widget-container\">\n\t\t\t\t\t\t\t\t\t<p><em>Campaigns that make an impact, messages that grab attention, action plans that deliver results.<\/em><\/p><p><em>No nonsense, just concrete information designed to reach the right people at the right time.<\/em><\/p><p><em>Cr\u00e9er l\u2019attention. Cultiver l\u2019\u00e9motion. Convertir l\u2019intention.<\/em><\/p>\t\t\t\t\t\t\t\t<\/div>\n\t\t\t\t<\/div>\n\t\t\t\t\t<\/div>\n\t\t\t\t<\/div>\n\t\t<div class=\"elementor-element elementor-element-5e0bc0ee e-con-full e-flex e-con e-child\" data-id=\"5e0bc0ee\" data-element_type=\"container\" data-e-type=\"container\">\n\t\t\t\t<\/div>\n\t\t\t\t\t<\/div>\n\t\t\t\t<\/div>\n\t\t\t\t<\/div>","protected":false},"excerpt":{"rendered":"<p>Strat\u00e9gies de Marketing &amp; Communication Nous b\u00e2tissons des strat\u00e9gies sur-mesure qui maximisent votre visibilit\u00e9, fid\u00e9lisent votre audience et renforcent votre notori\u00e9t\u00e9. Nos prestations : Strat\u00e9gie de communication globale ou digitale Campagnes marketing (lancement de produits, campagnes r\u00e9seaux, emailing) Positionnement de marque &amp; storytelling Des campagnes qui claquent, des messages qui accrochent, des plans d\u2019action qui [&hellip;]<\/p>\n","protected":false},"author":2,"featured_media":0,"parent":0,"menu_order":0,"comment_status":"closed","ping_status":"closed","template":"","meta":{"_seopress_robots_primary_cat":"","_seopress_titles_title":"","_seopress_titles_desc":"","_seopress_robots_index":"","footnotes":""},"class_list":["post-107","page","type-page","status-publish","hentry"],"_links":{"self":[{"href":"https:\/\/nsi.ci\/en\/wp-json\/wp\/v2\/pages\/107","targetHints":{"allow":["GET"]}}],"collection":[{"href":"https:\/\/nsi.ci\/en\/wp-json\/wp\/v2\/pages"}],"about":[{"href":"https:\/\/nsi.ci\/en\/wp-json\/wp\/v2\/types\/page"}],"author":[{"embeddable":true,"href":"https:\/\/nsi.ci\/en\/wp-json\/wp\/v2\/users\/2"}],"replies":[{"embeddable":true,"href":"https:\/\/nsi.ci\/en\/wp-json\/wp\/v2\/comments?post=107"}],"version-history":[{"count":13,"href":"https:\/\/nsi.ci\/en\/wp-json\/wp\/v2\/pages\/107\/revisions"}],"predecessor-version":[{"id":2061,"href":"https:\/\/nsi.ci\/en\/wp-json\/wp\/v2\/pages\/107\/revisions\/2061"}],"wp:attachment":[{"href":"https:\/\/nsi.ci\/en\/wp-json\/wp\/v2\/media?parent=107"}],"curies":[{"name":"wp","href":"https:\/\/api.w.org\/{rel}","templated":true}]}}