{"id":1538,"date":"2025-06-21T11:27:18","date_gmt":"2025-06-21T09:27:18","guid":{"rendered":"https:\/\/nsi.ci\/?page_id=1538"},"modified":"2025-09-16T01:20:22","modified_gmt":"2025-09-15T23:20:22","slug":"selab-fisheries-devenir-exposant","status":"publish","type":"page","link":"https:\/\/nsi.ci\/en\/selab-fisheries-devenir-exposant\/","title":{"rendered":"Selab Fisheries &#8211; devenir exposant"},"content":{"rendered":"\t\t<div data-elementor-type=\"wp-page\" data-elementor-id=\"1538\" class=\"elementor elementor-1538\" data-elementor-post-type=\"page\">\n\t\t\t\t<div class=\"elementor-element elementor-element-8d33815 e-con-full e-flex e-con e-parent\" data-id=\"8d33815\" data-element_type=\"container\" data-e-type=\"container\" data-settings=\"{&quot;background_background&quot;:&quot;classic&quot;}\">\n\t\t\t\t<\/div>\n\t\t<div class=\"elementor-element elementor-element-26d145e4 e-flex e-con-boxed e-con e-parent\" data-id=\"26d145e4\" data-element_type=\"container\" data-e-type=\"container\">\n\t\t\t\t\t<div class=\"e-con-inner\">\n\t\t<div class=\"elementor-element elementor-element-62f704ab e-flex e-con-boxed e-con e-child\" data-id=\"62f704ab\" data-element_type=\"container\" data-e-type=\"container\">\n\t\t\t\t\t<div class=\"e-con-inner\">\n\t\t\t\t<div class=\"elementor-element elementor-element-4e82465e elementor-widget elementor-widget-heading\" data-id=\"4e82465e\" data-element_type=\"widget\" data-e-type=\"widget\" data-widget_type=\"heading.default\">\n\t\t\t\t<div class=\"elementor-widget-container\">\n\t\t\t\t\t<h2 class=\"elementor-heading-title elementor-size-default\">Comment devenir exposant ?<\/h2>\t\t\t\t<\/div>\n\t\t\t\t<\/div>\n\t\t\t\t<div class=\"elementor-element elementor-element-1ae11c3b elementor-widget elementor-widget-text-editor\" data-id=\"1ae11c3b\" data-element_type=\"widget\" data-e-type=\"widget\" data-widget_type=\"text-editor.default\">\n\t\t\t\t<div class=\"elementor-widget-container\">\n\t\t\t\t\t\t\t\t\t<p><strong>Vous souhaitez mettre en valeur votre entreprise, vos produits ou vos services dans un cadre professionnel et attractif\u202f?<\/strong><\/p><p>Devenez exposant lors de notre \u00e9v\u00e9nement et b\u00e9n\u00e9ficiez d\u2019une visibilit\u00e9 optimale aupr\u00e8s d\u2019un public cibl\u00e9 compos\u00e9 de professionnels, partenaires, investisseurs, m\u00e9dias et visiteurs int\u00e9ress\u00e9s.<\/p><p>Participer en tant qu\u2019exposant, c\u2019est :<\/p><ul><li>\u2714 Pr\u00e9senter vos innovations dans un espace d\u00e9di\u00e9 et am\u00e9nag\u00e9 selon vos besoins.<\/li><li>\u2714 Profiter d\u2019un flux de visiteurs qualifi\u00e9s pour renforcer votre r\u00e9seau et g\u00e9n\u00e9rer de nouveaux contacts.<\/li><li>\u2714 Valoriser votre marque \u00e0 travers nos canaux de communication avant, pendant et apr\u00e8s l\u2019\u00e9v\u00e9nement.<\/li><li>\u2714 Vous positionner comme un acteur cl\u00e9 dans votre secteur d\u2019activit\u00e9.<\/li><\/ul><p>Int\u00e9ress\u00e9(e) ?<\/p><p>\ud83d\udccc Remplissez le formulaire en ligne d\u00e9di\u00e9 aux exposants pour exprimer votre int\u00e9r\u00eat.<\/p><p>\ud83d\udccc Notre \u00e9quipe vous contactera rapidement avec les d\u00e9tails des offres disponibles et vous accompagnera dans la suite du processus.<\/p><p>\ud83d\udc49 Remplir le formulaire exposant<\/p>\t\t\t\t\t\t\t\t<\/div>\n\t\t\t\t<\/div>\n\t\t\t\t<div class=\"elementor-element elementor-element-ed38abe elementor-widget elementor-widget-wpforms\" data-id=\"ed38abe\" data-element_type=\"widget\" data-e-type=\"widget\" data-widget_type=\"wpforms.default\">\n\t\t\t\t<div class=\"elementor-widget-container\">\n\t\t\t\t\t<div class=\"wpforms-container wpforms-container-full wpforms-render-modern\" id=\"wpforms-3256\"><form id=\"wpforms-form-3256\" class=\"wpforms-validate wpforms-form wpforms-ajax-form\" data-formid=\"3256\" method=\"post\" enctype=\"multipart\/form-data\" action=\"\/en\/wp-json\/wp\/v2\/pages\/1538\" data-token=\"e99c39818defc19ef2cdfbc0d45a0d80\" data-token-time=\"1775920223\"><noscript class=\"wpforms-error-noscript\">Please enable JavaScript in your browser to complete this form.<\/noscript><div id=\"wpforms-error-noscript\" style=\"display: none;\">Please enable JavaScript in your browser to complete this form.<\/div><div class=\"wpforms-field-container\"><div id=\"wpforms-3256-field_1-container\" class=\"wpforms-field wpforms-field-text\" data-field-id=\"1\"><label class=\"wpforms-field-label\" for=\"wpforms-3256-field_1\">Nom de l\u2019entreprise \/ organisation <span class=\"wpforms-required-label\" aria-hidden=\"true\">*<\/span><\/label><input type=\"text\" id=\"wpforms-3256-field_1\" class=\"wpforms-field-medium wpforms-field-required\" name=\"wpforms[fields][1]\" placeholder=\"Nom de l\u2019entreprise \/ organisation\" aria-errormessage=\"wpforms-3256-field_1-error\" required><\/div><div id=\"wpforms-3256-field_2-container\" class=\"wpforms-field wpforms-field-text\" data-field-id=\"2\"><label class=\"wpforms-field-label\" for=\"wpforms-3256-field_2\">Personne \u00e0 contacter <span class=\"wpforms-required-label\" aria-hidden=\"true\">*<\/span><\/label><input type=\"text\" id=\"wpforms-3256-field_2\" class=\"wpforms-field-medium wpforms-field-required\" name=\"wpforms[fields][2]\" placeholder=\"Nom &amp; pr\u00e9nom\" aria-errormessage=\"wpforms-3256-field_2-error\" required><\/div>\t\t<div id=\"wpforms-3256-field_7-container\"\n\t\t\tclass=\"wpforms-field wpforms-field-text\"\n\t\t\tdata-field-type=\"text\"\n\t\t\tdata-field-id=\"7\"\n\t\t\t>\n\t\t\t<label class=\"wpforms-field-label\" for=\"wpforms-3256-field_7\" >l\u2019entreprise compl\u00e9mentaire organisation<\/label>\n\t\t\t<input type=\"text\" id=\"wpforms-3256-field_7\" class=\"wpforms-field-medium\" name=\"wpforms[fields][7]\" >\n\t\t<\/div>\n\t\t<div id=\"wpforms-3256-field_3-container\" class=\"wpforms-field wpforms-field-text\" data-field-id=\"3\"><label class=\"wpforms-field-label\" for=\"wpforms-3256-field_3\">Fonction <span class=\"wpforms-required-label\" aria-hidden=\"true\">*<\/span><\/label><input type=\"text\" id=\"wpforms-3256-field_3\" class=\"wpforms-field-medium wpforms-field-required\" name=\"wpforms[fields][3]\" placeholder=\"Intitul\u00e9 du poste\" aria-errormessage=\"wpforms-3256-field_3-error\" required><\/div><div id=\"wpforms-3256-field_4-container\" class=\"wpforms-field wpforms-field-email\" data-field-id=\"4\"><label class=\"wpforms-field-label\" for=\"wpforms-3256-field_4\">Email professionnel <span class=\"wpforms-required-label\" aria-hidden=\"true\">*<\/span><\/label><input type=\"email\" id=\"wpforms-3256-field_4\" class=\"wpforms-field-medium wpforms-field-required\" name=\"wpforms[fields][4]\" placeholder=\"prenom.nom@entreprise.com\" spellcheck=\"false\" aria-errormessage=\"wpforms-3256-field_4-error\" required><\/div><div id=\"wpforms-3256-field_5-container\" class=\"wpforms-field wpforms-field-text\" data-field-id=\"5\"><label class=\"wpforms-field-label\" for=\"wpforms-3256-field_5\">T\u00e9l\u00e9phone <span class=\"wpforms-required-label\" aria-hidden=\"true\">*<\/span><\/label><input type=\"text\" id=\"wpforms-3256-field_5\" class=\"wpforms-field-medium wpforms-field-required\" name=\"wpforms[fields][5]\" placeholder=\"225 xx xx xx xx xx\" aria-errormessage=\"wpforms-3256-field_5-error\" required><\/div><div id=\"wpforms-3256-field_6-container\" class=\"wpforms-field wpforms-field-text\" data-field-id=\"6\"><label class=\"wpforms-field-label\" for=\"wpforms-3256-field_6\">Pays \/ Ville <span class=\"wpforms-required-label\" aria-hidden=\"true\">*<\/span><\/label><input type=\"text\" id=\"wpforms-3256-field_6\" class=\"wpforms-field-medium wpforms-field-required\" name=\"wpforms[fields][6]\" placeholder=\"Pays \/ Ville\" aria-errormessage=\"wpforms-3256-field_6-error\" required><\/div><div id=\"wpforms-3256-field_18-container\" class=\"wpforms-field wpforms-field-text\" data-field-id=\"18\"><label class=\"wpforms-field-label\" for=\"wpforms-3256-field_18\">Site web (facultatif)<\/label><input type=\"text\" id=\"wpforms-3256-field_18\" class=\"wpforms-field-medium\" name=\"wpforms[fields][18]\" aria-errormessage=\"wpforms-3256-field_18-error\" ><\/div><div id=\"wpforms-3256-field_8-container\" class=\"wpforms-field wpforms-field-checkbox\" data-field-id=\"8\"><fieldset><legend class=\"wpforms-field-label\">Secteur d\u2019activit\u00e9 <span class=\"wpforms-required-label\" aria-hidden=\"true\">*<\/span><\/legend><ul id=\"wpforms-3256-field_8\" class=\"wpforms-field-required\"><li class=\"choice-1 depth-1\"><input type=\"checkbox\" id=\"wpforms-3256-field_8_1\" name=\"wpforms[fields][8][]\" value=\"Producteur\" aria-errormessage=\"wpforms-3256-field_8_1-error\" required ><label class=\"wpforms-field-label-inline\" for=\"wpforms-3256-field_8_1\">Producteur<\/label><\/li><li class=\"choice-2 depth-1\"><input type=\"checkbox\" id=\"wpforms-3256-field_8_2\" name=\"wpforms[fields][8][]\" value=\"Transformateur\" aria-errormessage=\"wpforms-3256-field_8_2-error\" required ><label class=\"wpforms-field-label-inline\" for=\"wpforms-3256-field_8_2\">Transformateur<\/label><\/li><li class=\"choice-3 depth-1\"><input type=\"checkbox\" id=\"wpforms-3256-field_8_3\" name=\"wpforms[fields][8][]\" value=\"Distributeur\" aria-errormessage=\"wpforms-3256-field_8_3-error\" required ><label class=\"wpforms-field-label-inline\" for=\"wpforms-3256-field_8_3\">Distributeur<\/label><\/li><li class=\"choice-4 depth-1\"><input type=\"checkbox\" id=\"wpforms-3256-field_8_4\" name=\"wpforms[fields][8][]\" value=\"Institution\" aria-errormessage=\"wpforms-3256-field_8_4-error\" required ><label class=\"wpforms-field-label-inline\" for=\"wpforms-3256-field_8_4\">Institution<\/label><\/li><li class=\"choice-5 depth-1\"><input type=\"checkbox\" id=\"wpforms-3256-field_8_5\" name=\"wpforms[fields][8][]\" value=\"Provendier\" aria-errormessage=\"wpforms-3256-field_8_5-error\" required ><label class=\"wpforms-field-label-inline\" for=\"wpforms-3256-field_8_5\">Provendier<\/label><\/li><li class=\"choice-6 depth-1\"><input type=\"checkbox\" id=\"wpforms-3256-field_8_6\" name=\"wpforms[fields][8][]\" value=\"Sant\u00e9 v\u00e9t\u00e9rinaire\" aria-errormessage=\"wpforms-3256-field_8_6-error\" required ><label class=\"wpforms-field-label-inline\" for=\"wpforms-3256-field_8_6\">Sant\u00e9 v\u00e9t\u00e9rinaire<\/label><\/li><li class=\"choice-7 depth-1\"><input type=\"checkbox\" id=\"wpforms-3256-field_8_7\" name=\"wpforms[fields][8][]\" value=\"\u00c9quipementier\" aria-errormessage=\"wpforms-3256-field_8_7-error\" required ><label class=\"wpforms-field-label-inline\" for=\"wpforms-3256-field_8_7\">\u00c9quipementier<\/label><\/li><li class=\"choice-8 depth-1\"><input type=\"checkbox\" id=\"wpforms-3256-field_8_8\" name=\"wpforms[fields][8][]\" value=\"Transporteur\" aria-errormessage=\"wpforms-3256-field_8_8-error\" required ><label class=\"wpforms-field-label-inline\" for=\"wpforms-3256-field_8_8\">Transporteur<\/label><\/li><li class=\"choice-9 depth-1\"><input type=\"checkbox\" id=\"wpforms-3256-field_8_9\" name=\"wpforms[fields][8][]\" value=\"Formation\" aria-errormessage=\"wpforms-3256-field_8_9-error\" required ><label class=\"wpforms-field-label-inline\" for=\"wpforms-3256-field_8_9\">Formation<\/label><\/li><li class=\"choice-10 depth-1\"><input type=\"checkbox\" id=\"wpforms-3256-field_8_10\" name=\"wpforms[fields][8][]\" value=\"Restauration\" aria-errormessage=\"wpforms-3256-field_8_10-error\" required ><label class=\"wpforms-field-label-inline\" for=\"wpforms-3256-field_8_10\">Restauration<\/label><\/li><li class=\"choice-11 depth-1\"><input type=\"checkbox\" id=\"wpforms-3256-field_8_11\" name=\"wpforms[fields][8][]\" value=\"Recherche et d\u00e9veloppement\" aria-errormessage=\"wpforms-3256-field_8_11-error\" required ><label class=\"wpforms-field-label-inline\" for=\"wpforms-3256-field_8_11\">Recherche et d\u00e9veloppement<\/label><\/li><li class=\"choice-12 depth-1\"><input type=\"checkbox\" id=\"wpforms-3256-field_8_12\" name=\"wpforms[fields][8][]\" value=\"Logistique\" aria-errormessage=\"wpforms-3256-field_8_12-error\" required ><label class=\"wpforms-field-label-inline\" for=\"wpforms-3256-field_8_12\">Logistique<\/label><\/li><li class=\"choice-13 depth-1\"><input type=\"checkbox\" id=\"wpforms-3256-field_8_13\" name=\"wpforms[fields][8][]\" value=\"Concessionnaire\" aria-errormessage=\"wpforms-3256-field_8_13-error\" required ><label class=\"wpforms-field-label-inline\" for=\"wpforms-3256-field_8_13\">Concessionnaire<\/label><\/li><li class=\"choice-14 depth-1\"><input type=\"checkbox\" id=\"wpforms-3256-field_8_14\" name=\"wpforms[fields][8][]\" value=\"\u00c9cotourisme\" aria-errormessage=\"wpforms-3256-field_8_14-error\" required ><label class=\"wpforms-field-label-inline\" for=\"wpforms-3256-field_8_14\">\u00c9cotourisme<\/label><\/li><li class=\"choice-15 depth-1\"><input type=\"checkbox\" id=\"wpforms-3256-field_8_15\" name=\"wpforms[fields][8][]\" value=\"Transport\" aria-errormessage=\"wpforms-3256-field_8_15-error\" required ><label class=\"wpforms-field-label-inline\" for=\"wpforms-3256-field_8_15\">Transport<\/label><\/li><li class=\"choice-16 depth-1\"><input type=\"checkbox\" id=\"wpforms-3256-field_8_16\" name=\"wpforms[fields][8][]\" value=\"\u00c9nergie\" aria-errormessage=\"wpforms-3256-field_8_16-error\" required ><label class=\"wpforms-field-label-inline\" for=\"wpforms-3256-field_8_16\">\u00c9nergie<\/label><\/li><\/ul><\/fieldset><\/div><div id=\"wpforms-3256-field_9-container\" class=\"wpforms-field wpforms-field-radio\" data-field-id=\"9\"><fieldset><legend class=\"wpforms-field-label\">Souhaitez-vous recevoir le dossier exposant ? <span class=\"wpforms-required-label\" aria-hidden=\"true\">*<\/span><\/legend><ul id=\"wpforms-3256-field_9\" class=\"wpforms-field-required\"><li class=\"choice-1 depth-1\"><input type=\"radio\" id=\"wpforms-3256-field_9_1\" name=\"wpforms[fields][9]\" value=\"Oui\" aria-errormessage=\"wpforms-3256-field_9_1-error\" aria-describedby=\"wpforms-3256-field_9-description\" required ><label class=\"wpforms-field-label-inline\" for=\"wpforms-3256-field_9_1\">Oui<\/label><\/li><li class=\"choice-2 depth-1\"><input type=\"radio\" id=\"wpforms-3256-field_9_2\" name=\"wpforms[fields][9]\" value=\"Non\" aria-errormessage=\"wpforms-3256-field_9_2-error\" aria-describedby=\"wpforms-3256-field_9-description\" required ><label class=\"wpforms-field-label-inline\" for=\"wpforms-3256-field_9_2\">Non<\/label><\/li><\/ul><div id=\"wpforms-3256-field_9-description\" class=\"wpforms-field-description\">Si Oui, nous vous l\u2019enverrons \u00e0 l\u2019email professionnel saisi.<\/div><\/fieldset><\/div><div id=\"wpforms-3256-field_10-container\" class=\"wpforms-field wpforms-field-textarea\" data-field-id=\"10\"><label class=\"wpforms-field-label\" for=\"wpforms-3256-field_10\">Message compl\u00e9mentaire<\/label><textarea id=\"wpforms-3256-field_10\" class=\"wpforms-field-medium\" name=\"wpforms[fields][10]\" placeholder=\"Votre message\" aria-errormessage=\"wpforms-3256-field_10-error\" ><\/textarea><\/div><script>\n\t\t\t\t( function() {\n\t\t\t\t\tconst style = document.createElement( 'style' );\n\t\t\t\t\tstyle.appendChild( document.createTextNode( '#wpforms-3256-field_7-container { position: absolute !important; overflow: hidden !important; display: inline !important; height: 1px !important; width: 1px !important; z-index: -1000 !important; padding: 0 !important; } #wpforms-3256-field_7-container input { visibility: hidden; } #wpforms-conversational-form-page #wpforms-3256-field_7-container label { counter-increment: none; }' ) );\n\t\t\t\t\tdocument.head.appendChild( style );\n\t\t\t\t\tdocument.currentScript?.remove();\n\t\t\t\t} )();\n\t\t\t<\/script><\/div><!-- .wpforms-field-container --><div class=\"wpforms-submit-container\" ><input type=\"hidden\" name=\"wpforms[id]\" value=\"3256\"><input type=\"hidden\" name=\"page_title\" value=\"\"><input type=\"hidden\" name=\"page_url\" value=\"https:\/\/nsi.ci\/en\/wp-json\/wp\/v2\/pages\/1538\"><input type=\"hidden\" name=\"url_referer\" value=\"\"><button type=\"submit\" name=\"wpforms[submit]\" id=\"wpforms-submit-3256\" class=\"wpforms-submit\" data-alt-text=\"Envoi...\" data-submit-text=\"Envoyer la demande\" aria-live=\"assertive\" value=\"wpforms-submit\">Envoyer la demande<\/button><img decoding=\"async\" src=\"https:\/\/nsi.ci\/wp-content\/plugins\/wpforms-lite\/assets\/images\/submit-spin.svg\" class=\"wpforms-submit-spinner\" style=\"display: none;\" width=\"26\" height=\"26\" alt=\"Loading\"><\/div><\/form><\/div>  <!-- .wpforms-container -->\t\t\t\t<\/div>\n\t\t\t\t<\/div>\n\t\t\t\t\t<\/div>\n\t\t\t\t<\/div>\n\t\t\t\t\t<\/div>\n\t\t\t\t<\/div>\n\t\t\t\t<\/div>\n\t\t","protected":false},"excerpt":{"rendered":"<p>Comment devenir exposant ? Vous souhaitez mettre en valeur votre entreprise, vos produits ou vos services dans un cadre professionnel et attractif\u202f? Devenez exposant lors de notre \u00e9v\u00e9nement et b\u00e9n\u00e9ficiez d\u2019une visibilit\u00e9 optimale aupr\u00e8s d\u2019un public cibl\u00e9 compos\u00e9 de professionnels, partenaires, investisseurs, m\u00e9dias et visiteurs int\u00e9ress\u00e9s. Participer en tant qu\u2019exposant, c\u2019est : \u2714 Pr\u00e9senter vos [&hellip;]<\/p>\n","protected":false},"author":2,"featured_media":0,"parent":0,"menu_order":0,"comment_status":"closed","ping_status":"closed","template":"","meta":{"_seopress_robots_primary_cat":"","_seopress_titles_title":"","_seopress_titles_desc":"","_seopress_robots_index":"","footnotes":""},"class_list":["post-1538","page","type-page","status-publish","hentry"],"_links":{"self":[{"href":"https:\/\/nsi.ci\/en\/wp-json\/wp\/v2\/pages\/1538","targetHints":{"allow":["GET"]}}],"collection":[{"href":"https:\/\/nsi.ci\/en\/wp-json\/wp\/v2\/pages"}],"about":[{"href":"https:\/\/nsi.ci\/en\/wp-json\/wp\/v2\/types\/page"}],"author":[{"embeddable":true,"href":"https:\/\/nsi.ci\/en\/wp-json\/wp\/v2\/users\/2"}],"replies":[{"embeddable":true,"href":"https:\/\/nsi.ci\/en\/wp-json\/wp\/v2\/comments?post=1538"}],"version-history":[{"count":27,"href":"https:\/\/nsi.ci\/en\/wp-json\/wp\/v2\/pages\/1538\/revisions"}],"predecessor-version":[{"id":3283,"href":"https:\/\/nsi.ci\/en\/wp-json\/wp\/v2\/pages\/1538\/revisions\/3283"}],"wp:attachment":[{"href":"https:\/\/nsi.ci\/en\/wp-json\/wp\/v2\/media?parent=1538"}],"curies":[{"name":"wp","href":"https:\/\/api.w.org\/{rel}","templated":true}]}}