{"id":1587,"date":"2025-06-21T11:29:12","date_gmt":"2025-06-21T09:29:12","guid":{"rendered":"https:\/\/nsi.ci\/?page_id=1587"},"modified":"2025-09-16T01:22:57","modified_gmt":"2025-09-15T23:22:57","slug":"selab-fisheries-devenir-sponsor","status":"publish","type":"page","link":"https:\/\/nsi.ci\/en\/selab-fisheries-devenir-sponsor\/","title":{"rendered":"Selab Fisheries \u2013 devenir sponsor"},"content":{"rendered":"\t\t<div data-elementor-type=\"wp-page\" data-elementor-id=\"1587\" class=\"elementor elementor-1587\" data-elementor-post-type=\"page\">\n\t\t\t\t<div class=\"elementor-element elementor-element-33e89b6e e-con-full e-flex e-con e-parent\" data-id=\"33e89b6e\" data-element_type=\"container\" data-e-type=\"container\" data-settings=\"{&quot;background_background&quot;:&quot;classic&quot;}\">\n\t\t\t\t<\/div>\n\t\t<div class=\"elementor-element elementor-element-56e32e3b e-flex e-con-boxed e-con e-parent\" data-id=\"56e32e3b\" data-element_type=\"container\" data-e-type=\"container\">\n\t\t\t\t\t<div class=\"e-con-inner\">\n\t\t<div class=\"elementor-element elementor-element-74a6df9d e-flex e-con-boxed e-con e-child\" data-id=\"74a6df9d\" data-element_type=\"container\" data-e-type=\"container\">\n\t\t\t\t\t<div class=\"e-con-inner\">\n\t\t\t\t<div class=\"elementor-element elementor-element-29f5acf2 elementor-widget elementor-widget-heading\" data-id=\"29f5acf2\" data-element_type=\"widget\" data-e-type=\"widget\" data-widget_type=\"heading.default\">\n\t\t\t\t<div class=\"elementor-widget-container\">\n\t\t\t\t\t<h2 class=\"elementor-heading-title elementor-size-default\">Comment devenir sponsor ?<\/h2>\t\t\t\t<\/div>\n\t\t\t\t<\/div>\n\t\t\t\t<div class=\"elementor-element elementor-element-42df5acf elementor-widget elementor-widget-text-editor\" data-id=\"42df5acf\" data-element_type=\"widget\" data-e-type=\"widget\" data-widget_type=\"text-editor.default\">\n\t\t\t\t<div class=\"elementor-widget-container\">\n\t\t\t\t\t\t\t\t\t<p><strong>Associez votre marque \u00e0 un \u00e9v\u00e9nement d\u2019envergure !<\/strong><\/p><p>Devenez sponsor et b\u00e9n\u00e9ficiez d\u2019une forte visibilit\u00e9 tout en affirmant votre engagement aupr\u00e8s d\u2019un public large et diversifi\u00e9.<\/p><p>En tant que sponsor, vous profitez de nombreux avantages :<\/p><ul><li>\u2714 Une visibilit\u00e9 optimale sur nos supports de communication (site web, r\u00e9seaux sociaux, m\u00e9dias partenaires\u2026).<\/li><li>\u2714 Une valorisation de votre marque \u00e0 travers des prises de parole, animations ou pr\u00e9sences cibl\u00e9es.<\/li><li>\u2714 Une image renforc\u00e9e aupr\u00e8s d\u2019un public professionnel et engag\u00e9.<\/li><li>\u2714 Des retomb\u00e9es concr\u00e8tes en notori\u00e9t\u00e9 et en image.<\/li><\/ul><p>Envie de devenir sponsor ?<\/p><p>\ud83d\udccc Remplissez le formulaire en ligne d\u00e9di\u00e9 aux sponsors pour nous faire part de votre int\u00e9r\u00eat.<\/p><p>\ud83d\udccc Notre \u00e9quipe vous recontactera avec les diff\u00e9rentes options de sponsoring adapt\u00e9es \u00e0 vos objectifs.<\/p><p>\ud83d\udc49 Remplir le formulaire sponsor<\/p>\t\t\t\t\t\t\t\t<\/div>\n\t\t\t\t<\/div>\n\t\t\t\t<div class=\"elementor-element elementor-element-d58f47d elementor-widget elementor-widget-wpforms\" data-id=\"d58f47d\" data-element_type=\"widget\" data-e-type=\"widget\" data-widget_type=\"wpforms.default\">\n\t\t\t\t<div class=\"elementor-widget-container\">\n\t\t\t\t\t<div class=\"wpforms-container wpforms-container-full wpforms-render-modern\" id=\"wpforms-3259\"><form id=\"wpforms-form-3259\" class=\"wpforms-validate wpforms-form wpforms-ajax-form\" data-formid=\"3259\" method=\"post\" enctype=\"multipart\/form-data\" action=\"\/en\/wp-json\/wp\/v2\/pages\/1587\" data-token=\"a744c89973102e3fddee3a42de0a1973\" data-token-time=\"1775920240\"><noscript class=\"wpforms-error-noscript\">Please enable JavaScript in your browser to complete this form.<\/noscript><div id=\"wpforms-error-noscript\" style=\"display: none;\">Please enable JavaScript in your browser to complete this form.<\/div><div class=\"wpforms-field-container\"><div id=\"wpforms-3259-field_1-container\" class=\"wpforms-field wpforms-field-text\" data-field-id=\"1\"><label class=\"wpforms-field-label\" for=\"wpforms-3259-field_1\">Nom de l\u2019entreprise \/ organisation <span class=\"wpforms-required-label\" aria-hidden=\"true\">*<\/span><\/label><input type=\"text\" id=\"wpforms-3259-field_1\" class=\"wpforms-field-medium wpforms-field-required\" name=\"wpforms[fields][1]\" placeholder=\"Nom de l\u2019entreprise \/ organisation\" aria-errormessage=\"wpforms-3259-field_1-error\" required><\/div><div id=\"wpforms-3259-field_2-container\" class=\"wpforms-field wpforms-field-text\" data-field-id=\"2\"><label class=\"wpforms-field-label\" for=\"wpforms-3259-field_2\">Personne \u00e0 contacter <span class=\"wpforms-required-label\" aria-hidden=\"true\">*<\/span><\/label><input type=\"text\" id=\"wpforms-3259-field_2\" class=\"wpforms-field-medium wpforms-field-required\" name=\"wpforms[fields][2]\" placeholder=\"Nom &amp; pr\u00e9nom\" aria-errormessage=\"wpforms-3259-field_2-error\" required><\/div><div id=\"wpforms-3259-field_3-container\" class=\"wpforms-field wpforms-field-text\" data-field-id=\"3\"><label class=\"wpforms-field-label\" for=\"wpforms-3259-field_3\">Fonction <span class=\"wpforms-required-label\" aria-hidden=\"true\">*<\/span><\/label><input type=\"text\" id=\"wpforms-3259-field_3\" class=\"wpforms-field-medium wpforms-field-required\" name=\"wpforms[fields][3]\" placeholder=\"Intitul\u00e9 du poste\" aria-errormessage=\"wpforms-3259-field_3-error\" required><\/div><div id=\"wpforms-3259-field_4-container\" class=\"wpforms-field wpforms-field-email\" data-field-id=\"4\"><label class=\"wpforms-field-label\" for=\"wpforms-3259-field_4\">Email professionnel <span class=\"wpforms-required-label\" aria-hidden=\"true\">*<\/span><\/label><input type=\"email\" id=\"wpforms-3259-field_4\" class=\"wpforms-field-medium wpforms-field-required\" name=\"wpforms[fields][4]\" placeholder=\"prenom.nom@entreprise.com\" spellcheck=\"false\" aria-errormessage=\"wpforms-3259-field_4-error\" required><\/div>\t\t<div id=\"wpforms-3259-field_5-container\"\n\t\t\tclass=\"wpforms-field wpforms-field-text\"\n\t\t\tdata-field-type=\"text\"\n\t\t\tdata-field-id=\"5\"\n\t\t\t>\n\t\t\t<label class=\"wpforms-field-label\" for=\"wpforms-3259-field_5\" >Pays \u00e9v\u00e9nement sponsorisant<\/label>\n\t\t\t<input type=\"text\" id=\"wpforms-3259-field_5\" class=\"wpforms-field-medium\" name=\"wpforms[fields][5]\" >\n\t\t<\/div>\n\t\t<div id=\"wpforms-3259-field_20-container\" class=\"wpforms-field wpforms-field-text\" data-field-id=\"20\"><label class=\"wpforms-field-label\" for=\"wpforms-3259-field_20\">T\u00e9l\u00e9phone <span class=\"wpforms-required-label\" aria-hidden=\"true\">*<\/span><\/label><input type=\"text\" id=\"wpforms-3259-field_20\" class=\"wpforms-field-medium wpforms-field-required\" name=\"wpforms[fields][20]\" placeholder=\"225 07 01 02 03 04\" aria-errormessage=\"wpforms-3259-field_20-error\" required><\/div><div id=\"wpforms-3259-field_6-container\" class=\"wpforms-field wpforms-field-text\" data-field-id=\"6\"><label class=\"wpforms-field-label\" for=\"wpforms-3259-field_6\">Pays \/ Ville <span class=\"wpforms-required-label\" aria-hidden=\"true\">*<\/span><\/label><input type=\"text\" id=\"wpforms-3259-field_6\" class=\"wpforms-field-medium wpforms-field-required\" name=\"wpforms[fields][6]\" placeholder=\"Pays \/ Ville\" aria-errormessage=\"wpforms-3259-field_6-error\" required><\/div><div id=\"wpforms-3259-field_19-container\" class=\"wpforms-field wpforms-field-text\" data-field-id=\"19\"><label class=\"wpforms-field-label\" for=\"wpforms-3259-field_19\">Site web (facultatif)<\/label><input type=\"text\" id=\"wpforms-3259-field_19\" class=\"wpforms-field-medium\" name=\"wpforms[fields][19]\" aria-errormessage=\"wpforms-3259-field_19-error\" ><\/div><div id=\"wpforms-3259-field_8-container\" class=\"wpforms-field wpforms-field-checkbox\" data-field-id=\"8\"><fieldset><legend class=\"wpforms-field-label\">Secteur d\u2019activit\u00e9 <span class=\"wpforms-required-label\" aria-hidden=\"true\">*<\/span><\/legend><ul id=\"wpforms-3259-field_8\" class=\"wpforms-field-required\"><li class=\"choice-1 depth-1\"><input type=\"checkbox\" id=\"wpforms-3259-field_8_1\" name=\"wpforms[fields][8][]\" value=\"Producteur\" aria-errormessage=\"wpforms-3259-field_8_1-error\" aria-describedby=\"wpforms-3259-field_8-description\" required ><label class=\"wpforms-field-label-inline\" for=\"wpforms-3259-field_8_1\">Producteur<\/label><\/li><li class=\"choice-2 depth-1\"><input type=\"checkbox\" id=\"wpforms-3259-field_8_2\" name=\"wpforms[fields][8][]\" value=\"Transformateur\" aria-errormessage=\"wpforms-3259-field_8_2-error\" aria-describedby=\"wpforms-3259-field_8-description\" required ><label class=\"wpforms-field-label-inline\" for=\"wpforms-3259-field_8_2\">Transformateur<\/label><\/li><li class=\"choice-3 depth-1\"><input type=\"checkbox\" id=\"wpforms-3259-field_8_3\" name=\"wpforms[fields][8][]\" value=\"Distributeur\" aria-errormessage=\"wpforms-3259-field_8_3-error\" aria-describedby=\"wpforms-3259-field_8-description\" required ><label class=\"wpforms-field-label-inline\" for=\"wpforms-3259-field_8_3\">Distributeur<\/label><\/li><li class=\"choice-4 depth-1\"><input type=\"checkbox\" id=\"wpforms-3259-field_8_4\" name=\"wpforms[fields][8][]\" value=\"Institution\" aria-errormessage=\"wpforms-3259-field_8_4-error\" aria-describedby=\"wpforms-3259-field_8-description\" required ><label class=\"wpforms-field-label-inline\" for=\"wpforms-3259-field_8_4\">Institution<\/label><\/li><li class=\"choice-5 depth-1\"><input type=\"checkbox\" id=\"wpforms-3259-field_8_5\" name=\"wpforms[fields][8][]\" value=\"Provendier\" aria-errormessage=\"wpforms-3259-field_8_5-error\" aria-describedby=\"wpforms-3259-field_8-description\" required ><label class=\"wpforms-field-label-inline\" for=\"wpforms-3259-field_8_5\">Provendier<\/label><\/li><li class=\"choice-6 depth-1\"><input type=\"checkbox\" id=\"wpforms-3259-field_8_6\" name=\"wpforms[fields][8][]\" value=\"Sant\u00e9 v\u00e9t\u00e9rinaire\" aria-errormessage=\"wpforms-3259-field_8_6-error\" aria-describedby=\"wpforms-3259-field_8-description\" required ><label class=\"wpforms-field-label-inline\" for=\"wpforms-3259-field_8_6\">Sant\u00e9 v\u00e9t\u00e9rinaire<\/label><\/li><li class=\"choice-7 depth-1\"><input type=\"checkbox\" id=\"wpforms-3259-field_8_7\" name=\"wpforms[fields][8][]\" value=\"\u00c9quipementier\" aria-errormessage=\"wpforms-3259-field_8_7-error\" aria-describedby=\"wpforms-3259-field_8-description\" required ><label class=\"wpforms-field-label-inline\" for=\"wpforms-3259-field_8_7\">\u00c9quipementier<\/label><\/li><li class=\"choice-8 depth-1\"><input type=\"checkbox\" id=\"wpforms-3259-field_8_8\" name=\"wpforms[fields][8][]\" value=\"Transporteur\" aria-errormessage=\"wpforms-3259-field_8_8-error\" aria-describedby=\"wpforms-3259-field_8-description\" required ><label class=\"wpforms-field-label-inline\" for=\"wpforms-3259-field_8_8\">Transporteur<\/label><\/li><li class=\"choice-9 depth-1\"><input type=\"checkbox\" id=\"wpforms-3259-field_8_9\" name=\"wpforms[fields][8][]\" value=\"Formation\" aria-errormessage=\"wpforms-3259-field_8_9-error\" aria-describedby=\"wpforms-3259-field_8-description\" required ><label class=\"wpforms-field-label-inline\" for=\"wpforms-3259-field_8_9\">Formation<\/label><\/li><li class=\"choice-10 depth-1\"><input type=\"checkbox\" id=\"wpforms-3259-field_8_10\" name=\"wpforms[fields][8][]\" value=\"Restauration\" aria-errormessage=\"wpforms-3259-field_8_10-error\" aria-describedby=\"wpforms-3259-field_8-description\" required ><label class=\"wpforms-field-label-inline\" for=\"wpforms-3259-field_8_10\">Restauration<\/label><\/li><li class=\"choice-11 depth-1\"><input type=\"checkbox\" id=\"wpforms-3259-field_8_11\" name=\"wpforms[fields][8][]\" value=\"Recherche et d\u00e9veloppement\" aria-errormessage=\"wpforms-3259-field_8_11-error\" aria-describedby=\"wpforms-3259-field_8-description\" required ><label class=\"wpforms-field-label-inline\" for=\"wpforms-3259-field_8_11\">Recherche et d\u00e9veloppement<\/label><\/li><li class=\"choice-12 depth-1\"><input type=\"checkbox\" id=\"wpforms-3259-field_8_12\" name=\"wpforms[fields][8][]\" value=\"Logistique\" aria-errormessage=\"wpforms-3259-field_8_12-error\" aria-describedby=\"wpforms-3259-field_8-description\" required ><label class=\"wpforms-field-label-inline\" for=\"wpforms-3259-field_8_12\">Logistique<\/label><\/li><li class=\"choice-13 depth-1\"><input type=\"checkbox\" id=\"wpforms-3259-field_8_13\" name=\"wpforms[fields][8][]\" value=\"Concessionnaire\" aria-errormessage=\"wpforms-3259-field_8_13-error\" aria-describedby=\"wpforms-3259-field_8-description\" required ><label class=\"wpforms-field-label-inline\" for=\"wpforms-3259-field_8_13\">Concessionnaire<\/label><\/li><li class=\"choice-14 depth-1\"><input type=\"checkbox\" id=\"wpforms-3259-field_8_14\" name=\"wpforms[fields][8][]\" value=\"\u00c9cotourisme\" aria-errormessage=\"wpforms-3259-field_8_14-error\" aria-describedby=\"wpforms-3259-field_8-description\" required ><label class=\"wpforms-field-label-inline\" for=\"wpforms-3259-field_8_14\">\u00c9cotourisme<\/label><\/li><li class=\"choice-15 depth-1\"><input type=\"checkbox\" id=\"wpforms-3259-field_8_15\" name=\"wpforms[fields][8][]\" value=\"Transport\" aria-errormessage=\"wpforms-3259-field_8_15-error\" aria-describedby=\"wpforms-3259-field_8-description\" required ><label class=\"wpforms-field-label-inline\" for=\"wpforms-3259-field_8_15\">Transport<\/label><\/li><li class=\"choice-16 depth-1\"><input type=\"checkbox\" id=\"wpforms-3259-field_8_16\" name=\"wpforms[fields][8][]\" value=\"\u00c9nergie\" aria-errormessage=\"wpforms-3259-field_8_16-error\" aria-describedby=\"wpforms-3259-field_8-description\" required ><label class=\"wpforms-field-label-inline\" for=\"wpforms-3259-field_8_16\">\u00c9nergie<\/label><\/li><\/ul><div id=\"wpforms-3259-field_8-description\" class=\"wpforms-field-description\">Choisir une ou plusieurs options ci-dessous<\/div><\/fieldset><\/div><div id=\"wpforms-3259-field_9-container\" class=\"wpforms-field wpforms-field-radio\" data-field-id=\"9\"><fieldset><legend class=\"wpforms-field-label\">Souhaitez-vous recevoir le dossier sponsor ? <span class=\"wpforms-required-label\" aria-hidden=\"true\">*<\/span><\/legend><ul id=\"wpforms-3259-field_9\" class=\"wpforms-field-required\"><li class=\"choice-1 depth-1\"><input type=\"radio\" id=\"wpforms-3259-field_9_1\" name=\"wpforms[fields][9]\" value=\"Oui\" aria-errormessage=\"wpforms-3259-field_9_1-error\" aria-describedby=\"wpforms-3259-field_9-description\" required ><label class=\"wpforms-field-label-inline\" for=\"wpforms-3259-field_9_1\">Oui<\/label><\/li><li class=\"choice-2 depth-1\"><input type=\"radio\" id=\"wpforms-3259-field_9_2\" name=\"wpforms[fields][9]\" value=\"Non\" aria-errormessage=\"wpforms-3259-field_9_2-error\" aria-describedby=\"wpforms-3259-field_9-description\" required ><label class=\"wpforms-field-label-inline\" for=\"wpforms-3259-field_9_2\">Non<\/label><\/li><\/ul><div id=\"wpforms-3259-field_9-description\" class=\"wpforms-field-description\">Si Oui, nous vous l\u2019enverrons \u00e0 l\u2019email professionnel saisi.<\/div><\/fieldset><\/div><div id=\"wpforms-3259-field_10-container\" class=\"wpforms-field wpforms-field-textarea\" data-field-id=\"10\"><label class=\"wpforms-field-label\" for=\"wpforms-3259-field_10\">Quel est votre objectif en sponsorisant cet \u00e9v\u00e9nement ? <span class=\"wpforms-required-label\" aria-hidden=\"true\">*<\/span><\/label><textarea id=\"wpforms-3259-field_10\" class=\"wpforms-field-medium wpforms-field-required\" name=\"wpforms[fields][10]\" placeholder=\"Ex. : notori\u00e9t\u00e9, leads qualifi\u00e9s, visibilit\u00e9 marque, recrutement\u2026\" aria-errormessage=\"wpforms-3259-field_10-error\" required><\/textarea><\/div><div id=\"wpforms-3259-field_11-container\" class=\"wpforms-field wpforms-field-textarea\" data-field-id=\"11\"><label class=\"wpforms-field-label\" for=\"wpforms-3259-field_11\">Message compl\u00e9mentaire<\/label><textarea id=\"wpforms-3259-field_11\" class=\"wpforms-field-medium\" name=\"wpforms[fields][11]\" placeholder=\"Votre message\" aria-errormessage=\"wpforms-3259-field_11-error\" ><\/textarea><\/div><script>\n\t\t\t\t( function() {\n\t\t\t\t\tconst style = document.createElement( 'style' );\n\t\t\t\t\tstyle.appendChild( document.createTextNode( '#wpforms-3259-field_5-container { position: absolute !important; overflow: hidden !important; display: inline !important; height: 1px !important; width: 1px !important; z-index: -1000 !important; padding: 0 !important; } #wpforms-3259-field_5-container input { visibility: hidden; } #wpforms-conversational-form-page #wpforms-3259-field_5-container label { counter-increment: none; }' ) );\n\t\t\t\t\tdocument.head.appendChild( style );\n\t\t\t\t\tdocument.currentScript?.remove();\n\t\t\t\t} )();\n\t\t\t<\/script><\/div><!-- .wpforms-field-container --><div class=\"wpforms-submit-container\" ><input type=\"hidden\" name=\"wpforms[id]\" value=\"3259\"><input type=\"hidden\" name=\"page_title\" value=\"\"><input type=\"hidden\" name=\"page_url\" value=\"https:\/\/nsi.ci\/en\/wp-json\/wp\/v2\/pages\/1587\"><input type=\"hidden\" name=\"url_referer\" value=\"\"><button type=\"submit\" name=\"wpforms[submit]\" id=\"wpforms-submit-3259\" class=\"wpforms-submit\" data-alt-text=\"Envoi...\" data-submit-text=\"Soumettre le formulaire\" aria-live=\"assertive\" value=\"wpforms-submit\">Soumettre le formulaire<\/button><img decoding=\"async\" src=\"https:\/\/nsi.ci\/wp-content\/plugins\/wpforms-lite\/assets\/images\/submit-spin.svg\" class=\"wpforms-submit-spinner\" style=\"display: none;\" width=\"26\" height=\"26\" alt=\"Loading\"><\/div><\/form><\/div>  <!-- .wpforms-container -->\t\t\t\t<\/div>\n\t\t\t\t<\/div>\n\t\t\t\t\t<\/div>\n\t\t\t\t<\/div>\n\t\t\t\t\t<\/div>\n\t\t\t\t<\/div>\n\t\t\t\t<\/div>\n\t\t","protected":false},"excerpt":{"rendered":"<p>Comment devenir sponsor ? Associez votre marque \u00e0 un \u00e9v\u00e9nement d\u2019envergure ! Devenez sponsor et b\u00e9n\u00e9ficiez d\u2019une forte visibilit\u00e9 tout en affirmant votre engagement aupr\u00e8s d\u2019un public large et diversifi\u00e9. En tant que sponsor, vous profitez de nombreux avantages : \u2714 Une visibilit\u00e9 optimale sur nos supports de communication (site web, r\u00e9seaux sociaux, m\u00e9dias partenaires\u2026). [&hellip;]<\/p>\n","protected":false},"author":2,"featured_media":0,"parent":0,"menu_order":0,"comment_status":"closed","ping_status":"closed","template":"","meta":{"_seopress_robots_primary_cat":"","_seopress_titles_title":"","_seopress_titles_desc":"","_seopress_robots_index":"","footnotes":""},"class_list":["post-1587","page","type-page","status-publish","hentry"],"_links":{"self":[{"href":"https:\/\/nsi.ci\/en\/wp-json\/wp\/v2\/pages\/1587","targetHints":{"allow":["GET"]}}],"collection":[{"href":"https:\/\/nsi.ci\/en\/wp-json\/wp\/v2\/pages"}],"about":[{"href":"https:\/\/nsi.ci\/en\/wp-json\/wp\/v2\/types\/page"}],"author":[{"embeddable":true,"href":"https:\/\/nsi.ci\/en\/wp-json\/wp\/v2\/users\/2"}],"replies":[{"embeddable":true,"href":"https:\/\/nsi.ci\/en\/wp-json\/wp\/v2\/comments?post=1587"}],"version-history":[{"count":27,"href":"https:\/\/nsi.ci\/en\/wp-json\/wp\/v2\/pages\/1587\/revisions"}],"predecessor-version":[{"id":3289,"href":"https:\/\/nsi.ci\/en\/wp-json\/wp\/v2\/pages\/1587\/revisions\/3289"}],"wp:attachment":[{"href":"https:\/\/nsi.ci\/en\/wp-json\/wp\/v2\/media?parent=1587"}],"curies":[{"name":"wp","href":"https:\/\/api.w.org\/{rel}","templated":true}]}}