{"id":1794,"date":"2025-06-21T11:49:41","date_gmt":"2025-06-21T09:49:41","guid":{"rendered":"https:\/\/nsi.ci\/?page_id=1794"},"modified":"2025-06-24T01:44:45","modified_gmt":"2025-06-23T23:44:45","slug":"morisawarila-devenir-sponsor","status":"publish","type":"page","link":"https:\/\/nsi.ci\/en\/morisawarila-devenir-sponsor\/","title":{"rendered":"Morisawarila \u2013 devenir sponsor"},"content":{"rendered":"<div data-elementor-type=\"wp-page\" data-elementor-id=\"1794\" class=\"elementor elementor-1794\" data-elementor-post-type=\"page\">\n\t\t\t\t<div class=\"elementor-element elementor-element-33e89b6e e-con-full e-flex e-con e-parent\" data-id=\"33e89b6e\" data-element_type=\"container\" data-e-type=\"container\" data-settings=\"{&quot;background_background&quot;:&quot;classic&quot;}\">\n\t\t\t\t<\/div>\n\t\t<div class=\"elementor-element elementor-element-56e32e3b e-flex e-con-boxed e-con e-parent\" data-id=\"56e32e3b\" data-element_type=\"container\" data-e-type=\"container\">\n\t\t\t\t\t<div class=\"e-con-inner\">\n\t\t<div class=\"elementor-element elementor-element-74a6df9d e-flex e-con-boxed e-con e-child\" data-id=\"74a6df9d\" data-element_type=\"container\" data-e-type=\"container\">\n\t\t\t\t\t<div class=\"e-con-inner\">\n\t\t\t\t<div class=\"elementor-element elementor-element-29f5acf2 elementor-widget elementor-widget-heading\" data-id=\"29f5acf2\" data-element_type=\"widget\" data-e-type=\"widget\" data-widget_type=\"heading.default\">\n\t\t\t\t<div class=\"elementor-widget-container\">\n\t\t\t\t\t<h2 class=\"elementor-heading-title elementor-size-default\">How to become a sponsor?<\/h2>\t\t\t\t<\/div>\n\t\t\t\t<\/div>\n\t\t\t\t<div class=\"elementor-element elementor-element-42df5acf elementor-widget elementor-widget-text-editor\" data-id=\"42df5acf\" data-element_type=\"widget\" data-e-type=\"widget\" data-widget_type=\"text-editor.default\">\n\t\t\t\t<div class=\"elementor-widget-container\">\n\t\t\t\t\t\t\t\t\t<p>Becoming a sponsor of our event is much more than just financial support. It means associating your image with a large-scale project, benefiting from high visibility, and demonstrating your commitment to a wide and diverse audience. Our sponsor partners occupy a prominent place in all our communications and at key moments during the event.<\/p><p>As a sponsor, you enjoy numerous benefits:<br \/>\u2714 Enhanced visual presence across all communication media (posters, videos, website, badges, social media, etc.).<br \/>\u2714 Enhance your brand through speeches, events, or customized booths.<br \/>\u2714 An association with a meaningful, credible initiative that is followed by a wide audience.<br \/>\u2714 Measurable and tangible benefits in terms of brand awareness and image.<\/p><p>To become a sponsor:<br \/>\ud83d\udccc Browse our sales brochure to discover our various sponsorship packages, tailored to all levels of commitment.<br \/>\ud83d\udccc Choose your plan based on your goals.<br \/>\ud83d\udccc Download and complete the application form, then send it to our team.<\/p><p>\ud83d\udcce Useful documents:<\/p><p>\u00a0Download the sales brochure<\/p><p>\u00a0Download the application form<\/p><p>\u00a0Download the program<\/p>\t\t\t\t\t\t\t\t<\/div>\n\t\t\t\t<\/div>\n\t\t\t\t\t<\/div>\n\t\t\t\t<\/div>\n\t\t\t\t\t<\/div>\n\t\t\t\t<\/div>\n\t\t\t\t<\/div>","protected":false},"excerpt":{"rendered":"<p>Comment devenir sponsor ? Devenir sponsor de notre \u00e9v\u00e9nement, c\u2019est bien plus qu\u2019un simple appui financier. C\u2019est associer votre image \u00e0 un projet d\u2019envergure, b\u00e9n\u00e9ficier d\u2019une forte visibilit\u00e9 et d\u00e9montrer votre engagement aupr\u00e8s d\u2019un public large et diversifi\u00e9. Nos partenaires sponsors occupent une place de choix dans toutes nos actions de communication et lors des [&hellip;]<\/p>\n","protected":false},"author":2,"featured_media":0,"parent":0,"menu_order":0,"comment_status":"closed","ping_status":"closed","template":"","meta":{"_seopress_robots_primary_cat":"","_seopress_titles_title":"","_seopress_titles_desc":"","_seopress_robots_index":"","footnotes":""},"class_list":["post-1794","page","type-page","status-publish","hentry"],"_links":{"self":[{"href":"https:\/\/nsi.ci\/en\/wp-json\/wp\/v2\/pages\/1794","targetHints":{"allow":["GET"]}}],"collection":[{"href":"https:\/\/nsi.ci\/en\/wp-json\/wp\/v2\/pages"}],"about":[{"href":"https:\/\/nsi.ci\/en\/wp-json\/wp\/v2\/types\/page"}],"author":[{"embeddable":true,"href":"https:\/\/nsi.ci\/en\/wp-json\/wp\/v2\/users\/2"}],"replies":[{"embeddable":true,"href":"https:\/\/nsi.ci\/en\/wp-json\/wp\/v2\/comments?post=1794"}],"version-history":[{"count":12,"href":"https:\/\/nsi.ci\/en\/wp-json\/wp\/v2\/pages\/1794\/revisions"}],"predecessor-version":[{"id":2415,"href":"https:\/\/nsi.ci\/en\/wp-json\/wp\/v2\/pages\/1794\/revisions\/2415"}],"wp:attachment":[{"href":"https:\/\/nsi.ci\/en\/wp-json\/wp\/v2\/media?parent=1794"}],"curies":[{"name":"wp","href":"https:\/\/api.w.org\/{rel}","templated":true}]}}