{"id":1841,"date":"2025-06-21T12:01:18","date_gmt":"2025-06-21T10:01:18","guid":{"rendered":"https:\/\/nsi.ci\/?page_id=1841"},"modified":"2025-09-15T16:31:04","modified_gmt":"2025-09-15T14:31:04","slug":"parlons-elevage-devenir-candidat","status":"publish","type":"page","link":"https:\/\/nsi.ci\/en\/parlons-elevage-devenir-candidat\/","title":{"rendered":"Parlons \u00c9levage &#8211; devenir candidat"},"content":{"rendered":"\t\t<div data-elementor-type=\"wp-page\" data-elementor-id=\"1841\" class=\"elementor elementor-1841\" data-elementor-post-type=\"page\">\n\t\t\t\t<div class=\"elementor-element elementor-element-8d33815 e-con-full e-flex e-con e-parent\" data-id=\"8d33815\" data-element_type=\"container\" data-e-type=\"container\" data-settings=\"{&quot;background_background&quot;:&quot;classic&quot;}\">\n\t\t\t\t<\/div>\n\t\t<div class=\"elementor-element elementor-element-26d145e4 e-flex e-con-boxed e-con e-parent\" data-id=\"26d145e4\" data-element_type=\"container\" data-e-type=\"container\">\n\t\t\t\t\t<div class=\"e-con-inner\">\n\t\t<div class=\"elementor-element elementor-element-62f704ab e-flex e-con-boxed e-con e-child\" data-id=\"62f704ab\" data-element_type=\"container\" data-e-type=\"container\">\n\t\t\t\t\t<div class=\"e-con-inner\">\n\t\t\t\t<div class=\"elementor-element elementor-element-4e82465e elementor-widget elementor-widget-heading\" data-id=\"4e82465e\" data-element_type=\"widget\" data-e-type=\"widget\" data-widget_type=\"heading.default\">\n\t\t\t\t<div class=\"elementor-widget-container\">\n\t\t\t\t\t<h2 class=\"elementor-heading-title elementor-size-default\">Formulaire de Candidature <\/h2>\t\t\t\t<\/div>\n\t\t\t\t<\/div>\n\t\t\t\t<div class=\"elementor-element elementor-element-a194f98 elementor-widget elementor-widget-text-editor\" data-id=\"a194f98\" data-element_type=\"widget\" data-e-type=\"widget\" data-widget_type=\"text-editor.default\">\n\t\t\t\t<div class=\"elementor-widget-container\">\n\t\t\t\t\t\t\t\t\t<p>Vous \u00eates passionn\u00e9(e) par l\u2019\u00e9levage et souhaitez partager votre exp\u00e9rience avec le grand public ? Rejoignez notre \u00e9mission de t\u00e9l\u00e9r\u00e9alit\u00e9 \u00ab\u00a0Parlons \u00c9levage\u00a0\u00bb !<\/p><p>Veuillez remplir le formulaire ci-dessous pour soumettre votre candidature.<\/p>\t\t\t\t\t\t\t\t<\/div>\n\t\t\t\t<\/div>\n\t\t\t\t<div class=\"elementor-element elementor-element-a75f2d4 elementor-widget elementor-widget-wpforms\" data-id=\"a75f2d4\" data-element_type=\"widget\" data-e-type=\"widget\" data-widget_type=\"wpforms.default\">\n\t\t\t\t<div class=\"elementor-widget-container\">\n\t\t\t\t\t<div class=\"wpforms-container wpforms-container-full wpforms-render-modern\" id=\"wpforms-3210\"><form id=\"wpforms-form-3210\" class=\"wpforms-validate wpforms-form wpforms-ajax-form\" data-formid=\"3210\" method=\"post\" enctype=\"multipart\/form-data\" action=\"\/en\/wp-json\/wp\/v2\/pages\/1841\" data-token=\"1f90156efd53f3f9ab1ccd7e03ffdbe1\" data-token-time=\"1775919182\"><noscript class=\"wpforms-error-noscript\">Please enable JavaScript in your browser to complete this form.<\/noscript><div id=\"wpforms-error-noscript\" style=\"display: none;\">Please enable JavaScript in your browser to complete this form.<\/div><div class=\"wpforms-field-container\">\t\t<div id=\"wpforms-3210-field_11-container\"\n\t\t\tclass=\"wpforms-field wpforms-field-text\"\n\t\t\tdata-field-type=\"text\"\n\t\t\tdata-field-id=\"11\"\n\t\t\t>\n\t\t\t<label class=\"wpforms-field-label\" for=\"wpforms-3210-field_11\" >* * *<\/label>\n\t\t\t<input type=\"text\" id=\"wpforms-3210-field_11\" class=\"wpforms-field-medium\" name=\"wpforms[fields][11]\" >\n\t\t<\/div>\n\t\t<div id=\"wpforms-3210-field_1-container\" class=\"wpforms-field wpforms-field-text\" data-field-id=\"1\"><label class=\"wpforms-field-label\" for=\"wpforms-3210-field_1\">Nom complet * <span class=\"wpforms-required-label\" aria-hidden=\"true\">*<\/span><\/label><input type=\"text\" id=\"wpforms-3210-field_1\" class=\"wpforms-field-medium wpforms-field-required\" name=\"wpforms[fields][1]\" placeholder=\"Nom et pr\u00e9nom\" aria-errormessage=\"wpforms-3210-field_1-error\" aria-describedby=\"wpforms-3210-field_1-description\" required><div id=\"wpforms-3210-field_1-description\" class=\"wpforms-field-description\">Saisissez votre nom complet (2 \u00e0 100 caract\u00e8res).<\/div><\/div><div id=\"wpforms-3210-field_2-container\" class=\"wpforms-field wpforms-field-number\" data-field-id=\"2\"><label class=\"wpforms-field-label\" for=\"wpforms-3210-field_2\">\u00c2ge * <span class=\"wpforms-required-label\" aria-hidden=\"true\">*<\/span><\/label><input type=\"number\" id=\"wpforms-3210-field_2\" class=\"wpforms-field-medium wpforms-field-required\" name=\"wpforms[fields][2]\" placeholder=\"Votre \u00e2ge\" min=\"15\" max=\"100\" step=\"any\" aria-errormessage=\"wpforms-3210-field_2-error\" aria-describedby=\"wpforms-3210-field_2-description\" required><div id=\"wpforms-3210-field_2-description\" class=\"wpforms-field-description\">Veuillez saisir un \u00e2ge valide entre 15 et 100.<\/div><\/div><div id=\"wpforms-3210-field_3-container\" class=\"wpforms-field wpforms-field-radio\" data-field-id=\"3\"><fieldset><legend class=\"wpforms-field-label\">Sexe * <span class=\"wpforms-required-label\" aria-hidden=\"true\">*<\/span><\/legend><ul id=\"wpforms-3210-field_3\" class=\"wpforms-field-required\"><li class=\"choice-1 depth-1\"><input type=\"radio\" id=\"wpforms-3210-field_3_1\" name=\"wpforms[fields][3]\" value=\"Homme\" aria-errormessage=\"wpforms-3210-field_3_1-error\" required ><label class=\"wpforms-field-label-inline\" for=\"wpforms-3210-field_3_1\">Homme<\/label><\/li><li class=\"choice-2 depth-1\"><input type=\"radio\" id=\"wpforms-3210-field_3_2\" name=\"wpforms[fields][3]\" value=\"Femme\" aria-errormessage=\"wpforms-3210-field_3_2-error\" required ><label class=\"wpforms-field-label-inline\" for=\"wpforms-3210-field_3_2\">Femme<\/label><\/li><li class=\"choice-3 depth-1\"><input type=\"radio\" id=\"wpforms-3210-field_3_3\" name=\"wpforms[fields][3]\" value=\"Autre\" aria-errormessage=\"wpforms-3210-field_3_3-error\" required ><label class=\"wpforms-field-label-inline\" for=\"wpforms-3210-field_3_3\">Autre<\/label><\/li><\/ul><\/fieldset><\/div><div id=\"wpforms-3210-field_4-container\" class=\"wpforms-field wpforms-field-text\" data-field-id=\"4\"><label class=\"wpforms-field-label\" for=\"wpforms-3210-field_4\">T\u00e9l\u00e9phone<\/label><input type=\"text\" id=\"wpforms-3210-field_4\" class=\"wpforms-field-medium\" name=\"wpforms[fields][4]\" placeholder=\"225 00 00 00 00 00\" aria-errormessage=\"wpforms-3210-field_4-error\" aria-describedby=\"wpforms-3210-field_4-description\" ><div id=\"wpforms-3210-field_4-description\" class=\"wpforms-field-description\">Num\u00e9ro au format international. Exemple : 225 xx xx xx xx xx.<\/div><\/div><div id=\"wpforms-3210-field_5-container\" class=\"wpforms-field wpforms-field-email\" data-field-id=\"5\"><label class=\"wpforms-field-label\" for=\"wpforms-3210-field_5\">E-mail<\/label><input type=\"email\" id=\"wpforms-3210-field_5\" class=\"wpforms-field-medium\" name=\"wpforms[fields][5]\" placeholder=\"nom@domaine.com\" spellcheck=\"false\" aria-errormessage=\"wpforms-3210-field_5-error\" aria-describedby=\"wpforms-3210-field_5-description\" ><div id=\"wpforms-3210-field_5-description\" class=\"wpforms-field-description\">Saisissez une adresse valide si renseign\u00e9.<\/div><\/div><div id=\"wpforms-3210-field_6-container\" class=\"wpforms-field wpforms-field-checkbox\" data-field-id=\"6\"><fieldset><legend class=\"wpforms-field-label\">Consentement RGPD<\/legend><ul id=\"wpforms-3210-field_6\"><li class=\"choice-1 depth-1\"><input type=\"checkbox\" id=\"wpforms-3210-field_6_1\" name=\"wpforms[fields][6][]\" value=\"J&#039;accepte d&#039;\u00eatre contact\u00e9 au sujet de ma candidature.\" aria-errormessage=\"wpforms-3210-field_6_1-error\" aria-describedby=\"wpforms-3210-field_6-description\"  ><label class=\"wpforms-field-label-inline\" for=\"wpforms-3210-field_6_1\">J'accepte d'\u00eatre contact\u00e9 au sujet de ma candidature.<\/label><\/li><\/ul><div id=\"wpforms-3210-field_6-description\" class=\"wpforms-field-description\">J'accepte d'\u00eatre contact\u00e9 au sujet de ma candidature.<\/div><\/fieldset><\/div><div id=\"wpforms-3210-field_7-container\" class=\"wpforms-field wpforms-field-text\" data-field-id=\"7\"><label class=\"wpforms-field-label\" for=\"wpforms-3210-field_7\">Localit\u00e9 \/ R\u00e9gion * <span class=\"wpforms-required-label\" aria-hidden=\"true\">*<\/span><\/label><input type=\"text\" id=\"wpforms-3210-field_7\" class=\"wpforms-field-medium wpforms-field-required\" name=\"wpforms[fields][7]\" placeholder=\"Ville \/ R\u00e9gion\" aria-errormessage=\"wpforms-3210-field_7-error\" aria-describedby=\"wpforms-3210-field_7-description\" required><div id=\"wpforms-3210-field_7-description\" class=\"wpforms-field-description\">Indiquez votre ville ou r\u00e9gion d'\u00e9levage.<\/div><\/div><div id=\"wpforms-3210-field_8-container\" class=\"wpforms-field wpforms-field-checkbox\" data-field-id=\"8\"><fieldset><legend class=\"wpforms-field-label\">Type d&#039;\u00e9levage pratiqu\u00e9 * <span class=\"wpforms-required-label\" aria-hidden=\"true\">*<\/span><\/legend><ul id=\"wpforms-3210-field_8\" class=\"wpforms-field-required\"><li class=\"choice-1 depth-1\"><input type=\"checkbox\" id=\"wpforms-3210-field_8_1\" name=\"wpforms[fields][8][]\" value=\"Bovins\" aria-errormessage=\"wpforms-3210-field_8_1-error\" aria-describedby=\"wpforms-3210-field_8-description\" required ><label class=\"wpforms-field-label-inline\" for=\"wpforms-3210-field_8_1\">Bovins<\/label><\/li><li class=\"choice-2 depth-1\"><input type=\"checkbox\" id=\"wpforms-3210-field_8_2\" name=\"wpforms[fields][8][]\" value=\"Ovins \/ Caprins\" aria-errormessage=\"wpforms-3210-field_8_2-error\" aria-describedby=\"wpforms-3210-field_8-description\" required ><label class=\"wpforms-field-label-inline\" for=\"wpforms-3210-field_8_2\">Ovins \/ Caprins<\/label><\/li><li class=\"choice-3 depth-1\"><input type=\"checkbox\" id=\"wpforms-3210-field_8_3\" name=\"wpforms[fields][8][]\" value=\"Volailles\" aria-errormessage=\"wpforms-3210-field_8_3-error\" aria-describedby=\"wpforms-3210-field_8-description\" required ><label class=\"wpforms-field-label-inline\" for=\"wpforms-3210-field_8_3\">Volailles<\/label><\/li><li class=\"choice-4 depth-1\"><input type=\"checkbox\" id=\"wpforms-3210-field_8_4\" name=\"wpforms[fields][8][]\" value=\"Porcins\" aria-errormessage=\"wpforms-3210-field_8_4-error\" aria-describedby=\"wpforms-3210-field_8-description\" required ><label class=\"wpforms-field-label-inline\" for=\"wpforms-3210-field_8_4\">Porcins<\/label><\/li><li class=\"choice-5 depth-1\"><input type=\"checkbox\" id=\"wpforms-3210-field_8_5\" name=\"wpforms[fields][8][]\" value=\"Aquaculture\" aria-errormessage=\"wpforms-3210-field_8_5-error\" aria-describedby=\"wpforms-3210-field_8-description\" required ><label class=\"wpforms-field-label-inline\" for=\"wpforms-3210-field_8_5\">Aquaculture<\/label><\/li><li class=\"choice-6 depth-1\"><input type=\"checkbox\" id=\"wpforms-3210-field_8_6\" name=\"wpforms[fields][8][]\" value=\"Autre, pr\u00e9cisez\" aria-errormessage=\"wpforms-3210-field_8_6-error\" aria-describedby=\"wpforms-3210-field_8-description\" required ><label class=\"wpforms-field-label-inline\" for=\"wpforms-3210-field_8_6\">Autre, pr\u00e9cisez<\/label><\/li><\/ul><div id=\"wpforms-3210-field_8-description\" class=\"wpforms-field-description\">S\u00e9lectionnez au moins une option.<\/div><\/fieldset><\/div><div id=\"wpforms-3210-field_9-container\" class=\"wpforms-field wpforms-field-text\" data-field-id=\"9\"><label class=\"wpforms-field-label\" for=\"wpforms-3210-field_9\">Pr\u00e9cisez ici *<\/label><input type=\"text\" id=\"wpforms-3210-field_9\" class=\"wpforms-field-medium\" name=\"wpforms[fields][9]\" aria-errormessage=\"wpforms-3210-field_9-error\" aria-describedby=\"wpforms-3210-field_9-description\" ><div id=\"wpforms-3210-field_9-description\" class=\"wpforms-field-description\">\u00c0 remplir seulement si \"Autre, pr\u00e9cisez\" est coch\u00e9.<\/div><\/div><div id=\"wpforms-3210-field_10-container\" class=\"wpforms-field wpforms-field-number\" data-field-id=\"10\"><label class=\"wpforms-field-label\" for=\"wpforms-3210-field_10\">Depuis combien d&#039;ann\u00e9es exercez-vous cette activit\u00e9 ? * <span class=\"wpforms-required-label\" aria-hidden=\"true\">*<\/span><\/label><input type=\"number\" id=\"wpforms-3210-field_10\" class=\"wpforms-field-medium wpforms-field-required\" name=\"wpforms[fields][10]\" placeholder=\"ex : 5\" min=\"0\" step=\"any\" aria-errormessage=\"wpforms-3210-field_10-error\" aria-describedby=\"wpforms-3210-field_10-description\" required><div id=\"wpforms-3210-field_10-description\" class=\"wpforms-field-description\">Indiquez un nombre d'ann\u00e9es (0 ou plus).<\/div><\/div><div id=\"wpforms-3210-field_13-container\" class=\"wpforms-field wpforms-field-checkbox\" data-field-id=\"13\"><fieldset><legend class=\"wpforms-field-label\">Conditions de participation * <span class=\"wpforms-required-label\" aria-hidden=\"true\">*<\/span><\/legend><ul id=\"wpforms-3210-field_13\" class=\"wpforms-field-required\"><li class=\"choice-1 depth-1\"><input type=\"checkbox\" id=\"wpforms-3210-field_13_1\" name=\"wpforms[fields][13][]\" value=\"Je certifie que les informations fournies sont exactes.\" aria-errormessage=\"wpforms-3210-field_13_1-error\" aria-describedby=\"wpforms-3210-field_13-description\" required ><label class=\"wpforms-field-label-inline\" for=\"wpforms-3210-field_13_1\">Je certifie que les informations fournies sont exactes.<\/label><\/li><li class=\"choice-2 depth-1\"><input type=\"checkbox\" id=\"wpforms-3210-field_13_2\" name=\"wpforms[fields][13][]\" value=\"J&#039;autorise l&#039;utilisation de ma vid\u00e9o \u00e0 des fins de pr\u00e9s\u00e9lection et de diffusion dans le cadre de l&#039;\u00e9mission.\" aria-errormessage=\"wpforms-3210-field_13_2-error\" aria-describedby=\"wpforms-3210-field_13-description\" required ><label class=\"wpforms-field-label-inline\" for=\"wpforms-3210-field_13_2\">J'autorise l'utilisation de ma vid\u00e9o \u00e0 des fins de pr\u00e9s\u00e9lection et de diffusion dans le cadre de l'\u00e9mission.<\/label><\/li><li class=\"choice-3 depth-1\"><input type=\"checkbox\" id=\"wpforms-3210-field_13_3\" name=\"wpforms[fields][13][]\" value=\"J&#039;ai pris connaissance et j&#039;accepte les &lt;a href=&quot;conditions-participation&quot; target=&quot;_blank&quot;&gt;conditions g\u00e9n\u00e9rales de participation&lt;\/a&gt;.\" aria-errormessage=\"wpforms-3210-field_13_3-error\" aria-describedby=\"wpforms-3210-field_13-description\" required ><label class=\"wpforms-field-label-inline\" for=\"wpforms-3210-field_13_3\">J'ai pris connaissance et j'accepte les <a href=\"conditions-participation\" target=\"_blank\">conditions g\u00e9n\u00e9rales de participation<\/a>.<\/label><\/li><\/ul><div id=\"wpforms-3210-field_13-description\" class=\"wpforms-field-description\">Veuillez cocher toutes les cases pour valider votre candidature.<\/div><\/fieldset><\/div><script>\n\t\t\t\t( function() {\n\t\t\t\t\tconst style = document.createElement( 'style' );\n\t\t\t\t\tstyle.appendChild( document.createTextNode( '#wpforms-3210-field_11-container { position: absolute !important; overflow: hidden !important; display: inline !important; height: 1px !important; width: 1px !important; z-index: -1000 !important; padding: 0 !important; } #wpforms-3210-field_11-container input { visibility: hidden; } #wpforms-conversational-form-page #wpforms-3210-field_11-container label { counter-increment: none; }' ) );\n\t\t\t\t\tdocument.head.appendChild( style );\n\t\t\t\t\tdocument.currentScript?.remove();\n\t\t\t\t} )();\n\t\t\t<\/script><\/div><!-- .wpforms-field-container --><div class=\"wpforms-submit-container\" ><input type=\"hidden\" name=\"wpforms[id]\" value=\"3210\"><input type=\"hidden\" name=\"page_title\" value=\"\"><input type=\"hidden\" name=\"page_url\" value=\"https:\/\/nsi.ci\/en\/wp-json\/wp\/v2\/pages\/1841\"><input type=\"hidden\" name=\"url_referer\" value=\"\"><button type=\"submit\" name=\"wpforms[submit]\" id=\"wpforms-submit-3210\" class=\"wpforms-submit\" data-alt-text=\"Envoi...\" data-submit-text=\"Soumettre ma candidature\" aria-live=\"assertive\" value=\"wpforms-submit\">Soumettre ma candidature<\/button><img decoding=\"async\" src=\"https:\/\/nsi.ci\/wp-content\/plugins\/wpforms-lite\/assets\/images\/submit-spin.svg\" class=\"wpforms-submit-spinner\" style=\"display: none;\" width=\"26\" height=\"26\" alt=\"Loading\"><\/div><\/form><\/div>  <!-- .wpforms-container -->\t\t\t\t<\/div>\n\t\t\t\t<\/div>\n\t\t\t\t\t<\/div>\n\t\t\t\t<\/div>\n\t\t\t\t\t<\/div>\n\t\t\t\t<\/div>\n\t\t<div class=\"elementor-element elementor-element-999170e e-flex e-con-boxed e-con e-parent\" data-id=\"999170e\" data-element_type=\"container\" data-e-type=\"container\">\n\t\t\t\t\t<div class=\"e-con-inner\">\n\t\t\t\t\t<\/div>\n\t\t\t\t<\/div>\n\t\t\t\t<\/div>\n\t\t","protected":false},"excerpt":{"rendered":"<p>Formulaire de Candidature Vous \u00eates passionn\u00e9(e) par l\u2019\u00e9levage et souhaitez partager votre exp\u00e9rience avec le grand public ? Rejoignez notre \u00e9mission de t\u00e9l\u00e9r\u00e9alit\u00e9 \u00ab\u00a0Parlons \u00c9levage\u00a0\u00bb ! Veuillez remplir le formulaire ci-dessous pour soumettre votre candidature. Veuillez activer JavaScript dans votre navigateur pour remplir ce formulaire.Veuillez activer JavaScript dans votre navigateur pour remplir ce formulaire.Nom complet [&hellip;]<\/p>\n","protected":false},"author":2,"featured_media":0,"parent":0,"menu_order":0,"comment_status":"closed","ping_status":"closed","template":"","meta":{"_seopress_robots_primary_cat":"","_seopress_titles_title":"","_seopress_titles_desc":"","_seopress_robots_index":"","footnotes":""},"class_list":["post-1841","page","type-page","status-publish","hentry"],"_links":{"self":[{"href":"https:\/\/nsi.ci\/en\/wp-json\/wp\/v2\/pages\/1841","targetHints":{"allow":["GET"]}}],"collection":[{"href":"https:\/\/nsi.ci\/en\/wp-json\/wp\/v2\/pages"}],"about":[{"href":"https:\/\/nsi.ci\/en\/wp-json\/wp\/v2\/types\/page"}],"author":[{"embeddable":true,"href":"https:\/\/nsi.ci\/en\/wp-json\/wp\/v2\/users\/2"}],"replies":[{"embeddable":true,"href":"https:\/\/nsi.ci\/en\/wp-json\/wp\/v2\/comments?post=1841"}],"version-history":[{"count":31,"href":"https:\/\/nsi.ci\/en\/wp-json\/wp\/v2\/pages\/1841\/revisions"}],"predecessor-version":[{"id":3243,"href":"https:\/\/nsi.ci\/en\/wp-json\/wp\/v2\/pages\/1841\/revisions\/3243"}],"wp:attachment":[{"href":"https:\/\/nsi.ci\/en\/wp-json\/wp\/v2\/media?parent=1841"}],"curies":[{"name":"wp","href":"https:\/\/api.w.org\/{rel}","templated":true}]}}