{"id":2416,"date":"2025-06-24T09:23:29","date_gmt":"2025-06-24T07:23:29","guid":{"rendered":"https:\/\/nsi.ci\/?page_id=2416"},"modified":"2025-10-03T22:34:15","modified_gmt":"2025-10-03T20:34:15","slug":"services","status":"publish","type":"page","link":"https:\/\/nsi.ci\/en\/services\/","title":{"rendered":"Services"},"content":{"rendered":"\t\t<div data-elementor-type=\"wp-page\" data-elementor-id=\"2416\" class=\"elementor elementor-2416\" data-elementor-post-type=\"page\">\n\t\t\t\t<div class=\"elementor-element elementor-element-46c195b e-con-full e-flex e-con e-parent\" data-id=\"46c195b\" data-element_type=\"container\" data-e-type=\"container\" data-settings=\"{&quot;background_background&quot;:&quot;slideshow&quot;,&quot;background_slideshow_gallery&quot;:[{&quot;id&quot;:3347,&quot;url&quot;:&quot;https:\\\/\\\/nsi.ci\\\/wp-content\\\/uploads\\\/2025\\\/10\\\/2-scaled.png&quot;},{&quot;id&quot;:3348,&quot;url&quot;:&quot;https:\\\/\\\/nsi.ci\\\/wp-content\\\/uploads\\\/2025\\\/10\\\/1-scaled.png&quot;}],&quot;background_slideshow_slide_transition&quot;:&quot;slide_left&quot;,&quot;background_slideshow_slide_duration&quot;:7000,&quot;background_slideshow_transition_duration&quot;:800,&quot;background_slideshow_loop&quot;:&quot;yes&quot;}\" data-no-translation=\"\">\n\t\t\t\t<\/div>\n\t\t<div class=\"elementor-element elementor-element-44d6dba9 e-flex e-con-boxed e-con e-parent\" data-id=\"44d6dba9\" data-element_type=\"container\" data-e-type=\"container\">\n\t\t\t\t\t<div class=\"e-con-inner\">\n\t\t<div class=\"elementor-element elementor-element-4833244f e-flex e-con-boxed e-con e-child\" data-id=\"4833244f\" data-element_type=\"container\" data-e-type=\"container\">\n\t\t\t\t\t<div class=\"e-con-inner\">\n\t\t\t\t<div class=\"elementor-element elementor-element-6a737afa elementor-widget elementor-widget-heading\" data-id=\"6a737afa\" data-element_type=\"widget\" data-e-type=\"widget\" data-widget_type=\"heading.default\">\n\t\t\t\t<div class=\"elementor-widget-container\">\n\t\t\t\t\t<h1 class=\"elementor-heading-title elementor-size-default\">nos services<\/h1>\t\t\t\t<\/div>\n\t\t\t\t<\/div>\n\t\t\t\t\t<\/div>\n\t\t\t\t<\/div>\n\t\t\t\t\t<\/div>\n\t\t\t\t<\/div>\n\t\t<div class=\"elementor-element elementor-element-f05c6db e-flex e-con-boxed e-con e-parent\" data-id=\"f05c6db\" data-element_type=\"container\" data-e-type=\"container\" data-settings=\"{&quot;background_background&quot;:&quot;classic&quot;}\">\n\t\t\t\t\t<div class=\"e-con-inner\">\n\t\t<div class=\"elementor-element elementor-element-0882687 e-con-full e-flex e-con e-child\" data-id=\"0882687\" data-element_type=\"container\" data-e-type=\"container\">\n\t\t\t\t<div class=\"elementor-element elementor-element-6097e2c elementor-widget elementor-widget-image\" data-id=\"6097e2c\" data-element_type=\"widget\" data-e-type=\"widget\" data-widget_type=\"image.default\">\n\t\t\t\t<div class=\"elementor-widget-container\">\n\t\t\t\t\t\t\t\t\t\t\t\t\t\t\t<img alt=\"\" fetchpriority=\"high\" decoding=\"async\" width=\"656\" height=\"519\" src=\"https:\/\/nsi.ci\/wp-content\/uploads\/2025\/08\/IMAGE-4-4.png\" class=\"attachment-large size-large wp-image-2974\" alt=\"\" srcset=\"https:\/\/nsi.ci\/wp-content\/uploads\/2025\/08\/IMAGE-4-4.png 656w, https:\/\/nsi.ci\/wp-content\/uploads\/2025\/08\/IMAGE-4-4-300x237.png 300w\" sizes=\"(max-width: 656px) 100vw, 656px\" \/>\t\t\t\t\t\t\t\t\t\t\t\t\t\t\t<\/div>\n\t\t\t\t<\/div>\n\t\t\t\t<\/div>\n\t\t<div class=\"elementor-element elementor-element-8ee126e e-con-full e-flex e-con e-child\" data-id=\"8ee126e\" data-element_type=\"container\" data-e-type=\"container\">\n\t\t<div class=\"elementor-element elementor-element-2074e54 e-con-full e-flex e-con e-child\" data-id=\"2074e54\" data-element_type=\"container\" data-e-type=\"container\" data-settings=\"{&quot;background_background&quot;:&quot;classic&quot;}\">\n\t\t\t\t<div class=\"elementor-element elementor-element-d00907e elementor-widget__width-initial elementor-widget elementor-widget-text-editor\" data-id=\"d00907e\" data-element_type=\"widget\" data-e-type=\"widget\" data-widget_type=\"text-editor.default\">\n\t\t\t\t<div class=\"elementor-widget-container\">\n\t\t\t\t\t\t\t\t\t<p>Concevoir, organiser et sublimer vos \u00e9v\u00e9nements pour cr\u00e9er des exp\u00e9riences m\u00e9morables et coh\u00e9rentes <br \/>avec votre image de marque.<br \/>Nos prestations :<br \/>\u2022 Conception et planification d\u2019\u00e9v\u00e9nements (corporate, culturels, priv\u00e9s)<br \/>\u2022 Coordination logistique et technique<br \/>\u2022 Gestion des invit\u00e9s, animation &amp; sc\u00e9nographie<\/p><p>On ne fait pas que des \u00e9v\u00e9nements, On cr\u00e9e des moments qui marquent, qui r\u00e9sonnent, qui <br \/>rassemblent, Des lancements, des soir\u00e9es, des shows\u2026 o\u00f9 chaque d\u00e9tail a du sens. <br \/>Vous venez avec une id\u00e9e, on repart avec des souvenirs.<\/p>\t\t\t\t\t\t\t\t<\/div>\n\t\t\t\t<\/div>\n\t\t\t\t<\/div>\n\t\t\t\t<\/div>\n\t\t\t\t\t<\/div>\n\t\t\t\t<\/div>\n\t\t<div class=\"elementor-element elementor-element-a21d7d8 e-flex e-con-boxed e-con e-parent\" data-id=\"a21d7d8\" data-element_type=\"container\" data-e-type=\"container\">\n\t\t\t\t\t<div class=\"e-con-inner\">\n\t\t<div class=\"elementor-element elementor-element-fb8d3ae e-con-full e-flex e-con e-child\" data-id=\"fb8d3ae\" data-element_type=\"container\" data-e-type=\"container\">\n\t\t\t\t<div class=\"elementor-element elementor-element-e093057 elementor-widget elementor-widget-image\" data-id=\"e093057\" data-element_type=\"widget\" data-e-type=\"widget\" data-widget_type=\"image.default\">\n\t\t\t\t<div class=\"elementor-widget-container\">\n\t\t\t\t\t\t\t\t\t\t\t\t\t\t\t<img alt=\"\" decoding=\"async\" width=\"656\" height=\"519\" src=\"https:\/\/nsi.ci\/wp-content\/uploads\/2025\/08\/IMAGE-5.png\" class=\"attachment-large size-large wp-image-2935\" alt=\"\" srcset=\"https:\/\/nsi.ci\/wp-content\/uploads\/2025\/08\/IMAGE-5.png 656w, https:\/\/nsi.ci\/wp-content\/uploads\/2025\/08\/IMAGE-5-300x237.png 300w\" sizes=\"(max-width: 656px) 100vw, 656px\" \/>\t\t\t\t\t\t\t\t\t\t\t\t\t\t\t<\/div>\n\t\t\t\t<\/div>\n\t\t\t\t<\/div>\n\t\t<div class=\"elementor-element elementor-element-f8283bc e-con-full e-flex e-con e-child\" data-id=\"f8283bc\" data-element_type=\"container\" data-e-type=\"container\" data-settings=\"{&quot;background_background&quot;:&quot;classic&quot;}\">\n\t\t<div class=\"elementor-element elementor-element-b1c5a75 e-con-full e-flex e-con e-child\" data-id=\"b1c5a75\" data-element_type=\"container\" data-e-type=\"container\" data-settings=\"{&quot;background_background&quot;:&quot;classic&quot;}\">\n\t\t\t\t<div class=\"elementor-element elementor-element-eda0834 elementor-widget__width-initial elementor-widget elementor-widget-text-editor\" data-id=\"eda0834\" data-element_type=\"widget\" data-e-type=\"widget\" data-widget_type=\"text-editor.default\">\n\t\t\t\t<div class=\"elementor-widget-container\">\n\t\t\t\t\t\t\t\t\t<p>Nous b\u00e2tissons des strat\u00e9gies sur-mesure qui maximisent votre visibilit\u00e9, fid\u00e9lisent votre audience <br \/>et renforcent votre notori\u00e9t\u00e9.<\/p><p>Nos prestations :<br \/>\u2022 Strat\u00e9gie de communication globale ou digitale<br \/>\u2022 Campagnes marketing (lancement de produits, campagnes r\u00e9seaux, emailing)<br \/>\u2022 Positionnement de marque &amp; storytelling<\/p><p>Des campagnes qui claquent, des messages qui accrochent, des plans d\u2019action qui performent.<br \/>Pas de blabla, que du concret, pens\u00e9 pour atteindre les bonnes personnes au bon moment.<\/p><p>Cr\u00e9er l\u2019attention. Cultiver l\u2019\u00e9motion. Convertir l\u2019intention<\/p>\t\t\t\t\t\t\t\t<\/div>\n\t\t\t\t<\/div>\n\t\t\t\t<\/div>\n\t\t\t\t<\/div>\n\t\t\t\t\t<\/div>\n\t\t\t\t<\/div>\n\t\t<div class=\"elementor-element elementor-element-ee221e1 e-flex e-con-boxed e-con e-parent\" data-id=\"ee221e1\" data-element_type=\"container\" data-e-type=\"container\" data-settings=\"{&quot;background_background&quot;:&quot;classic&quot;}\">\n\t\t\t\t\t<div class=\"e-con-inner\">\n\t\t<div class=\"elementor-element elementor-element-4ff774f e-con-full e-flex e-con e-child\" data-id=\"4ff774f\" data-element_type=\"container\" data-e-type=\"container\">\n\t\t\t\t<div class=\"elementor-element elementor-element-2e48c91 elementor-widget elementor-widget-image\" data-id=\"2e48c91\" data-element_type=\"widget\" data-e-type=\"widget\" data-widget_type=\"image.default\">\n\t\t\t\t<div class=\"elementor-widget-container\">\n\t\t\t\t\t\t\t\t\t\t\t\t\t\t\t<img alt=\"\" decoding=\"async\" width=\"656\" height=\"519\" src=\"https:\/\/nsi.ci\/wp-content\/uploads\/2025\/09\/IMAGE-6.png\" class=\"attachment-large size-large wp-image-2997\" alt=\"\" srcset=\"https:\/\/nsi.ci\/wp-content\/uploads\/2025\/09\/IMAGE-6.png 656w, https:\/\/nsi.ci\/wp-content\/uploads\/2025\/09\/IMAGE-6-300x237.png 300w\" sizes=\"(max-width: 656px) 100vw, 656px\" \/>\t\t\t\t\t\t\t\t\t\t\t\t\t\t\t<\/div>\n\t\t\t\t<\/div>\n\t\t\t\t<\/div>\n\t\t<div class=\"elementor-element elementor-element-89530bd e-con-full e-flex e-con e-child\" data-id=\"89530bd\" data-element_type=\"container\" data-e-type=\"container\">\n\t\t<div class=\"elementor-element elementor-element-77041da e-con-full e-flex e-con e-child\" data-id=\"77041da\" data-element_type=\"container\" data-e-type=\"container\" data-settings=\"{&quot;background_background&quot;:&quot;classic&quot;}\">\n\t\t\t\t<div class=\"elementor-element elementor-element-64ddb13 elementor-widget__width-initial elementor-widget elementor-widget-text-editor\" data-id=\"64ddb13\" data-element_type=\"widget\" data-e-type=\"widget\" data-widget_type=\"text-editor.default\">\n\t\t\t\t<div class=\"elementor-widget-container\">\n\t\t\t\t\t\t\t\t\t<p>Parce que vous \u00eates votre propre marque, nous vous aidons \u00e0 construire une image forte, authentique<br \/>et coh\u00e9rente avec vos objectifs professionnels.<\/p><p>Nos prestations :<\/p><p>\u2022 D\u00e9finition de votre identit\u00e9 personnelle<br \/>\u2022 Coaching en communication &amp; image<br \/>\u2022 Pr\u00e9sence digitale (r\u00e9seaux sociaux, site personnel, portfolios)<\/p><p>Vous \u00eates votre propre marque. On vous aide \u00e0 le montrer, \u00e0 l\u2019incarner, \u00e0 la faire rayonner.<br \/>En ligne, en vrai, partout o\u00f9 on vous regarde.<br \/>Soyez visible. Soyez unique. Soyez vous, en version impactante.<\/p>\t\t\t\t\t\t\t\t<\/div>\n\t\t\t\t<\/div>\n\t\t\t\t<\/div>\n\t\t\t\t<\/div>\n\t\t\t\t\t<\/div>\n\t\t\t\t<\/div>\n\t\t<div class=\"elementor-element elementor-element-0ee9a50 e-flex e-con-boxed e-con e-parent\" data-id=\"0ee9a50\" data-element_type=\"container\" data-e-type=\"container\">\n\t\t\t\t\t<div class=\"e-con-inner\">\n\t\t<div class=\"elementor-element elementor-element-c1dd0b6 e-con-full e-flex e-con e-child\" data-id=\"c1dd0b6\" data-element_type=\"container\" data-e-type=\"container\">\n\t\t\t\t<div class=\"elementor-element elementor-element-4f7f710 elementor-widget elementor-widget-image\" data-id=\"4f7f710\" data-element_type=\"widget\" data-e-type=\"widget\" data-widget_type=\"image.default\">\n\t\t\t\t<div class=\"elementor-widget-container\">\n\t\t\t\t\t\t\t\t\t\t\t\t\t\t\t<img alt=\"\" loading=\"lazy\" decoding=\"async\" width=\"656\" height=\"519\" src=\"https:\/\/nsi.ci\/wp-content\/uploads\/2025\/09\/IMAGE-7.png\" class=\"attachment-large size-large wp-image-2998\" alt=\"\" srcset=\"https:\/\/nsi.ci\/wp-content\/uploads\/2025\/09\/IMAGE-7.png 656w, https:\/\/nsi.ci\/wp-content\/uploads\/2025\/09\/IMAGE-7-300x237.png 300w\" sizes=\"(max-width: 656px) 100vw, 656px\" \/>\t\t\t\t\t\t\t\t\t\t\t\t\t\t\t<\/div>\n\t\t\t\t<\/div>\n\t\t\t\t<\/div>\n\t\t<div class=\"elementor-element elementor-element-8d91040 e-con-full e-flex e-con e-child\" data-id=\"8d91040\" data-element_type=\"container\" data-e-type=\"container\" data-settings=\"{&quot;background_background&quot;:&quot;classic&quot;}\">\n\t\t<div class=\"elementor-element elementor-element-0e6de19 e-con-full e-flex e-con e-child\" data-id=\"0e6de19\" data-element_type=\"container\" data-e-type=\"container\" data-settings=\"{&quot;background_background&quot;:&quot;classic&quot;}\">\n\t\t\t\t<div class=\"elementor-element elementor-element-89d48c1 elementor-widget__width-initial elementor-widget elementor-widget-text-editor\" data-id=\"89d48c1\" data-element_type=\"widget\" data-e-type=\"widget\" data-widget_type=\"text-editor.default\">\n\t\t\t\t<div class=\"elementor-widget-container\">\n\t\t\t\t\t\t\t\t\t<p>Des contenus visuels percutants pour faire passer vos messages<br \/>avec force, \u00e9motion et style.<\/p><p>Nos prestations :<br \/>\u2022 Identit\u00e9 visuelle, logos, supports de communication<br \/>\u2022 Cr\u00e9ation de vid\u00e9os promotionnelles, interviews, motion design<br \/>\u2022 Montage vid\u00e9o &amp; habillage graphique<\/p><p>Une image vaut mille mots. Une bonne vid\u00e9o, bien plus encore. On fait du visuel qui capte l\u2019\u0153il et <br \/>reste en m\u00e9moire.<\/p><p>Identit\u00e9 graphique, contenu vid\u00e9o, montage styl\u00e9 : on donne vie \u00e0 vos<br \/>id\u00e9es.<\/p>\t\t\t\t\t\t\t\t<\/div>\n\t\t\t\t<\/div>\n\t\t\t\t<\/div>\n\t\t\t\t<\/div>\n\t\t\t\t\t<\/div>\n\t\t\t\t<\/div>\n\t\t<div class=\"elementor-element elementor-element-ff38808 e-flex e-con-boxed e-con e-parent\" data-id=\"ff38808\" data-element_type=\"container\" data-e-type=\"container\" data-settings=\"{&quot;background_background&quot;:&quot;classic&quot;}\">\n\t\t\t\t\t<div class=\"e-con-inner\">\n\t\t<div class=\"elementor-element elementor-element-32dd954 e-con-full e-flex e-con e-child\" data-id=\"32dd954\" data-element_type=\"container\" data-e-type=\"container\">\n\t\t\t\t<div class=\"elementor-element elementor-element-5f8c332 elementor-widget elementor-widget-image\" data-id=\"5f8c332\" data-element_type=\"widget\" data-e-type=\"widget\" data-widget_type=\"image.default\">\n\t\t\t\t<div class=\"elementor-widget-container\">\n\t\t\t\t\t\t\t\t\t\t\t\t\t\t\t<img alt=\"\" loading=\"lazy\" decoding=\"async\" width=\"656\" height=\"519\" src=\"https:\/\/nsi.ci\/wp-content\/uploads\/2025\/09\/IMAGE-8.png\" class=\"attachment-large size-large wp-image-2999\" alt=\"\" srcset=\"https:\/\/nsi.ci\/wp-content\/uploads\/2025\/09\/IMAGE-8.png 656w, https:\/\/nsi.ci\/wp-content\/uploads\/2025\/09\/IMAGE-8-300x237.png 300w\" sizes=\"(max-width: 656px) 100vw, 656px\" \/>\t\t\t\t\t\t\t\t\t\t\t\t\t\t\t<\/div>\n\t\t\t\t<\/div>\n\t\t\t\t<\/div>\n\t\t<div class=\"elementor-element elementor-element-3783965 e-con-full e-flex e-con e-child\" data-id=\"3783965\" data-element_type=\"container\" data-e-type=\"container\">\n\t\t<div class=\"elementor-element elementor-element-48a0f48 e-con-full e-flex e-con e-child\" data-id=\"48a0f48\" data-element_type=\"container\" data-e-type=\"container\" data-settings=\"{&quot;background_background&quot;:&quot;classic&quot;}\">\n\t\t\t\t<div class=\"elementor-element elementor-element-d2b5695 elementor-widget__width-initial elementor-widget elementor-widget-text-editor\" data-id=\"d2b5695\" data-element_type=\"widget\" data-e-type=\"widget\" data-widget_type=\"text-editor.default\">\n\t\t\t\t<div class=\"elementor-widget-container\">\n\t\t\t\t\t\t\t\t\t<p>Nous cr\u00e9ons et diffusons du contenu qui fait \u00e9cho. Nos solutions m\u00e9dias vous permettent de toucher <br \/>votre audience, l\u00e0 o\u00f9 elle est.<br \/>Nos prestations :<\/p><p>\u2022 Relations presse &amp; partenariats m\u00e9dias<br \/>\u2022 Cr\u00e9ation de contenu \u00e9ditorial (articles, podcasts, interviews)<br \/>\u2022 Gestion de pr\u00e9sence m\u00e9diatique &amp; e-r\u00e9putation<\/p><p>On amplifie votre voix. On cr\u00e9e du contenu qui fait parler.<br \/>On connecte avec les bons m\u00e9dias, les bonnes audiences, les bons formats.<br \/>Votre message m\u00e9rite une sc\u00e8ne. On l\u2019\u00e9claire.<\/p>\t\t\t\t\t\t\t\t<\/div>\n\t\t\t\t<\/div>\n\t\t\t\t<\/div>\n\t\t\t\t<\/div>\n\t\t\t\t\t<\/div>\n\t\t\t\t<\/div>\n\t\t\t\t<\/div>\n\t\t","protected":false},"excerpt":{"rendered":"<p>nos services Concevoir, organiser et sublimer vos \u00e9v\u00e9nements pour cr\u00e9er des exp\u00e9riences m\u00e9morables et coh\u00e9rentes avec votre image de marque.Nos prestations :\u2022 Conception et planification d\u2019\u00e9v\u00e9nements (corporate, culturels, priv\u00e9s)\u2022 Coordination logistique et technique\u2022 Gestion des invit\u00e9s, animation &amp; sc\u00e9nographie On ne fait pas que des \u00e9v\u00e9nements, On cr\u00e9e des moments qui marquent, qui r\u00e9sonnent, qui [&hellip;]<\/p>\n","protected":false},"author":2,"featured_media":0,"parent":0,"menu_order":0,"comment_status":"closed","ping_status":"closed","template":"","meta":{"_seopress_robots_primary_cat":"","_seopress_titles_title":"","_seopress_titles_desc":"","_seopress_robots_index":"","footnotes":""},"class_list":["post-2416","page","type-page","status-publish","hentry"],"_links":{"self":[{"href":"https:\/\/nsi.ci\/en\/wp-json\/wp\/v2\/pages\/2416","targetHints":{"allow":["GET"]}}],"collection":[{"href":"https:\/\/nsi.ci\/en\/wp-json\/wp\/v2\/pages"}],"about":[{"href":"https:\/\/nsi.ci\/en\/wp-json\/wp\/v2\/types\/page"}],"author":[{"embeddable":true,"href":"https:\/\/nsi.ci\/en\/wp-json\/wp\/v2\/users\/2"}],"replies":[{"embeddable":true,"href":"https:\/\/nsi.ci\/en\/wp-json\/wp\/v2\/comments?post=2416"}],"version-history":[{"count":97,"href":"https:\/\/nsi.ci\/en\/wp-json\/wp\/v2\/pages\/2416\/revisions"}],"predecessor-version":[{"id":3366,"href":"https:\/\/nsi.ci\/en\/wp-json\/wp\/v2\/pages\/2416\/revisions\/3366"}],"wp:attachment":[{"href":"https:\/\/nsi.ci\/en\/wp-json\/wp\/v2\/media?parent=2416"}],"curies":[{"name":"wp","href":"https:\/\/api.w.org\/{rel}","templated":true}]}}