{"id":2732,"date":"2025-08-23T19:35:13","date_gmt":"2025-08-23T17:35:13","guid":{"rendered":"https:\/\/nsi.ci\/?page_id=2732"},"modified":"2025-09-09T16:00:25","modified_gmt":"2025-09-09T14:00:25","slug":"blog","status":"publish","type":"page","link":"https:\/\/nsi.ci\/en\/blog\/","title":{"rendered":"Blog"},"content":{"rendered":"\t\t<div data-elementor-type=\"wp-page\" data-elementor-id=\"2732\" class=\"elementor elementor-2732\" data-elementor-post-type=\"page\">\n\t\t\t\t<div class=\"elementor-element elementor-element-f1b3b94 e-con-full e-flex e-con e-parent\" data-id=\"f1b3b94\" data-element_type=\"container\" data-e-type=\"container\" data-settings=\"{&quot;background_background&quot;:&quot;slideshow&quot;,&quot;background_slideshow_gallery&quot;:[{&quot;id&quot;:2318,&quot;url&quot;:&quot;https:\\\/\\\/nsi.ci\\\/wp-content\\\/uploads\\\/2025\\\/06\\\/063A7920-scaled.png&quot;},{&quot;id&quot;:2297,&quot;url&quot;:&quot;https:\\\/\\\/nsi.ci\\\/wp-content\\\/uploads\\\/2025\\\/06\\\/3N1A0060-scaled.jpg&quot;},{&quot;id&quot;:2294,&quot;url&quot;:&quot;https:\\\/\\\/nsi.ci\\\/wp-content\\\/uploads\\\/2025\\\/06\\\/3N1A0050-scaled.jpg&quot;},{&quot;id&quot;:2291,&quot;url&quot;:&quot;https:\\\/\\\/nsi.ci\\\/wp-content\\\/uploads\\\/2025\\\/06\\\/3N1A0071-scaled.jpg&quot;},{&quot;id&quot;:2312,&quot;url&quot;:&quot;https:\\\/\\\/nsi.ci\\\/wp-content\\\/uploads\\\/2025\\\/06\\\/3.jpg&quot;},{&quot;id&quot;:2269,&quot;url&quot;:&quot;https:\\\/\\\/nsi.ci\\\/wp-content\\\/uploads\\\/2025\\\/06\\\/3N1A0213-scaled.jpg&quot;},{&quot;id&quot;:2244,&quot;url&quot;:&quot;https:\\\/\\\/nsi.ci\\\/wp-content\\\/uploads\\\/2025\\\/06\\\/3N1A1570-scaled.jpg&quot;},{&quot;id&quot;:2239,&quot;url&quot;:&quot;https:\\\/\\\/nsi.ci\\\/wp-content\\\/uploads\\\/2025\\\/06\\\/480699675_612268165003729_6727194719868316269_n.jpg&quot;},{&quot;id&quot;:2235,&quot;url&quot;:&quot;https:\\\/\\\/nsi.ci\\\/wp-content\\\/uploads\\\/2025\\\/06\\\/480660498_611022665128279_3470904866334430263_n.jpg&quot;},{&quot;id&quot;:2220,&quot;url&quot;:&quot;https:\\\/\\\/nsi.ci\\\/wp-content\\\/uploads\\\/2025\\\/06\\\/481659155_615049268058952_4383242505316235382_n.jpg&quot;},{&quot;id&quot;:2218,&quot;url&quot;:&quot;https:\\\/\\\/nsi.ci\\\/wp-content\\\/uploads\\\/2025\\\/06\\\/481269677_612268328337046_2037989015224190852_n.jpg&quot;},{&quot;id&quot;:2212,&quot;url&quot;:&quot;https:\\\/\\\/nsi.ci\\\/wp-content\\\/uploads\\\/2025\\\/06\\\/481172949_611328491764363_6091439283274992216_n.jpg&quot;},{&quot;id&quot;:2208,&quot;url&quot;:&quot;https:\\\/\\\/nsi.ci\\\/wp-content\\\/uploads\\\/2025\\\/06\\\/480967090_611338111763401_1865070821500127599_n.jpg&quot;},{&quot;id&quot;:2158,&quot;url&quot;:&quot;https:\\\/\\\/nsi.ci\\\/wp-content\\\/uploads\\\/2025\\\/06\\\/DSC_3096.jpg&quot;},{&quot;id&quot;:1888,&quot;url&quot;:&quot;https:\\\/\\\/nsi.ci\\\/wp-content\\\/uploads\\\/2025\\\/06\\\/IMG_5786-scaled.jpg&quot;},{&quot;id&quot;:1876,&quot;url&quot;:&quot;https:\\\/\\\/nsi.ci\\\/wp-content\\\/uploads\\\/2025\\\/06\\\/IMG_6027-scaled.jpg&quot;},{&quot;id&quot;:1820,&quot;url&quot;:&quot;https:\\\/\\\/nsi.ci\\\/wp-content\\\/uploads\\\/2025\\\/06\\\/3N1A9340-scaled.jpg&quot;},{&quot;id&quot;:1807,&quot;url&quot;:&quot;https:\\\/\\\/nsi.ci\\\/wp-content\\\/uploads\\\/2025\\\/06\\\/3N1A9385-scaled.jpg&quot;},{&quot;id&quot;:1768,&quot;url&quot;:&quot;https:\\\/\\\/nsi.ci\\\/wp-content\\\/uploads\\\/2025\\\/06\\\/Capture-decran-2025-05-15-095044.png&quot;},{&quot;id&quot;:1746,&quot;url&quot;:&quot;https:\\\/\\\/nsi.ci\\\/wp-content\\\/uploads\\\/2025\\\/06\\\/Capture-decran-2025-06-13-165058.png&quot;},{&quot;id&quot;:1702,&quot;url&quot;:&quot;https:\\\/\\\/nsi.ci\\\/wp-content\\\/uploads\\\/2025\\\/06\\\/Capture-decran-2025-06-16-110833.png&quot;},{&quot;id&quot;:1677,&quot;url&quot;:&quot;https:\\\/\\\/nsi.ci\\\/wp-content\\\/uploads\\\/2025\\\/06\\\/Capture-decran-2025-06-16-115137.png&quot;}],&quot;background_slideshow_loop&quot;:&quot;yes&quot;,&quot;background_slideshow_slide_duration&quot;:5000,&quot;background_slideshow_slide_transition&quot;:&quot;fade&quot;,&quot;background_slideshow_transition_duration&quot;:500}\">\n\t\t\t\t<div class=\"elementor-element elementor-element-1dc15e4 elementor-invisible elementor-widget elementor-widget-heading\" data-id=\"1dc15e4\" data-element_type=\"widget\" data-e-type=\"widget\" data-settings=\"{&quot;_animation&quot;:&quot;zoomInDown&quot;}\" data-widget_type=\"heading.default\">\n\t\t\t\t<div class=\"elementor-widget-container\">\n\t\t\t\t\t<h2 class=\"elementor-heading-title elementor-size-default\">blog<\/h2>\t\t\t\t<\/div>\n\t\t\t\t<\/div>\n\t\t\t\t<\/div>\n\t\t<div class=\"elementor-element elementor-element-c4c2677 e-con-full e-flex e-con e-parent\" data-id=\"c4c2677\" data-element_type=\"container\" data-e-type=\"container\">\n\t\t\t\t<div class=\"elementor-element elementor-element-ee36fca elementor-grid-4 elementor-widget__width-initial elementor-grid-tablet-2 elementor-grid-mobile-1 elementor-widget elementor-widget-loop-grid\" data-id=\"ee36fca\" data-element_type=\"widget\" data-e-type=\"widget\" data-settings=\"{&quot;template_id&quot;:&quot;2695&quot;,&quot;columns&quot;:4,&quot;masonry&quot;:&quot;yes&quot;,&quot;pagination_type&quot;:&quot;prev_next&quot;,&quot;_skin&quot;:&quot;post&quot;,&quot;columns_tablet&quot;:&quot;2&quot;,&quot;columns_mobile&quot;:&quot;1&quot;,&quot;edit_handle_selector&quot;:&quot;[data-elementor-type=\\&quot;loop-item\\&quot;]&quot;,&quot;pagination_load_type&quot;:&quot;page_reload&quot;,&quot;row_gap&quot;:{&quot;unit&quot;:&quot;px&quot;,&quot;size&quot;:&quot;&quot;,&quot;sizes&quot;:[]},&quot;row_gap_tablet&quot;:{&quot;unit&quot;:&quot;px&quot;,&quot;size&quot;:&quot;&quot;,&quot;sizes&quot;:[]},&quot;row_gap_mobile&quot;:{&quot;unit&quot;:&quot;px&quot;,&quot;size&quot;:&quot;&quot;,&quot;sizes&quot;:[]}}\" data-widget_type=\"loop-grid.post\">\n\t\t\t\t<div class=\"elementor-widget-container\">\n\t\t\t\t\t\t\t<div class=\"elementor-loop-container elementor-grid\" role=\"list\">\n\t\t<style id=\"loop-2695\">.elementor-2695 .elementor-element.elementor-element-6e74eeb{--display:flex;--min-height:0px;}.elementor-widget-theme-post-featured-image .widget-image-caption{color:var( --e-global-color-text );font-family:var( --e-global-typography-text-font-family ), Sans-serif;font-size:var( --e-global-typography-text-font-size );font-weight:var( --e-global-typography-text-font-weight );line-height:var( --e-global-typography-text-line-height );}.elementor-widget-theme-post-title .elementor-heading-title{font-family:var( --e-global-typography-primary-font-family ), Sans-serif;font-size:var( --e-global-typography-primary-font-size );font-weight:var( --e-global-typography-primary-font-weight );color:var( --e-global-color-primary );}.elementor-2695 .elementor-element.elementor-element-75fdd31 .elementor-heading-title{color:var( --e-global-color-818628f );}.elementor-widget-theme-post-excerpt .elementor-widget-container{font-family:var( --e-global-typography-text-font-family ), Sans-serif;font-size:var( --e-global-typography-text-font-size );font-weight:var( --e-global-typography-text-font-weight );line-height:var( --e-global-typography-text-line-height );color:var( --e-global-color-text );}.elementor-widget-button .elementor-button{font-family:var( --e-global-typography-accent-font-family ), Sans-serif;font-size:var( --e-global-typography-accent-font-size );font-weight:var( --e-global-typography-accent-font-weight );line-height:var( --e-global-typography-accent-line-height );background-color:var( --e-global-color-accent );}.elementor-2695 .elementor-element.elementor-element-d91d8c9 .elementor-button{background-color:var( --e-global-color-818628f );}@media(max-width:1024px){.elementor-widget-theme-post-featured-image .widget-image-caption{font-size:var( --e-global-typography-text-font-size );line-height:var( --e-global-typography-text-line-height );}.elementor-widget-theme-post-title .elementor-heading-title{font-size:var( --e-global-typography-primary-font-size );}.elementor-widget-theme-post-excerpt .elementor-widget-container{font-size:var( --e-global-typography-text-font-size );line-height:var( --e-global-typography-text-line-height );}.elementor-widget-button .elementor-button{font-size:var( --e-global-typography-accent-font-size );line-height:var( --e-global-typography-accent-line-height );}}@media(max-width:767px){.elementor-widget-theme-post-featured-image .widget-image-caption{font-size:var( --e-global-typography-text-font-size );line-height:var( --e-global-typography-text-line-height );}.elementor-widget-theme-post-title .elementor-heading-title{font-size:var( --e-global-typography-primary-font-size );}.elementor-widget-theme-post-excerpt .elementor-widget-container{font-size:var( --e-global-typography-text-font-size );line-height:var( --e-global-typography-text-line-height );}.elementor-widget-button .elementor-button{font-size:var( --e-global-typography-accent-font-size );line-height:var( --e-global-typography-accent-line-height );}}<\/style>\t\t<div data-elementor-type=\"loop-item\" data-elementor-id=\"2695\" class=\"elementor elementor-2695 e-loop-item e-loop-item-3160 post-3160 post type-post status-publish format-standard has-post-thumbnail hentry category-non-classe\" data-elementor-post-type=\"elementor_library\" data-custom-edit-handle=\"1\">\n\t\t\t<div class=\"elementor-element elementor-element-6e74eeb e-flex e-con-boxed e-con e-parent\" data-id=\"6e74eeb\" data-element_type=\"container\" data-e-type=\"container\">\n\t\t\t\t\t<div class=\"e-con-inner\">\n\t\t\t\t<div class=\"elementor-element elementor-element-05474f5 elementor-widget elementor-widget-theme-post-featured-image elementor-widget-image\" data-id=\"05474f5\" data-element_type=\"widget\" data-e-type=\"widget\" data-widget_type=\"theme-post-featured-image.default\">\n\t\t\t\t<div class=\"elementor-widget-container\">\n\t\t\t\t\t\t\t\t\t\t\t\t\t\t\t<img alt=\"\" fetchpriority=\"high\" decoding=\"async\" width=\"800\" height=\"533\" src=\"https:\/\/nsi.ci\/wp-content\/uploads\/2025\/08\/cote-divoire-parlons-elevage-une-emission-qui-ambitionne-de-faire-rayonner-_slh1snk0v4h-1024x682.jpg\" class=\"attachment-large size-large wp-image-3158\" alt=\"\" srcset=\"https:\/\/nsi.ci\/wp-content\/uploads\/2025\/08\/cote-divoire-parlons-elevage-une-emission-qui-ambitionne-de-faire-rayonner-_slh1snk0v4h-1024x682.jpg 1024w, https:\/\/nsi.ci\/wp-content\/uploads\/2025\/08\/cote-divoire-parlons-elevage-une-emission-qui-ambitionne-de-faire-rayonner-_slh1snk0v4h-300x200.jpg 300w, https:\/\/nsi.ci\/wp-content\/uploads\/2025\/08\/cote-divoire-parlons-elevage-une-emission-qui-ambitionne-de-faire-rayonner-_slh1snk0v4h-768x512.jpg 768w, https:\/\/nsi.ci\/wp-content\/uploads\/2025\/08\/cote-divoire-parlons-elevage-une-emission-qui-ambitionne-de-faire-rayonner-_slh1snk0v4h-18x12.jpg 18w, https:\/\/nsi.ci\/wp-content\/uploads\/2025\/08\/cote-divoire-parlons-elevage-une-emission-qui-ambitionne-de-faire-rayonner-_slh1snk0v4h.jpg 1280w\" sizes=\"(max-width: 800px) 100vw, 800px\" \/>\t\t\t\t\t\t\t\t\t\t\t\t\t\t\t<\/div>\n\t\t\t\t<\/div>\n\t\t\t\t<div class=\"elementor-element elementor-element-75fdd31 elementor-widget elementor-widget-theme-post-title elementor-page-title elementor-widget-heading\" data-id=\"75fdd31\" data-element_type=\"widget\" data-e-type=\"widget\" data-widget_type=\"theme-post-title.default\">\n\t\t\t\t<div class=\"elementor-widget-container\">\n\t\t\t\t\t<h1 class=\"elementor-heading-title elementor-size-default\">C\u00f4te d\u2019Ivoire : \u00ab\u00a0Parlons \u00c9levage\u00a0\u00bb, une \u00e9mission qui ambitionne de faire rayonner l\u2019entrepreneuriat agricole<\/h1>\t\t\t\t<\/div>\n\t\t\t\t<\/div>\n\t\t\t\t<div class=\"elementor-element elementor-element-a894e37 elementor-widget elementor-widget-theme-post-excerpt\" data-id=\"a894e37\" data-element_type=\"widget\" data-e-type=\"widget\" data-widget_type=\"theme-post-excerpt.default\">\n\t\t\t\t<div class=\"elementor-widget-container\">\n\t\t\t\t\t<p>Innover dans la mani\u00e8re de parler d\u2019agriculture \u00e0 la jeunesse, tout en formant et r\u00e9v\u00e9lant de nouveaux talents : tel est le pari relev\u00e9 par \u00ab Parlons \u00c9levage \u00bb, premi\u00e8re \u00e9mission de t\u00e9l\u00e9r\u00e9alit\u00e9 consacr\u00e9e \u00e0\t\t\t\t<\/div>\n\t\t\t\t<\/div>\n\t\t\t\t<div class=\"elementor-element elementor-element-d91d8c9 elementor-widget elementor-widget-button\" data-id=\"d91d8c9\" data-element_type=\"widget\" data-e-type=\"widget\" data-widget_type=\"button.default\">\n\t\t\t\t<div class=\"elementor-widget-container\">\n\t\t\t\t\t\t\t\t\t<div class=\"elementor-button-wrapper\">\n\t\t\t\t\t<a class=\"elementor-button elementor-button-link elementor-size-sm\" href=\"https:\/\/nsi.ci\/en\/cote-divoire-parlons-elevage-une-emission-qui-ambitionne-de-faire-rayonner-lentrepreneuriat-agricole\/\">\n\t\t\t\t\t\t<span class=\"elementor-button-content-wrapper\">\n\t\t\t\t\t\t\t\t\t<span class=\"elementor-button-text\">lire l'article<\/span>\n\t\t\t\t\t<\/span>\n\t\t\t\t\t<\/a>\n\t\t\t\t<\/div>\n\t\t\t\t\t\t\t\t<\/div>\n\t\t\t\t<\/div>\n\t\t\t\t\t<\/div>\n\t\t\t\t<\/div>\n\t\t\t\t<\/div>\n\t\t\t\t<div data-elementor-type=\"loop-item\" data-elementor-id=\"2695\" class=\"elementor elementor-2695 e-loop-item e-loop-item-3123 post-3123 post type-post status-publish format-standard has-post-thumbnail hentry category-non-classe\" data-elementor-post-type=\"elementor_library\" data-custom-edit-handle=\"1\">\n\t\t\t<div class=\"elementor-element elementor-element-6e74eeb e-flex e-con-boxed e-con e-parent\" data-id=\"6e74eeb\" data-element_type=\"container\" data-e-type=\"container\">\n\t\t\t\t\t<div class=\"e-con-inner\">\n\t\t\t\t<div class=\"elementor-element elementor-element-05474f5 elementor-widget elementor-widget-theme-post-featured-image elementor-widget-image\" data-id=\"05474f5\" data-element_type=\"widget\" data-e-type=\"widget\" data-widget_type=\"theme-post-featured-image.default\">\n\t\t\t\t<div class=\"elementor-widget-container\">\n\t\t\t\t\t\t\t\t\t\t\t\t\t\t\t<img alt=\"\" decoding=\"async\" width=\"660\" height=\"439\" src=\"https:\/\/nsi.ci\/wp-content\/uploads\/2025\/09\/247973-e1757426264318.jpg\" class=\"attachment-large size-large wp-image-3170\" alt=\"\" srcset=\"https:\/\/nsi.ci\/wp-content\/uploads\/2025\/09\/247973-e1757426264318.jpg 660w, https:\/\/nsi.ci\/wp-content\/uploads\/2025\/09\/247973-e1757426264318-300x200.jpg 300w, https:\/\/nsi.ci\/wp-content\/uploads\/2025\/09\/247973-e1757426264318-18x12.jpg 18w\" sizes=\"(max-width: 660px) 100vw, 660px\" \/>\t\t\t\t\t\t\t\t\t\t\t\t\t\t\t<\/div>\n\t\t\t\t<\/div>\n\t\t\t\t<div class=\"elementor-element elementor-element-75fdd31 elementor-widget elementor-widget-theme-post-title elementor-page-title elementor-widget-heading\" data-id=\"75fdd31\" data-element_type=\"widget\" data-e-type=\"widget\" data-widget_type=\"theme-post-title.default\">\n\t\t\t\t<div class=\"elementor-widget-container\">\n\t\t\t\t\t<h1 class=\"elementor-heading-title elementor-size-default\">T\u00e9l\u00e9r\u00e9alit\u00e9\/\u00a0\u00bbParlons \u00c9levage\u00a0\u00bb : Kon\u00e9 Pelardjou vainqueur de la premi\u00e8re \u00e9dition<\/h1>\t\t\t\t<\/div>\n\t\t\t\t<\/div>\n\t\t\t\t<div class=\"elementor-element elementor-element-a894e37 elementor-widget elementor-widget-theme-post-excerpt\" data-id=\"a894e37\" data-element_type=\"widget\" data-e-type=\"widget\" data-widget_type=\"theme-post-excerpt.default\">\n\t\t\t\t<div class=\"elementor-widget-container\">\n\t\t\t\t\t<p>L\u2019univers de l\u2019\u00e9levage ivoirien a vibr\u00e9 d\u2019une ferveur particuli\u00e8re le samedi 26 juillet 2025, lors de la grande finale de \u00ab Parlons \u00c9levage \u00bb, premi\u00e8re \u00e9mission de t\u00e9l\u00e9r\u00e9alit\u00e9 d\u00e9di\u00e9e \u00e0 la valorisation des jeunes entrepreneurs\t\t\t\t<\/div>\n\t\t\t\t<\/div>\n\t\t\t\t<div class=\"elementor-element elementor-element-d91d8c9 elementor-widget elementor-widget-button\" data-id=\"d91d8c9\" data-element_type=\"widget\" data-e-type=\"widget\" data-widget_type=\"button.default\">\n\t\t\t\t<div class=\"elementor-widget-container\">\n\t\t\t\t\t\t\t\t\t<div class=\"elementor-button-wrapper\">\n\t\t\t\t\t<a class=\"elementor-button elementor-button-link elementor-size-sm\" href=\"https:\/\/nsi.ci\/en\/bonjour-3\/\">\n\t\t\t\t\t\t<span class=\"elementor-button-content-wrapper\">\n\t\t\t\t\t\t\t\t\t<span class=\"elementor-button-text\">lire l'article<\/span>\n\t\t\t\t\t<\/span>\n\t\t\t\t\t<\/a>\n\t\t\t\t<\/div>\n\t\t\t\t\t\t\t\t<\/div>\n\t\t\t\t<\/div>\n\t\t\t\t\t<\/div>\n\t\t\t\t<\/div>\n\t\t\t\t<\/div>\n\t\t\t\t<div data-elementor-type=\"loop-item\" data-elementor-id=\"2695\" class=\"elementor elementor-2695 e-loop-item e-loop-item-3122 post-3122 post type-post status-publish format-standard has-post-thumbnail hentry category-non-classe\" data-elementor-post-type=\"elementor_library\" data-custom-edit-handle=\"1\">\n\t\t\t<div class=\"elementor-element elementor-element-6e74eeb e-flex e-con-boxed e-con e-parent\" data-id=\"6e74eeb\" data-element_type=\"container\" data-e-type=\"container\">\n\t\t\t\t\t<div class=\"e-con-inner\">\n\t\t\t\t<div class=\"elementor-element elementor-element-05474f5 elementor-widget elementor-widget-theme-post-featured-image elementor-widget-image\" data-id=\"05474f5\" data-element_type=\"widget\" data-e-type=\"widget\" data-widget_type=\"theme-post-featured-image.default\">\n\t\t\t\t<div class=\"elementor-widget-container\">\n\t\t\t\t\t\t\t\t\t\t\t\t\t\t\t<img alt=\"\" decoding=\"async\" width=\"800\" height=\"529\" src=\"https:\/\/nsi.ci\/wp-content\/uploads\/2025\/09\/112113-la-transition-vers-leconomie-bleue-et-a-sa-contribution-a-la-securite-alimentaire-et-au-developpement-economique-de-la-cote-divoire.webp\" class=\"attachment-large size-large wp-image-3180\" alt=\"\" srcset=\"https:\/\/nsi.ci\/wp-content\/uploads\/2025\/09\/112113-la-transition-vers-leconomie-bleue-et-a-sa-contribution-a-la-securite-alimentaire-et-au-developpement-economique-de-la-cote-divoire.webp 958w, https:\/\/nsi.ci\/wp-content\/uploads\/2025\/09\/112113-la-transition-vers-leconomie-bleue-et-a-sa-contribution-a-la-securite-alimentaire-et-au-developpement-economique-de-la-cote-divoire-300x198.webp 300w, https:\/\/nsi.ci\/wp-content\/uploads\/2025\/09\/112113-la-transition-vers-leconomie-bleue-et-a-sa-contribution-a-la-securite-alimentaire-et-au-developpement-economique-de-la-cote-divoire-768x507.webp 768w, https:\/\/nsi.ci\/wp-content\/uploads\/2025\/09\/112113-la-transition-vers-leconomie-bleue-et-a-sa-contribution-a-la-securite-alimentaire-et-au-developpement-economique-de-la-cote-divoire-18x12.webp 18w\" sizes=\"(max-width: 800px) 100vw, 800px\" \/>\t\t\t\t\t\t\t\t\t\t\t\t\t\t\t<\/div>\n\t\t\t\t<\/div>\n\t\t\t\t<div class=\"elementor-element elementor-element-75fdd31 elementor-widget elementor-widget-theme-post-title elementor-page-title elementor-widget-heading\" data-id=\"75fdd31\" data-element_type=\"widget\" data-e-type=\"widget\" data-widget_type=\"theme-post-title.default\">\n\t\t\t\t<div class=\"elementor-widget-container\">\n\t\t\t\t\t<h1 class=\"elementor-heading-title elementor-size-default\">\u00c9conomie bleue : Abidjan lance sa feuille de route pour valoriser ses ressources aquatiques<\/h1>\t\t\t\t<\/div>\n\t\t\t\t<\/div>\n\t\t\t\t<div class=\"elementor-element elementor-element-a894e37 elementor-widget elementor-widget-theme-post-excerpt\" data-id=\"a894e37\" data-element_type=\"widget\" data-e-type=\"widget\" data-widget_type=\"theme-post-excerpt.default\">\n\t\t\t\t<div class=\"elementor-widget-container\">\n\t\t\t\t\t<p>Face \u00e0 un d\u00e9ficit croissant en produits halieutiques, la C\u00f4te d\u2019Ivoire engage une transformation structurelle de son secteur aquatique avec l\u2019appui de la FAO, visant \u00e0 renforcer sa s\u00e9curit\u00e9 alimentaire et \u00e0 stimuler une croissance\t\t\t\t<\/div>\n\t\t\t\t<\/div>\n\t\t\t\t<div class=\"elementor-element elementor-element-d91d8c9 elementor-widget elementor-widget-button\" data-id=\"d91d8c9\" data-element_type=\"widget\" data-e-type=\"widget\" data-widget_type=\"button.default\">\n\t\t\t\t<div class=\"elementor-widget-container\">\n\t\t\t\t\t\t\t\t\t<div class=\"elementor-button-wrapper\">\n\t\t\t\t\t<a class=\"elementor-button elementor-button-link elementor-size-sm\" href=\"https:\/\/nsi.ci\/en\/bonjour-2\/\">\n\t\t\t\t\t\t<span class=\"elementor-button-content-wrapper\">\n\t\t\t\t\t\t\t\t\t<span class=\"elementor-button-text\">lire l'article<\/span>\n\t\t\t\t\t<\/span>\n\t\t\t\t\t<\/a>\n\t\t\t\t<\/div>\n\t\t\t\t\t\t\t\t<\/div>\n\t\t\t\t<\/div>\n\t\t\t\t\t<\/div>\n\t\t\t\t<\/div>\n\t\t\t\t<\/div>\n\t\t\t\t<\/div>\n\t\t\n\t\t\t\t\t\t<\/div>\n\t\t\t\t<\/div>\n\t\t\t\t<\/div>\n\t\t\t\t<\/div>\n\t\t","protected":false},"excerpt":{"rendered":"<p>blog<\/p>","protected":false},"author":2,"featured_media":0,"parent":0,"menu_order":0,"comment_status":"closed","ping_status":"closed","template":"","meta":{"_seopress_robots_primary_cat":"","_seopress_titles_title":"","_seopress_titles_desc":"","_seopress_robots_index":"","footnotes":""},"class_list":["post-2732","page","type-page","status-publish","hentry"],"_links":{"self":[{"href":"https:\/\/nsi.ci\/en\/wp-json\/wp\/v2\/pages\/2732","targetHints":{"allow":["GET"]}}],"collection":[{"href":"https:\/\/nsi.ci\/en\/wp-json\/wp\/v2\/pages"}],"about":[{"href":"https:\/\/nsi.ci\/en\/wp-json\/wp\/v2\/types\/page"}],"author":[{"embeddable":true,"href":"https:\/\/nsi.ci\/en\/wp-json\/wp\/v2\/users\/2"}],"replies":[{"embeddable":true,"href":"https:\/\/nsi.ci\/en\/wp-json\/wp\/v2\/comments?post=2732"}],"version-history":[{"count":32,"href":"https:\/\/nsi.ci\/en\/wp-json\/wp\/v2\/pages\/2732\/revisions"}],"predecessor-version":[{"id":3199,"href":"https:\/\/nsi.ci\/en\/wp-json\/wp\/v2\/pages\/2732\/revisions\/3199"}],"wp:attachment":[{"href":"https:\/\/nsi.ci\/en\/wp-json\/wp\/v2\/media?parent=2732"}],"curies":[{"name":"wp","href":"https:\/\/api.w.org\/{rel}","templated":true}]}}