{"id":71,"date":"2025-06-16T14:47:16","date_gmt":"2025-06-16T12:47:16","guid":{"rendered":"https:\/\/nsi.ci\/personal-branding\/"},"modified":"2025-06-21T16:07:45","modified_gmt":"2025-06-21T14:07:45","slug":"personal-branding","status":"publish","type":"page","link":"https:\/\/nsi.ci\/en\/personal-branding\/","title":{"rendered":"Personal Branding"},"content":{"rendered":"<div data-elementor-type=\"wp-page\" data-elementor-id=\"71\" class=\"elementor elementor-71\" data-elementor-post-type=\"page\">\n\t\t\t\t<div class=\"elementor-element elementor-element-1f60eda3 e-con-full e-flex e-con e-parent\" data-id=\"1f60eda3\" data-element_type=\"container\" data-e-type=\"container\" data-settings=\"{&quot;background_background&quot;:&quot;classic&quot;}\">\n\t\t\t\t<\/div>\n\t\t<div class=\"elementor-element elementor-element-24305b1c e-flex e-con-boxed e-con e-parent\" data-id=\"24305b1c\" data-element_type=\"container\" data-e-type=\"container\">\n\t\t\t\t\t<div class=\"e-con-inner\">\n\t\t<div class=\"elementor-element elementor-element-7c70c09a e-flex e-con-boxed e-con e-child\" data-id=\"7c70c09a\" data-element_type=\"container\" data-e-type=\"container\">\n\t\t\t\t\t<div class=\"e-con-inner\">\n\t\t\t\t<div class=\"elementor-element elementor-element-23878aed elementor-widget elementor-widget-heading\" data-id=\"23878aed\" data-element_type=\"widget\" data-e-type=\"widget\" data-widget_type=\"heading.default\">\n\t\t\t\t<div class=\"elementor-widget-container\">\n\t\t\t\t\t<h2 class=\"elementor-heading-title elementor-size-default\">Personal Branding<\/h2>\t\t\t\t<\/div>\n\t\t\t\t<\/div>\n\t\t\t\t<div class=\"elementor-element elementor-element-71c4edd0 elementor-widget elementor-widget-text-editor\" data-id=\"71c4edd0\" data-element_type=\"widget\" data-e-type=\"widget\" data-widget_type=\"text-editor.default\">\n\t\t\t\t<div class=\"elementor-widget-container\">\n\t\t\t\t\t\t\t\t\t<p>Parce que vous \u00eates votre propre marque, nous vous aidons \u00e0 construire une image forte, authentique et coh\u00e9rente avec vos objectifs professionnels.<\/p><p>Our services:<\/p><ul><li>D\u00e9finition de votre identit\u00e9 personnelle<\/li><li>Coaching en communication &amp; image<\/li><li>Pr\u00e9sence digitale (r\u00e9seaux sociaux, site personnel, portfolios)<\/li><\/ul>\t\t\t\t\t\t\t\t<\/div>\n\t\t\t\t<\/div>\n\t\t\t\t<div class=\"elementor-element elementor-element-2eebe6e5 elementor-widget elementor-widget-text-editor\" data-id=\"2eebe6e5\" data-element_type=\"widget\" data-e-type=\"widget\" data-widget_type=\"text-editor.default\">\n\t\t\t\t<div class=\"elementor-widget-container\">\n\t\t\t\t\t\t\t\t\t<p><em>You are your own brand. We help you show it, embody it, and make it shine.<\/em><\/p><p><em>Online, in real life, wherever people are watching you.<\/em><\/p><p><em>Be visible. Be unique. Be yourself, in an impactful way.<\/em><\/p>\t\t\t\t\t\t\t\t<\/div>\n\t\t\t\t<\/div>\n\t\t\t\t\t<\/div>\n\t\t\t\t<\/div>\n\t\t<div class=\"elementor-element elementor-element-6054c607 e-con-full e-flex e-con e-child\" data-id=\"6054c607\" data-element_type=\"container\" data-e-type=\"container\">\n\t\t\t\t<\/div>\n\t\t\t\t\t<\/div>\n\t\t\t\t<\/div>\n\t\t\t\t<\/div>","protected":false},"excerpt":{"rendered":"<p>Personal Branding Parce que vous \u00eates votre propre marque, nous vous aidons \u00e0 construire une image forte, authentique et coh\u00e9rente avec vos objectifs professionnels. Nos prestations : D\u00e9finition de votre identit\u00e9 personnelle Coaching en communication &amp; image Pr\u00e9sence digitale (r\u00e9seaux sociaux, site personnel, portfolios) Vous \u00eates votre propre marque. On vous aide \u00e0 le montrer, [&hellip;]<\/p>\n","protected":false},"author":2,"featured_media":0,"parent":0,"menu_order":0,"comment_status":"closed","ping_status":"closed","template":"","meta":{"_seopress_robots_primary_cat":"","_seopress_titles_title":"","_seopress_titles_desc":"","_seopress_robots_index":"","footnotes":""},"class_list":["post-71","page","type-page","status-publish","hentry"],"_links":{"self":[{"href":"https:\/\/nsi.ci\/en\/wp-json\/wp\/v2\/pages\/71","targetHints":{"allow":["GET"]}}],"collection":[{"href":"https:\/\/nsi.ci\/en\/wp-json\/wp\/v2\/pages"}],"about":[{"href":"https:\/\/nsi.ci\/en\/wp-json\/wp\/v2\/types\/page"}],"author":[{"embeddable":true,"href":"https:\/\/nsi.ci\/en\/wp-json\/wp\/v2\/users\/2"}],"replies":[{"embeddable":true,"href":"https:\/\/nsi.ci\/en\/wp-json\/wp\/v2\/comments?post=71"}],"version-history":[{"count":16,"href":"https:\/\/nsi.ci\/en\/wp-json\/wp\/v2\/pages\/71\/revisions"}],"predecessor-version":[{"id":2030,"href":"https:\/\/nsi.ci\/en\/wp-json\/wp\/v2\/pages\/71\/revisions\/2030"}],"wp:attachment":[{"href":"https:\/\/nsi.ci\/en\/wp-json\/wp\/v2\/media?parent=71"}],"curies":[{"name":"wp","href":"https:\/\/api.w.org\/{rel}","templated":true}]}}