{"id":74,"date":"2025-06-16T14:47:16","date_gmt":"2025-06-16T12:47:16","guid":{"rendered":"https:\/\/nsi.ci\/evenementiel\/"},"modified":"2025-06-21T15:39:35","modified_gmt":"2025-06-21T13:39:35","slug":"evenementiel","status":"publish","type":"page","link":"https:\/\/nsi.ci\/en\/evenementiel\/","title":{"rendered":"\u00c9v\u00e8nementiel"},"content":{"rendered":"<div data-elementor-type=\"wp-page\" data-elementor-id=\"74\" class=\"elementor elementor-74\" data-elementor-post-type=\"page\">\n\t\t\t\t<div class=\"elementor-element elementor-element-4e0549c1 e-con-full e-flex e-con e-parent\" data-id=\"4e0549c1\" data-element_type=\"container\" data-e-type=\"container\" data-settings=\"{&quot;background_background&quot;:&quot;classic&quot;}\">\n\t\t\t\t<\/div>\n\t\t<div class=\"elementor-element elementor-element-7fce56e3 e-flex e-con-boxed e-con e-parent\" data-id=\"7fce56e3\" data-element_type=\"container\" data-e-type=\"container\">\n\t\t\t\t\t<div class=\"e-con-inner\">\n\t\t<div class=\"elementor-element elementor-element-4fd2d362 e-flex e-con-boxed e-con e-child\" data-id=\"4fd2d362\" data-element_type=\"container\" data-e-type=\"container\">\n\t\t\t\t\t<div class=\"e-con-inner\">\n\t\t\t\t<div class=\"elementor-element elementor-element-5d27dadc elementor-widget elementor-widget-heading\" data-id=\"5d27dadc\" data-element_type=\"widget\" data-e-type=\"widget\" data-widget_type=\"heading.default\">\n\t\t\t\t<div class=\"elementor-widget-container\">\n\t\t\t\t\t<h2 class=\"elementor-heading-title elementor-size-default\">\u00c9v\u00e8nementiel<\/h2>\t\t\t\t<\/div>\n\t\t\t\t<\/div>\n\t\t\t\t<div class=\"elementor-element elementor-element-5ddb1205 elementor-widget elementor-widget-text-editor\" data-id=\"5ddb1205\" data-element_type=\"widget\" data-e-type=\"widget\" data-widget_type=\"text-editor.default\">\n\t\t\t\t<div class=\"elementor-widget-container\">\n\t\t\t\t\t\t\t\t\t<p>Concevoir, organiser et sublimer vos \u00e9v\u00e9nements pour cr\u00e9er des exp\u00e9riences m\u00e9morables et coh\u00e9rentes avec votre image de marque.<\/p><p>Our services:<\/p><ul><li>Conception et planification d\u2019\u00e9v\u00e9nements (corporate, culturels, priv\u00e9s)<\/li><li>Coordination logistique et technique<\/li><li>Gestion des invit\u00e9s, animation &amp; sc\u00e9nographie<\/li><\/ul>\t\t\t\t\t\t\t\t<\/div>\n\t\t\t\t<\/div>\n\t\t\t\t<div class=\"elementor-element elementor-element-509cdbc elementor-widget elementor-widget-text-editor\" data-id=\"509cdbc\" data-element_type=\"widget\" data-e-type=\"widget\" data-widget_type=\"text-editor.default\">\n\t\t\t\t<div class=\"elementor-widget-container\">\n\t\t\t\t\t\t\t\t\t<p><em>On ne fait pas que des \u00e9v\u00e9nements, On cr\u00e9e des moments qui marquent, qui r\u00e9sonnent, qui rassemblent, Des lancements, des soir\u00e9es, des shows\u2026 o\u00f9 chaque d\u00e9tail a du sens.<\/em><\/p><p><em>You come with an idea, you leave with memories.<\/em><\/p>\t\t\t\t\t\t\t\t<\/div>\n\t\t\t\t<\/div>\n\t\t\t\t\t<\/div>\n\t\t\t\t<\/div>\n\t\t<div class=\"elementor-element elementor-element-6f50ae4b e-con-full e-flex e-con e-child\" data-id=\"6f50ae4b\" data-element_type=\"container\" data-e-type=\"container\">\n\t\t\t\t<\/div>\n\t\t\t\t\t<\/div>\n\t\t\t\t<\/div>\n\t\t\t\t<\/div>","protected":false},"excerpt":{"rendered":"<p>\u00c9v\u00e8nementiel Concevoir, organiser et sublimer vos \u00e9v\u00e9nements pour cr\u00e9er des exp\u00e9riences m\u00e9morables et coh\u00e9rentes avec votre image de marque. Nos prestations : Conception et planification d\u2019\u00e9v\u00e9nements (corporate, culturels, priv\u00e9s) Coordination logistique et technique Gestion des invit\u00e9s, animation &amp; sc\u00e9nographie On ne fait pas que des \u00e9v\u00e9nements, On cr\u00e9e des moments qui marquent, qui r\u00e9sonnent, qui [&hellip;]<\/p>\n","protected":false},"author":2,"featured_media":0,"parent":0,"menu_order":0,"comment_status":"closed","ping_status":"closed","template":"","meta":{"_seopress_robots_primary_cat":"","_seopress_titles_title":"","_seopress_titles_desc":"","_seopress_robots_index":"","footnotes":""},"class_list":["post-74","page","type-page","status-publish","hentry"],"_links":{"self":[{"href":"https:\/\/nsi.ci\/en\/wp-json\/wp\/v2\/pages\/74","targetHints":{"allow":["GET"]}}],"collection":[{"href":"https:\/\/nsi.ci\/en\/wp-json\/wp\/v2\/pages"}],"about":[{"href":"https:\/\/nsi.ci\/en\/wp-json\/wp\/v2\/types\/page"}],"author":[{"embeddable":true,"href":"https:\/\/nsi.ci\/en\/wp-json\/wp\/v2\/users\/2"}],"replies":[{"embeddable":true,"href":"https:\/\/nsi.ci\/en\/wp-json\/wp\/v2\/comments?post=74"}],"version-history":[{"count":13,"href":"https:\/\/nsi.ci\/en\/wp-json\/wp\/v2\/pages\/74\/revisions"}],"predecessor-version":[{"id":2012,"href":"https:\/\/nsi.ci\/en\/wp-json\/wp\/v2\/pages\/74\/revisions\/2012"}],"wp:attachment":[{"href":"https:\/\/nsi.ci\/en\/wp-json\/wp\/v2\/media?parent=74"}],"curies":[{"name":"wp","href":"https:\/\/api.w.org\/{rel}","templated":true}]}}