{"id":77,"date":"2025-06-16T14:47:17","date_gmt":"2025-06-16T12:47:17","guid":{"rendered":"https:\/\/nsi.ci\/design-videos\/"},"modified":"2025-06-21T15:37:16","modified_gmt":"2025-06-21T13:37:16","slug":"design-videos","status":"publish","type":"page","link":"https:\/\/nsi.ci\/en\/design-videos\/","title":{"rendered":"Design &#038; Vid\u00e9os"},"content":{"rendered":"<div data-elementor-type=\"wp-page\" data-elementor-id=\"77\" class=\"elementor elementor-77\" data-elementor-post-type=\"page\">\n\t\t\t\t<div class=\"elementor-element elementor-element-445fa819 e-con-full e-flex e-con e-parent\" data-id=\"445fa819\" data-element_type=\"container\" data-e-type=\"container\" data-settings=\"{&quot;background_background&quot;:&quot;classic&quot;}\">\n\t\t\t\t<\/div>\n\t\t<div class=\"elementor-element elementor-element-3ac6bfb1 e-flex e-con-boxed e-con e-parent\" data-id=\"3ac6bfb1\" data-element_type=\"container\" data-e-type=\"container\">\n\t\t\t\t\t<div class=\"e-con-inner\">\n\t\t<div class=\"elementor-element elementor-element-206652c8 e-flex e-con-boxed e-con e-child\" data-id=\"206652c8\" data-element_type=\"container\" data-e-type=\"container\">\n\t\t\t\t\t<div class=\"e-con-inner\">\n\t\t\t\t<div class=\"elementor-element elementor-element-6c44dd43 elementor-widget elementor-widget-heading\" data-id=\"6c44dd43\" data-element_type=\"widget\" data-e-type=\"widget\" data-widget_type=\"heading.default\">\n\t\t\t\t<div class=\"elementor-widget-container\">\n\t\t\t\t\t<h2 class=\"elementor-heading-title elementor-size-default\">Design &amp; Vid\u00e9os<\/h2>\t\t\t\t<\/div>\n\t\t\t\t<\/div>\n\t\t\t\t<div class=\"elementor-element elementor-element-33818d19 elementor-widget elementor-widget-text-editor\" data-id=\"33818d19\" data-element_type=\"widget\" data-e-type=\"widget\" data-widget_type=\"text-editor.default\">\n\t\t\t\t<div class=\"elementor-widget-container\">\n\t\t\t\t\t\t\t\t\t<p>Des contenus visuels percutants pour faire passer vos messages avec force, \u00e9motion et style.<\/p><p>Our services:<\/p><ul><li>Identit\u00e9 visuelle, logos, supports de communication<\/li><li>Cr\u00e9ation de vid\u00e9os promotionnelles, interviews, motion design<\/li><li>Montage vid\u00e9o &amp; habillage graphique<\/li><\/ul>\t\t\t\t\t\t\t\t<\/div>\n\t\t\t\t<\/div>\n\t\t\t\t<div class=\"elementor-element elementor-element-516223d6 elementor-widget elementor-widget-text-editor\" data-id=\"516223d6\" data-element_type=\"widget\" data-e-type=\"widget\" data-widget_type=\"text-editor.default\">\n\t\t\t\t<div class=\"elementor-widget-container\">\n\t\t\t\t\t\t\t\t\t<p><em>Une image vaut mille mots. Une bonne vid\u00e9o, bien plus encore.<\/em><\/p><p><em>On fait du visuel qui capte l\u2019\u0153il et reste en m\u00e9moire.<\/em><\/p><p><em>\u00a0<\/em><\/p><p><em>Identit\u00e9 graphique, contenu vid\u00e9o, montage styl\u00e9 : on donne vie \u00e0 vos id\u00e9es.<\/em><\/p>\t\t\t\t\t\t\t\t<\/div>\n\t\t\t\t<\/div>\n\t\t\t\t\t<\/div>\n\t\t\t\t<\/div>\n\t\t<div class=\"elementor-element elementor-element-5f72f383 e-con-full e-flex e-con e-child\" data-id=\"5f72f383\" data-element_type=\"container\" data-e-type=\"container\">\n\t\t\t\t<\/div>\n\t\t\t\t\t<\/div>\n\t\t\t\t<\/div>\n\t\t\t\t<\/div>","protected":false},"excerpt":{"rendered":"<p>Design &amp; Vid\u00e9os Des contenus visuels percutants pour faire passer vos messages avec force, \u00e9motion et style. Nos prestations : Identit\u00e9 visuelle, logos, supports de communication Cr\u00e9ation de vid\u00e9os promotionnelles, interviews, motion design Montage vid\u00e9o &amp; habillage graphique Une image vaut mille mots. Une bonne vid\u00e9o, bien plus encore. On fait du visuel qui capte [&hellip;]<\/p>\n","protected":false},"author":2,"featured_media":0,"parent":0,"menu_order":0,"comment_status":"closed","ping_status":"closed","template":"","meta":{"_seopress_robots_primary_cat":"","_seopress_titles_title":"","_seopress_titles_desc":"","_seopress_robots_index":"","footnotes":""},"class_list":["post-77","page","type-page","status-publish","hentry"],"_links":{"self":[{"href":"https:\/\/nsi.ci\/en\/wp-json\/wp\/v2\/pages\/77","targetHints":{"allow":["GET"]}}],"collection":[{"href":"https:\/\/nsi.ci\/en\/wp-json\/wp\/v2\/pages"}],"about":[{"href":"https:\/\/nsi.ci\/en\/wp-json\/wp\/v2\/types\/page"}],"author":[{"embeddable":true,"href":"https:\/\/nsi.ci\/en\/wp-json\/wp\/v2\/users\/2"}],"replies":[{"embeddable":true,"href":"https:\/\/nsi.ci\/en\/wp-json\/wp\/v2\/comments?post=77"}],"version-history":[{"count":16,"href":"https:\/\/nsi.ci\/en\/wp-json\/wp\/v2\/pages\/77\/revisions"}],"predecessor-version":[{"id":2009,"href":"https:\/\/nsi.ci\/en\/wp-json\/wp\/v2\/pages\/77\/revisions\/2009"}],"wp:attachment":[{"href":"https:\/\/nsi.ci\/en\/wp-json\/wp\/v2\/media?parent=77"}],"curies":[{"name":"wp","href":"https:\/\/api.w.org\/{rel}","templated":true}]}}