{"id":95,"date":"2025-06-16T14:47:21","date_gmt":"2025-06-16T12:47:21","guid":{"rendered":"https:\/\/nsi.ci\/morisawarila\/"},"modified":"2025-06-24T01:07:14","modified_gmt":"2025-06-23T23:07:14","slug":"morisawarila","status":"publish","type":"page","link":"https:\/\/nsi.ci\/en\/morisawarila\/","title":{"rendered":"Morisawarila"},"content":{"rendered":"<div data-elementor-type=\"wp-page\" data-elementor-id=\"95\" class=\"elementor elementor-95\" data-elementor-post-type=\"page\">\n\t\t\t\t<div class=\"elementor-element elementor-element-5d1b0881 e-con-full e-flex elementor-invisible e-con e-parent\" data-id=\"5d1b0881\" data-element_type=\"container\" data-e-type=\"container\" data-settings=\"{&quot;background_background&quot;:&quot;classic&quot;,&quot;animation&quot;:&quot;zoomIn&quot;}\">\n\t\t\t\t<div class=\"elementor-element elementor-element-2f19408d elementor-widget elementor-widget-image-carousel\" data-id=\"2f19408d\" data-element_type=\"widget\" data-e-type=\"widget\" data-settings=\"{&quot;slides_to_show&quot;:&quot;2&quot;,&quot;navigation&quot;:&quot;Images du projet&quot;,&quot;pause_on_hover&quot;:&quot;no&quot;,&quot;pause_on_interaction&quot;:&quot;no&quot;,&quot;autoplay_speed&quot;:1000,&quot;speed&quot;:1000,&quot;autoplay&quot;:&quot;yes&quot;,&quot;infinite&quot;:&quot;yes&quot;}\" data-widget_type=\"image-carousel.default\">\n\t\t\t\t<div class=\"elementor-widget-container\">\n\t\t\t\t\t\t\t<div class=\"elementor-image-carousel-wrapper swiper\" role=\"region\" aria-roledescription=\"carousel\" aria-label=\"Carrousel d\u2019images\" dir=\"ltr\">\n\t\t\t<div class=\"elementor-image-carousel swiper-wrapper\" aria-live=\"off\">\n\t\t\t\t\t\t\t\t<div class=\"swiper-slide\" role=\"group\" aria-roledescription=\"slide\" aria-label=\"1 sur 3\"><figure class=\"swiper-slide-inner\"><img decoding=\"async\" class=\"swiper-slide-image\" src=\"\" alt=\"\" \/><\/figure><\/div><div class=\"swiper-slide\" role=\"group\" aria-roledescription=\"slide\" aria-label=\"2 sur 3\"><figure class=\"swiper-slide-inner\"><img decoding=\"async\" class=\"swiper-slide-image\" src=\"\" alt=\"\" \/><\/figure><\/div><div class=\"swiper-slide\" role=\"group\" aria-roledescription=\"slide\" aria-label=\"3 sur 3\"><figure class=\"swiper-slide-inner\"><img decoding=\"async\" class=\"swiper-slide-image\" src=\"\" alt=\"\" \/><\/figure><\/div>\t\t\t<\/div>\n\t\t\t\t\t\t\t\n\t\t\t\t\t\t\t\t\t<\/div>\n\t\t\t\t\t\t<\/div>\n\t\t\t\t<\/div>\n\t\t\t\t<\/div>\n\t\t<div class=\"elementor-element elementor-element-3219f62e e-flex e-con-boxed e-con e-parent\" data-id=\"3219f62e\" data-element_type=\"container\" data-e-type=\"container\">\n\t\t\t\t\t<div class=\"e-con-inner\">\n\t\t<div class=\"elementor-element elementor-element-6141cba2 e-con-full e-flex e-con e-child\" data-id=\"6141cba2\" data-element_type=\"container\" data-e-type=\"container\">\n\t\t\t\t<div class=\"elementor-element elementor-element-420261f7 elementor-widget elementor-widget-heading\" data-id=\"420261f7\" data-element_type=\"widget\" data-e-type=\"widget\" data-widget_type=\"heading.default\">\n\t\t\t\t<div class=\"elementor-widget-container\">\n\t\t\t\t\t<h1 class=\"elementor-heading-title elementor-size-default\">Presentation<\/h1>\t\t\t\t<\/div>\n\t\t\t\t<\/div>\n\t\t\t\t<div class=\"elementor-element elementor-element-e51f90e elementor-widget elementor-widget-video\" data-id=\"e51f90e\" data-element_type=\"widget\" data-e-type=\"widget\" data-settings=\"{&quot;youtube_url&quot;:&quot;https:\\\/\\\/www.youtube.com\\\/watch?v=RhhWseJldaY&quot;,&quot;video_type&quot;:&quot;youtube&quot;,&quot;controls&quot;:&quot;yes&quot;}\" data-widget_type=\"video.default\">\n\t\t\t\t<div class=\"elementor-widget-container\">\n\t\t\t\t\t\t\t<div class=\"elementor-wrapper elementor-open-inline\">\n\t\t\t<div class=\"elementor-video\"><\/div>\t\t<\/div>\n\t\t\t\t\t\t<\/div>\n\t\t\t\t<\/div>\n\t\t\t\t<\/div>\n\t\t<div class=\"elementor-element elementor-element-97490b2 e-con-full e-flex e-con e-child\" data-id=\"97490b2\" data-element_type=\"container\" data-e-type=\"container\">\n\t\t\t\t<div class=\"elementor-element elementor-element-29c023b elementor-widget elementor-widget-text-editor\" data-id=\"29c023b\" data-element_type=\"widget\" data-e-type=\"widget\" data-widget_type=\"text-editor.default\">\n\t\t\t\t<div class=\"elementor-widget-container\">\n\t\t\t\t\t\t\t\t\t<p>The <strong>MORI-SAWARILA<\/strong> is the major event that punctuates the life of the Maraba people. Every year during Ramadan, it brings together the Maraba people living in Marabadjassa on the Ivory Coast, those from<\/p><p>the diaspora and allies. It is a festival that celebrates cultural diversity and the joy of living.<\/p><p>together.<\/p><p>The <strong>Mori-Sawarila<\/strong> is a warrior dance originally performed to welcome warriors returning from war.<\/p><p>Today, it is practiced on the day of Eid al-Fitr. It was also performed during the relocation of Mori Tour\u00e9, the ancestor of the locality. Indeed, Mori Tour\u00e9's reign was marked by a great quest for peace. During his reign, he affirmed his desire not to go to war with neighboring peoples. It was on this occasion that the dance was initiated. <strong>Mori-Sawarila.<\/strong> This festival is expressed through music, storytelling, and even dance.<\/p>\t\t\t\t\t\t\t\t<\/div>\n\t\t\t\t<\/div>\n\t\t\t\t<\/div>\n\t\t\t\t\t<\/div>\n\t\t\t\t<\/div>\n\t\t<div class=\"elementor-element elementor-element-df92727 e-flex e-con-boxed e-con e-parent\" data-id=\"df92727\" data-element_type=\"container\" data-e-type=\"container\">\n\t\t\t\t\t<div class=\"e-con-inner\">\n\t\t\t\t<div class=\"elementor-element elementor-element-9824db3 elementor-widget elementor-widget-text-editor\" data-id=\"9824db3\" data-element_type=\"widget\" data-e-type=\"widget\" data-widget_type=\"text-editor.default\">\n\t\t\t\t<div class=\"elementor-widget-container\">\n\t\t\t\t\t\t\t\t\t<p>He thus inscribed his thinking in the dynamic of forgiveness. The <strong>Mori-Sawarila<\/strong> means \u201cMori has forgiven.\u201d This dance is a reminder of the military prowess of this great man who was committed to peace and coexistence.<\/p>\t\t\t\t\t\t\t\t<\/div>\n\t\t\t\t<\/div>\n\t\t\t\t\t<\/div>\n\t\t\t\t<\/div>\n\t\t<div class=\"elementor-element elementor-element-467820bc e-flex e-con-boxed e-con e-parent\" data-id=\"467820bc\" data-element_type=\"container\" data-e-type=\"container\">\n\t\t\t\t\t<div class=\"e-con-inner\">\n\t\t<div class=\"elementor-element elementor-element-132b5ad2 e-con-full e-grid e-con e-child\" data-id=\"132b5ad2\" data-element_type=\"container\" data-e-type=\"container\">\n\t\t\t\t<div class=\"elementor-element elementor-element-227d1cc3 ekit-equal-height-disable elementor-widget elementor-widget-elementskit-image-box\" data-id=\"227d1cc3\" data-element_type=\"widget\" data-e-type=\"widget\" data-widget_type=\"elementskit-image-box.default\">\n\t\t\t\t<div class=\"elementor-widget-container\">\n\t\t\t\t\t<div class=\"ekit-wid-con\" >\n            <div class=\"elementskit-info-image-box ekit-image-box text-center style-modern\" >\n\n                \n                <div class=\"elementskit-box-header image-box-img-center\">\n\n                    <img alt=\"\" fetchpriority=\"high\" decoding=\"async\" width=\"519\" height=\"496\" src=\"https:\/\/nsi.ci\/wp-content\/uploads\/2025\/06\/Image29.jpg\" class=\"attachment-full size-full wp-image-534\" srcset=\"https:\/\/nsi.ci\/wp-content\/uploads\/2025\/06\/Image29.jpg 519w, https:\/\/nsi.ci\/wp-content\/uploads\/2025\/06\/Image29-300x287.jpg 300w\" sizes=\"(max-width: 519px) 100vw, 519px\" \/>\n                <\/div>\n                \n                <div class=\"elementskit-box-body ekit-image-box-body\">\n                    <div class=\"elementskit-box-content ekit-image-box-body-inner\">\n                                                            <\/div>\n\n                                <div class=\"elementskit-box-footer\">\n                    <div class=\"box-footer\">\n                        <div class=\"btn-wraper\">\n                                                            <a href=\"https:\/\/nsi.ci\/en\/morisawarila-devenir-sponsor\/\" class=\"elementskit-btn whitespace--normal\">\n                                    BECOME A SPONSOR                                <\/a>\n                                                    <\/div>\n                    <\/div>\n                <\/div>\n                            <\/div>\n            <\/div>\n    <\/div>\t\t\t\t<\/div>\n\t\t\t\t<\/div>\n\t\t\t\t<div class=\"elementor-element elementor-element-510fa960 ekit-equal-height-disable elementor-widget elementor-widget-elementskit-image-box\" data-id=\"510fa960\" data-element_type=\"widget\" data-e-type=\"widget\" data-widget_type=\"elementskit-image-box.default\">\n\t\t\t\t<div class=\"elementor-widget-container\">\n\t\t\t\t\t<div class=\"ekit-wid-con\" >\n            <div class=\"elementskit-info-image-box ekit-image-box text-center style-modern\" >\n\n                \n                <div class=\"elementskit-box-header image-box-img-center\">\n\n                    <img alt=\"\" decoding=\"async\" width=\"509\" height=\"496\" src=\"https:\/\/nsi.ci\/wp-content\/uploads\/2025\/06\/Image30.jpg\" class=\"attachment-full size-full wp-image-533\" srcset=\"https:\/\/nsi.ci\/wp-content\/uploads\/2025\/06\/Image30.jpg 509w, https:\/\/nsi.ci\/wp-content\/uploads\/2025\/06\/Image30-300x292.jpg 300w\" sizes=\"(max-width: 509px) 100vw, 509px\" \/>\n                <\/div>\n                \n                <div class=\"elementskit-box-body ekit-image-box-body\">\n                    <div class=\"elementskit-box-content ekit-image-box-body-inner\">\n                                                            <\/div>\n\n                                <div class=\"elementskit-box-footer\">\n                    <div class=\"box-footer\">\n                        <div class=\"btn-wraper\">\n                                                            <a href=\"#galerie\" class=\"elementskit-btn whitespace--normal\">\n                                    MEDIA LIBRARY                                <\/a>\n                                                    <\/div>\n                    <\/div>\n                <\/div>\n                            <\/div>\n            <\/div>\n    <\/div>\t\t\t\t<\/div>\n\t\t\t\t<\/div>\n\t\t\t\t<\/div>\n\t\t\t\t\t<\/div>\n\t\t\t\t<\/div>\n\t\t<div class=\"elementor-element elementor-element-390e47c2 e-flex e-con-boxed e-con e-parent\" data-id=\"390e47c2\" data-element_type=\"container\" data-e-type=\"container\" id=\"xs_fun_5\" data-settings=\"{&quot;background_background&quot;:&quot;classic&quot;}\">\n\t\t\t\t\t<div class=\"e-con-inner\">\n\t\t\t\t<div class=\"elementor-element elementor-element-10724fef elementor-widget elementor-widget-elementskit-heading\" data-id=\"10724fef\" data-element_type=\"widget\" data-e-type=\"widget\" data-widget_type=\"elementskit-heading.default\">\n\t\t\t\t<div class=\"elementor-widget-container\">\n\t\t\t\t\t<div class=\"ekit-wid-con\" ><div class=\"ekit-heading elementskit-section-title-wraper text_center   ekit_heading_tablet-   ekit_heading_mobile-\"><h2 class=\"ekit-heading--title elementskit-section-title\">OUR STATISTICS <span><span> 2024<\/span><\/span><\/h2><div class=\"ekit_heading_separetor_wraper ekit_heading_ekit_border_custom\"><div class=\"ekit_border_custom\"><img alt=\"\" decoding=\"async\" width=\"104\" height=\"15\" src=\"https:\/\/nsi.ci\/wp-content\/uploads\/2025\/06\/Wave-Line.png\" class=\"attachment-full size-full wp-image-393\" \/><\/div><\/div><\/div><\/div>\t\t\t\t<\/div>\n\t\t\t\t<\/div>\n\t\t<div class=\"elementor-element elementor-element-7c524239 e-con-full e-grid e-con e-child\" data-id=\"7c524239\" data-element_type=\"container\" data-e-type=\"container\">\n\t\t\t\t<div class=\"elementor-element elementor-element-30282e8e elementor-widget elementor-widget-elementskit-funfact\" data-id=\"30282e8e\" data-element_type=\"widget\" data-e-type=\"widget\" data-widget_type=\"elementskit-funfact.default\">\n\t\t\t\t<div class=\"elementor-widget-container\">\n\t\t\t\t\t<div class=\"ekit-wid-con\" >\n\t\t<div class=\"elementskit-funfact text-center\">\n\t\t\t\n\t\t\t<div class=\"elementskit-funfact-inner position_top\">\n\t\t\t\t\t\t\t\t\t<div class=\"funfact-icon\">\n\t\t\t\t\t\t<i aria-hidden=\"true\" class=\"elementskit-funfact-icon icon icon-communication\"><\/i>\t\t\t\t\t<\/div>\n\t\t\t\t\n\t\t\t\t<div class=\"funfact-content\">\n\t\t\t\t\t<div class=\"number-percentage-wraper\">\n\t\t\t\t\t\t\t\t\t\t\t\t<span class=\"number-percentage\"\n\t\t\t\t\t\t      data-value=\"5000\"\n\t\t\t\t\t\t      data-animation-duration=\"3500\"\n\t\t\t\t\t\t\t  data-style=\"static\">0<\/span>\n\t\t\t\t\t\t\t\t\t\t\t\t\t\t\t\t\t<\/div>\n\n\t\t\t\t\t<h3 class=\"funfact-title\">people<\/h3>\t\t\t\t\t\t\t\t<\/div>\n\t\t<\/div>\n\t\t<\/div>\n\n\n\t\t<\/div>\t\t\t\t<\/div>\n\t\t\t\t<\/div>\n\t\t\t\t<div class=\"elementor-element elementor-element-482c4359 elementor-widget elementor-widget-elementskit-funfact\" data-id=\"482c4359\" data-element_type=\"widget\" data-e-type=\"widget\" data-widget_type=\"elementskit-funfact.default\">\n\t\t\t\t<div class=\"elementor-widget-container\">\n\t\t\t\t\t<div class=\"ekit-wid-con\" >\n\t\t<div class=\"elementskit-funfact text-center\">\n\t\t\t\n\t\t\t<div class=\"elementskit-funfact-inner position_top\">\n\t\t\t\t\t\t\t\t\t<div class=\"funfact-icon\">\n\t\t\t\t\t\t<i aria-hidden=\"true\" class=\"elementskit-funfact-icon icon icon-university\"><\/i>\t\t\t\t\t<\/div>\n\t\t\t\t\n\t\t\t\t<div class=\"funfact-content\">\n\t\t\t\t\t<div class=\"number-percentage-wraper\">\n\t\t\t\t\t\t+\t\t\t\t\t\t<span class=\"number-percentage\"\n\t\t\t\t\t\t      data-value=\"3\"\n\t\t\t\t\t\t      data-animation-duration=\"3500\"\n\t\t\t\t\t\t\t  data-style=\"static\">0<\/span>\n\t\t\t\t\t\t\t\t\t\t\t\t\t\t\t\t\t<\/div>\n\n\t\t\t\t\t<h3 class=\"funfact-title\">sub-prefectures<\/h3>\t\t\t\t\t\t\t\t<\/div>\n\t\t<\/div>\n\t\t<\/div>\n\n\n\t\t<\/div>\t\t\t\t<\/div>\n\t\t\t\t<\/div>\n\t\t\t\t<div class=\"elementor-element elementor-element-575bd162 elementor-widget elementor-widget-elementskit-funfact\" data-id=\"575bd162\" data-element_type=\"widget\" data-e-type=\"widget\" data-widget_type=\"elementskit-funfact.default\">\n\t\t\t\t<div class=\"elementor-widget-container\">\n\t\t\t\t\t<div class=\"ekit-wid-con\" >\n\t\t<div class=\"elementskit-funfact text-center\">\n\t\t\t\n\t\t\t<div class=\"elementskit-funfact-inner position_top\">\n\t\t\t\t\t\t\t\t\t<div class=\"funfact-icon\">\n\t\t\t\t\t\t<i aria-hidden=\"true\" class=\"elementskit-funfact-icon icon icon-hourglass\"><\/i>\t\t\t\t\t<\/div>\n\t\t\t\t\n\t\t\t\t<div class=\"funfact-content\">\n\t\t\t\t\t<div class=\"number-percentage-wraper\">\n\t\t\t\t\t\t\t\t\t\t\t\t<span class=\"number-percentage\"\n\t\t\t\t\t\t      data-value=\"3\"\n\t\t\t\t\t\t      data-animation-duration=\"3500\"\n\t\t\t\t\t\t\t  data-style=\"static\">0<\/span>\n\t\t\t\t\t\t\t\t\t\t\t\t\t\t\t\t\t<\/div>\n\n\t\t\t\t\t<h3 class=\"funfact-title\">Days<\/h3>\t\t\t\t\t\t\t\t<\/div>\n\t\t<\/div>\n\t\t<\/div>\n\n\n\t\t<\/div>\t\t\t\t<\/div>\n\t\t\t\t<\/div>\n\t\t\t\t<\/div>\n\t\t\t\t\t<\/div>\n\t\t\t\t<\/div>\n\t\t<div class=\"elementor-element elementor-element-795ebf36 e-flex e-con-boxed e-con e-parent\" data-id=\"795ebf36\" data-element_type=\"container\" data-e-type=\"container\" id=\"galerie\">\n\t\t\t\t\t<div class=\"e-con-inner\">\n\t\t\t\t<div class=\"elementor-element elementor-element-3d841a02 elementor-widget elementor-widget-heading\" data-id=\"3d841a02\" data-element_type=\"widget\" data-e-type=\"widget\" data-widget_type=\"heading.default\">\n\t\t\t\t<div class=\"elementor-widget-container\">\n\t\t\t\t\t<h2 class=\"elementor-heading-title elementor-size-default\">Gallery<\/h2>\t\t\t\t<\/div>\n\t\t\t\t<\/div>\n\t\t\t\t<div class=\"elementor-element elementor-element-6efa71e elementor-widget elementor-widget-ucaddon_uc_tiles_grid_image\" data-id=\"6efa71e\" data-element_type=\"widget\" data-e-type=\"widget\" data-widget_type=\"ucaddon_uc_tiles_grid_image.default\">\n\t\t\t\t<div class=\"elementor-widget-container\">\n\t\t\t\t\t\n<!-- start Tile Gallery -->\n\t\t<link id='font-awesome-css' href='https:\/\/nsi.ci\/wp-content\/plugins\/unlimited-elements-for-elementor\/assets_libraries\/font-awesome6\/fontawesome-all.min.css' type='text\/css' rel='stylesheet' >\n\t\t<link id='font-awesome-4-shim-css' href='https:\/\/nsi.ci\/wp-content\/plugins\/unlimited-elements-for-elementor\/assets_libraries\/font-awesome6\/fontawesome-v4-shims.min.css' type='text\/css' rel='stylesheet' >\n\t\t<link id='unitegallery-css' href='https:\/\/nsi.ci\/wp-content\/plugins\/unlimited-elements-for-elementor\/assets_libraries\/unitegallery\/css\/unite-gallery.css' type='text\/css' rel='stylesheet' >\n\n<style>\/* widget: Tile Gallery *\/\n\n#uc_uc_tiles_grid_image_elementor_6efa71e{\n  min-height: 1px;\n  margin:0 auto;\n  direction:ltr;\n      display: none;\n  }\n\n<\/style>\n\n<div id=\"uc_uc_tiles_grid_image_elementor_6efa71e\" class=\"uc-items-wrapper\" data-custom-sethtml=\"true\" >\n  \n<img decoding=\"async\" alt=\"3N1A4341\"\n   src=\"https:\/\/nsi.ci\/wp-content\/uploads\/2025\/06\/3N1A4341-768x1152.jpg\"\n    data-image=\"https:\/\/nsi.ci\/wp-content\/uploads\/2025\/06\/3N1A4341-683x1024.jpg\"\n    data-title=\"3N1A4341\">\n\n<img decoding=\"async\" alt=\"3N1A4389\"\n   src=\"https:\/\/nsi.ci\/wp-content\/uploads\/2025\/06\/3N1A4389-768x1152.jpg\"\n    data-image=\"https:\/\/nsi.ci\/wp-content\/uploads\/2025\/06\/3N1A4389-683x1024.jpg\"\n    data-title=\"3N1A4389\">\n\n<img decoding=\"async\" alt=\"3N1A4311\"\n   src=\"https:\/\/nsi.ci\/wp-content\/uploads\/2025\/06\/3N1A4311-768x512.jpg\"\n    data-image=\"https:\/\/nsi.ci\/wp-content\/uploads\/2025\/06\/3N1A4311-1024x683.jpg\"\n    data-title=\"3N1A4311\">\n\n<img decoding=\"async\" alt=\"3N1A4238\"\n   src=\"https:\/\/nsi.ci\/wp-content\/uploads\/2025\/06\/3N1A4238-768x1152.jpg\"\n    data-image=\"https:\/\/nsi.ci\/wp-content\/uploads\/2025\/06\/3N1A4238-683x1024.jpg\"\n    data-title=\"3N1A4238\">\n\n<img decoding=\"async\" alt=\"3N1A4212\"\n   src=\"https:\/\/nsi.ci\/wp-content\/uploads\/2025\/06\/3N1A4212-768x512.jpg\"\n    data-image=\"https:\/\/nsi.ci\/wp-content\/uploads\/2025\/06\/3N1A4212-1024x683.jpg\"\n    data-title=\"3N1A4212\">\n\n<img decoding=\"async\" alt=\"3N1A4232\"\n   src=\"https:\/\/nsi.ci\/wp-content\/uploads\/2025\/06\/3N1A4232-768x1152.jpg\"\n    data-image=\"https:\/\/nsi.ci\/wp-content\/uploads\/2025\/06\/3N1A4232-683x1024.jpg\"\n    data-title=\"3N1A4232\">\n\n<img decoding=\"async\" alt=\"3N1A4064\"\n   src=\"https:\/\/nsi.ci\/wp-content\/uploads\/2025\/06\/3N1A4064-768x512.jpg\"\n    data-image=\"https:\/\/nsi.ci\/wp-content\/uploads\/2025\/06\/3N1A4064-1024x683.jpg\"\n    data-title=\"3N1A4064\">\n\n<img decoding=\"async\" alt=\"3N1A4080\"\n   src=\"https:\/\/nsi.ci\/wp-content\/uploads\/2025\/06\/3N1A4080-768x512.jpg\"\n    data-image=\"https:\/\/nsi.ci\/wp-content\/uploads\/2025\/06\/3N1A4080-1024x683.jpg\"\n    data-title=\"3N1A4080\">\n\n<img decoding=\"async\" alt=\"3N1A4203\"\n   src=\"https:\/\/nsi.ci\/wp-content\/uploads\/2025\/06\/3N1A4203-768x1152.jpg\"\n    data-image=\"https:\/\/nsi.ci\/wp-content\/uploads\/2025\/06\/3N1A4203-683x1024.jpg\"\n    data-title=\"3N1A4203\">\n\n<img decoding=\"async\" alt=\"3N1A3984\"\n   src=\"https:\/\/nsi.ci\/wp-content\/uploads\/2025\/06\/3N1A3984-768x512.jpg\"\n    data-image=\"https:\/\/nsi.ci\/wp-content\/uploads\/2025\/06\/3N1A3984-1024x683.jpg\"\n    data-title=\"3N1A3984\">\n\n<img decoding=\"async\" alt=\"3N1A4037\"\n   src=\"https:\/\/nsi.ci\/wp-content\/uploads\/2025\/06\/3N1A4037-768x512.jpg\"\n    data-image=\"https:\/\/nsi.ci\/wp-content\/uploads\/2025\/06\/3N1A4037-1024x683.jpg\"\n    data-title=\"3N1A4037\">\n\n<img decoding=\"async\" alt=\"3N1A4055\"\n   src=\"https:\/\/nsi.ci\/wp-content\/uploads\/2025\/06\/3N1A4055-768x512.jpg\"\n    data-image=\"https:\/\/nsi.ci\/wp-content\/uploads\/2025\/06\/3N1A4055-1024x683.jpg\"\n    data-title=\"3N1A4055\">\n\n<img decoding=\"async\" alt=\"3N1A4062\"\n   src=\"https:\/\/nsi.ci\/wp-content\/uploads\/2025\/06\/3N1A4062-768x512.jpg\"\n    data-image=\"https:\/\/nsi.ci\/wp-content\/uploads\/2025\/06\/3N1A4062-1024x683.jpg\"\n    data-title=\"3N1A4062\">\n\n<img decoding=\"async\" alt=\"3N1A3848\"\n   src=\"https:\/\/nsi.ci\/wp-content\/uploads\/2025\/06\/3N1A3848-768x512.jpg\"\n    data-image=\"https:\/\/nsi.ci\/wp-content\/uploads\/2025\/06\/3N1A3848-1024x683.jpg\"\n    data-title=\"3N1A3848\">\n\n<img decoding=\"async\" alt=\"3N1A3851\"\n   src=\"https:\/\/nsi.ci\/wp-content\/uploads\/2025\/06\/3N1A3851-768x512.jpg\"\n    data-image=\"https:\/\/nsi.ci\/wp-content\/uploads\/2025\/06\/3N1A3851-1024x683.jpg\"\n    data-title=\"3N1A3851\">\n\n<img decoding=\"async\" alt=\"3N1A3951\"\n   src=\"https:\/\/nsi.ci\/wp-content\/uploads\/2025\/06\/3N1A3951-768x512.jpg\"\n    data-image=\"https:\/\/nsi.ci\/wp-content\/uploads\/2025\/06\/3N1A3951-1024x683.jpg\"\n    data-title=\"3N1A3951\">\n\n<img decoding=\"async\" alt=\"3N1A3788\"\n   src=\"https:\/\/nsi.ci\/wp-content\/uploads\/2025\/06\/3N1A3788-768x512.jpg\"\n    data-image=\"https:\/\/nsi.ci\/wp-content\/uploads\/2025\/06\/3N1A3788-1024x683.jpg\"\n    data-title=\"3N1A3788\">\n\n<img decoding=\"async\" alt=\"3N1A3804\"\n   src=\"https:\/\/nsi.ci\/wp-content\/uploads\/2025\/06\/3N1A3804-768x512.jpg\"\n    data-image=\"https:\/\/nsi.ci\/wp-content\/uploads\/2025\/06\/3N1A3804-1024x683.jpg\"\n    data-title=\"3N1A3804\">\n\n<img decoding=\"async\" alt=\"3N1A3806\"\n   src=\"https:\/\/nsi.ci\/wp-content\/uploads\/2025\/06\/3N1A3806-768x512.jpg\"\n    data-image=\"https:\/\/nsi.ci\/wp-content\/uploads\/2025\/06\/3N1A3806-1024x683.jpg\"\n    data-title=\"3N1A3806\">\n\n<img decoding=\"async\" alt=\"3N1A3750\"\n   src=\"https:\/\/nsi.ci\/wp-content\/uploads\/2025\/06\/3N1A3750-768x512.jpg\"\n    data-image=\"https:\/\/nsi.ci\/wp-content\/uploads\/2025\/06\/3N1A3750-1024x683.jpg\"\n    data-title=\"3N1A3750\">\n\n<img decoding=\"async\" alt=\"3N1A3752\"\n   src=\"https:\/\/nsi.ci\/wp-content\/uploads\/2025\/06\/3N1A3752-768x512.jpg\"\n    data-image=\"https:\/\/nsi.ci\/wp-content\/uploads\/2025\/06\/3N1A3752-1024x683.jpg\"\n    data-title=\"3N1A3752\">\n\n<img decoding=\"async\" alt=\"3N1A3755\"\n   src=\"https:\/\/nsi.ci\/wp-content\/uploads\/2025\/06\/3N1A3755-768x512.jpg\"\n    data-image=\"https:\/\/nsi.ci\/wp-content\/uploads\/2025\/06\/3N1A3755-1024x683.jpg\"\n    data-title=\"3N1A3755\">\n\n<img decoding=\"async\" alt=\"3N1A3782\"\n   src=\"https:\/\/nsi.ci\/wp-content\/uploads\/2025\/06\/3N1A3782-768x512.jpg\"\n    data-image=\"https:\/\/nsi.ci\/wp-content\/uploads\/2025\/06\/3N1A3782-1024x683.jpg\"\n    data-title=\"3N1A3782\">\n\n<img decoding=\"async\" alt=\"3N1A3744\"\n   src=\"https:\/\/nsi.ci\/wp-content\/uploads\/2025\/06\/3N1A3744-768x512.jpg\"\n    data-image=\"https:\/\/nsi.ci\/wp-content\/uploads\/2025\/06\/3N1A3744-1024x683.jpg\"\n    data-title=\"3N1A3744\">\n\n<img decoding=\"async\" alt=\"3N1A3746\"\n   src=\"https:\/\/nsi.ci\/wp-content\/uploads\/2025\/06\/3N1A3746-768x512.jpg\"\n    data-image=\"https:\/\/nsi.ci\/wp-content\/uploads\/2025\/06\/3N1A3746-1024x683.jpg\"\n    data-title=\"3N1A3746\">\n  \n<\/div>\n<!-- end Tile Gallery -->\t\t\t\t<\/div>\n\t\t\t\t<\/div>\n\t\t\t\t\t<\/div>\n\t\t\t\t<\/div>\n\t\t\t\t<\/div>","protected":false},"excerpt":{"rendered":"<p>Pr\u00e9sentation https:\/\/www.youtube.com\/watch?v=RhhWseJldaY Le MORI-SAWARILA est l\u2019\u00e9v\u00e8nement majeur qui rythme la vie des Maraba. Il r\u00e9unit chaque ann\u00e9e le jour du Ramadan les Marabas vivant \u00e0 Marabadjassa en c\u00f4te d&rsquo;Ivoire, ceux de la diaspora et les alli\u00e9es. C\u2019est un festival qui valorise les richesses culturelles et le vivre ensemble. Le Mori-Sawarila est une danse guerri\u00e8re effectu\u00e9e [&hellip;]<\/p>\n","protected":false},"author":2,"featured_media":0,"parent":0,"menu_order":0,"comment_status":"closed","ping_status":"closed","template":"","meta":{"_seopress_robots_primary_cat":"","_seopress_titles_title":"","_seopress_titles_desc":"","_seopress_robots_index":"","footnotes":""},"class_list":["post-95","page","type-page","status-publish","hentry"],"_links":{"self":[{"href":"https:\/\/nsi.ci\/en\/wp-json\/wp\/v2\/pages\/95","targetHints":{"allow":["GET"]}}],"collection":[{"href":"https:\/\/nsi.ci\/en\/wp-json\/wp\/v2\/pages"}],"about":[{"href":"https:\/\/nsi.ci\/en\/wp-json\/wp\/v2\/types\/page"}],"author":[{"embeddable":true,"href":"https:\/\/nsi.ci\/en\/wp-json\/wp\/v2\/users\/2"}],"replies":[{"embeddable":true,"href":"https:\/\/nsi.ci\/en\/wp-json\/wp\/v2\/comments?post=95"}],"version-history":[{"count":79,"href":"https:\/\/nsi.ci\/en\/wp-json\/wp\/v2\/pages\/95\/revisions"}],"predecessor-version":[{"id":2364,"href":"https:\/\/nsi.ci\/en\/wp-json\/wp\/v2\/pages\/95\/revisions\/2364"}],"wp:attachment":[{"href":"https:\/\/nsi.ci\/en\/wp-json\/wp\/v2\/media?parent=95"}],"curies":[{"name":"wp","href":"https:\/\/api.w.org\/{rel}","templated":true}]}}